{"id":708592,"date":"2025-08-27T16:16:10","date_gmt":"2025-08-27T13:16:10","guid":{"rendered":"https:\/\/roveyayinevi.com.tr\/index.php\/urun\/sosyal-demokrasi-ve-din\/"},"modified":"2026-04-16T02:17:29","modified_gmt":"2026-04-15T23:17:29","slug":"sosyal-demokrasi-ve-din","status":"publish","type":"product","link":"https:\/\/roveyayinevi.com.tr\/index.php\/urun\/sosyal-demokrasi-ve-din\/","title":{"rendered":"Sosyal Demokrasi ve Din"},"content":{"rendered":"<p>Bu kitap\u00e7\u0131kta \u00f6ncelikle dinlerin temel baz\u0131 \u00f6zelliklerine dair baz\u0131 tespitler yap\u0131lm\u0131\u015ft\u0131r. Ard\u0131ndan sosyal demokrat parti ve hareketlerin ortaya \u00e7\u0131kt\u0131\u011f\u0131 19. Y\u00fczy\u0131l ko\u015fullar\u0131nda farkl\u0131 dini anlay\u0131\u015flara y\u00f6nelik bak\u0131\u015f a\u00e7\u0131lar\u0131 \u00f6zetlenmi\u015f, bu bak\u0131\u015f a\u00e7\u0131lar\u0131n\u0131n zaman ve mek\u00e2na g\u00f6re nas\u0131l de\u011fi\u015fimler ge\u00e7irdi\u011fine dair g\u00f6zlemler payla\u015f\u0131lm\u0131\u015ft\u0131r. Osmanl\u0131 modernle\u015fmesi ve din ili\u015fkisine k\u0131saca de\u011finilerek buradan Cumhuriyet&#8217;e devreden bakiye de\u011ferlendirilmi\u015ftir. Sosyal Demokrasinin d\u00fcnya ve \u00fclkemizdeki pratiklerinin \u0131\u015f\u0131\u011f\u0131nda dini anlay\u0131\u015flara nas\u0131l yakla\u015f\u0131lmas\u0131 gerekti\u011fi konusunda \u00f6neriler sunulmu\u015ftur. <\/p>\n","protected":false},"excerpt":{"rendered":"<p>Bu kitap\u00e7\u0131kta \u00f6ncelikle dinlerin temel baz\u0131 \u00f6zelliklerine dair baz\u0131 tespitler yap\u0131lm\u0131\u015ft\u0131r. Ard\u0131ndan sosyal demokrat parti ve hareketlerin ortaya \u00e7\u0131kt\u0131\u011f\u0131 19. Y\u00fczy\u0131l ko\u015fullar\u0131nda farkl\u0131 dini anlay\u0131\u015flara y\u00f6nelik<span class=\"excerpt-hellip\"> [\u2026]<\/span><\/p>\n","protected":false},"featured_media":0,"template":"","meta":{"_monsterinsights_skip_tracking":false,"_monsterinsights_sitenote_active":false,"_monsterinsights_sitenote_note":"","_monsterinsights_sitenote_category":0},"product_brand":[],"product_cat":[13590,12337],"product_tag":[],"class_list":{"0":"post-708592","1":"product","2":"type-product","3":"status-publish","5":"product_cat-arastirma-inceleme-politika-siyaset","6":"product_cat-politika-siyaset","7":"pa_cilt-ciltsiz","8":"pa_tur-kitap","9":"pa_yayinevi-alabanda-yayin","10":"pa_yazar-yuksel-taskin","12":"first","13":"instock","14":"sale","15":"shipping-taxable","16":"purchasable","17":"product-type-simple"},"_links":{"self":[{"href":"https:\/\/roveyayinevi.com.tr\/index.php\/wp-json\/wp\/v2\/product\/708592","targetHints":{"allow":["GET"]}}],"collection":[{"href":"https:\/\/roveyayinevi.com.tr\/index.php\/wp-json\/wp\/v2\/product"}],"about":[{"href":"https:\/\/roveyayinevi.com.tr\/index.php\/wp-json\/wp\/v2\/types\/product"}],"wp:attachment":[{"href":"https:\/\/roveyayinevi.com.tr\/index.php\/wp-json\/wp\/v2\/media?parent=708592"}],"wp:term":[{"taxonomy":"product_brand","embeddable":true,"href":"https:\/\/roveyayinevi.com.tr\/index.php\/wp-json\/wp\/v2\/product_brand?post=708592"},{"taxonomy":"product_cat","embeddable":true,"href":"https:\/\/roveyayinevi.com.tr\/index.php\/wp-json\/wp\/v2\/product_cat?post=708592"},{"taxonomy":"product_tag","embeddable":true,"href":"https:\/\/roveyayinevi.com.tr\/index.php\/wp-json\/wp\/v2\/product_tag?post=708592"}],"curies":[{"name":"wp","href":"https:\/\/api.w.org\/{rel}","templated":true}]}}