{"id":708591,"date":"2025-08-27T16:16:10","date_gmt":"2025-08-27T13:16:10","guid":{"rendered":"https:\/\/roveyayinevi.com.tr\/index.php\/urun\/nasreddin-hoca-dunyanin-gulen-yuzu\/"},"modified":"2026-04-16T02:17:29","modified_gmt":"2026-04-15T23:17:29","slug":"nasreddin-hoca-dunyanin-gulen-yuzu","status":"publish","type":"product","link":"https:\/\/roveyayinevi.com.tr\/index.php\/urun\/nasreddin-hoca-dunyanin-gulen-yuzu\/","title":{"rendered":"Nasreddin Hoca D\u00fcnya\u2019n\u0131n G\u00fclen Y\u00fcz\u00fc"},"content":{"rendered":"<p>Nasreddin Hoca f\u0131kralar\u0131, edebiyat\u0131m\u0131z\u0131n ve k\u00fclt\u00fcrel etkile\u015fim saham\u0131z\u0131n b\u00fct\u00fcn f\u0131kra tipleri dikkate al\u0131nd\u0131\u011f\u0131nda en yayg\u0131n \u00fcne ve etkiye sahip anlatmalar olarak \u00f6ne \u00e7\u0131karlar. Platon\u2019dan Bergson\u2019a g\u00fclme \u00fczerine d\u00fc\u015f\u00fcnenlerin s\u00f6yledikleri Hocam\u0131z\u0131n f\u0131kralar\u0131nda i\u00e7kindir. Platon\u2019a g\u00f6re; kendini \u00e7irkinken g\u00fczel, korkakken cesur sanmak, yoksulken zenginlik, bilgisizken bilgi\u00e7lik taslamak gibi yeteneklerini kestirememe ve haddini bilmeme gibi kusurlar g\u00fcl\u00fcn\u00e7t\u00fcr. Bergson ise g\u00fclmeyi insanlar\u0131n grup halinde toplanarak, b\u00fct\u00fcn dikkatlerini, duygular\u0131n\u0131 susturup sadece zek\u00e2lar\u0131n\u0131 i\u015fletmek suretiyle, aralar\u0131ndan birisi \u00fczerinde toplamalar\u0131ndan do\u011far, diye tariflemektedir. G\u00fclme, zek\u00e2 ile ili\u015fkili g\u00f6r\u00fclm\u00fc\u015ft\u00fcr. Hocam\u0131z\u0131n f\u0131kralar\u0131nda da zek\u00e2 par\u0131lt\u0131s\u0131, d\u00fczeltici bir i\u015flev g\u00f6rmektedir. Bergson\u2019a g\u00f6re, toplum taraf\u0131ndan toplum d\u0131\u015f\u0131 bireye verilen d\u00fczeltici cezad\u0131r. G\u00fclmede her zaman a\u00e7\u0131k\u00e7a ifade edilmeyen, kom\u015fumuzu a\u015fa\u011f\u0131lama ve bunun sonucunda da onu d\u00fczeltme amac\u0131n\u0131 g\u00f6r\u00fcr\u00fcz, diye a\u00e7\u0131klamaktad\u0131r. Hocam\u0131z\u0131n f\u0131kralar\u0131nda di\u011ferlerinin kusurlar\u0131n\u0131n bunalt\u0131c\u0131 etkisi ince bir alayla ya da zekici bir \u00e7\u0131k\u0131\u015fla kar\u015f\u0131la\u015fmaktad\u0131r. Bu y\u00fczden Nasreddin Hocam\u0131z\u0131n f\u0131kralar\u0131na ortak, toplumsalla\u015fm\u0131\u015f g\u00fcl\u00fc\u015f de diyebiliriz. Hocam\u0131z\u0131n f\u0131kralar\u0131, g\u00fc\u00e7l\u00fcn\u00fcn kar\u015f\u0131s\u0131nda korkuyu, mesafeyi ortadan kald\u0131ran, hilebaz\u0131n, g\u00f6z\u00fc a\u00e7\u0131k ge\u00e7inenin maskesini d\u00fc\u015f\u00fcren, bazen kendisi ile de alay eden bir somutluk i\u00e7erir. Bu y\u00fczden Nasreddin Hoca, d\u00fcnyan\u0131n g\u00fclen y\u00fcz\u00fcd\u00fcr. <\/p>\n","protected":false},"excerpt":{"rendered":"<p>Nasreddin Hoca f\u0131kralar\u0131, edebiyat\u0131m\u0131z\u0131n ve k\u00fclt\u00fcrel etkile\u015fim saham\u0131z\u0131n b\u00fct\u00fcn f\u0131kra tipleri dikkate al\u0131nd\u0131\u011f\u0131nda en yayg\u0131n \u00fcne ve etkiye sahip anlatmalar olarak \u00f6ne \u00e7\u0131karlar. Platon\u2019dan Bergson\u2019a g\u00fclme<span class=\"excerpt-hellip\"> [\u2026]<\/span><\/p>\n","protected":false},"featured_media":0,"template":"","meta":{"_monsterinsights_skip_tracking":false,"_monsterinsights_sitenote_active":false,"_monsterinsights_sitenote_note":"","_monsterinsights_sitenote_category":0},"product_brand":[],"product_cat":[12275,12274],"product_tag":[],"class_list":{"0":"post-708591","1":"product","2":"type-product","3":"status-publish","5":"product_cat-6-12-yas-kitaplari","6":"product_cat-cocuk-ve-genclik-kitaplari","7":"pa_cilt-ciltsiz","8":"pa_tur-kitap","9":"pa_yayinevi-herdem-kitap","10":"pa_yazar-evren-julide-koc","12":"first","13":"instock","14":"sale","15":"shipping-taxable","16":"purchasable","17":"product-type-simple"},"_links":{"self":[{"href":"https:\/\/roveyayinevi.com.tr\/index.php\/wp-json\/wp\/v2\/product\/708591","targetHints":{"allow":["GET"]}}],"collection":[{"href":"https:\/\/roveyayinevi.com.tr\/index.php\/wp-json\/wp\/v2\/product"}],"about":[{"href":"https:\/\/roveyayinevi.com.tr\/index.php\/wp-json\/wp\/v2\/types\/product"}],"wp:attachment":[{"href":"https:\/\/roveyayinevi.com.tr\/index.php\/wp-json\/wp\/v2\/media?parent=708591"}],"wp:term":[{"taxonomy":"product_brand","embeddable":true,"href":"https:\/\/roveyayinevi.com.tr\/index.php\/wp-json\/wp\/v2\/product_brand?post=708591"},{"taxonomy":"product_cat","embeddable":true,"href":"https:\/\/roveyayinevi.com.tr\/index.php\/wp-json\/wp\/v2\/product_cat?post=708591"},{"taxonomy":"product_tag","embeddable":true,"href":"https:\/\/roveyayinevi.com.tr\/index.php\/wp-json\/wp\/v2\/product_tag?post=708591"}],"curies":[{"name":"wp","href":"https:\/\/api.w.org\/{rel}","templated":true}]}}