{"id":708586,"date":"2025-08-27T16:16:07","date_gmt":"2025-08-27T13:16:07","guid":{"rendered":"https:\/\/roveyayinevi.com.tr\/index.php\/urun\/piyano-albumu-anadolu-ezgileri\/"},"modified":"2026-04-16T02:17:29","modified_gmt":"2026-04-15T23:17:29","slug":"piyano-albumu-anadolu-ezgileri","status":"publish","type":"product","link":"https:\/\/roveyayinevi.com.tr\/index.php\/urun\/piyano-albumu-anadolu-ezgileri\/","title":{"rendered":"Piyano Alb\u00fcm\u00fc &#8211; Anadolu Ezgileri"},"content":{"rendered":"<p>Piyano Alb\u00fcm\u00fc Anadolu Ezgileri Piyano Alb\u00fcm\u00fc \u2013 Anadolu Ezgileri, geleneksel m\u00fcziklerimiz arac\u0131l\u0131\u011f\u0131yla piyano \u00e7alma becerilerini geli\u015ftirmek i\u00e7in, ba\u015flang\u0131\u00e7 ve daha ileri pek \u00e7ok farkl\u0131 d\u00fczeyden piyano \u00f6\u011frencisinin kullan\u0131m\u0131 ama\u00e7lanarak haz\u0131rlanm\u0131\u015ft\u0131r. Di\u011fer kitaplardan farkl\u0131 olarak, geleneksel m\u00fcziklerimize dayal\u0131 \u00e7ok say\u0131da beste ve d\u00fczenlemeden olu\u015fan \u00f6zg\u00fcn ve e\u015fsiz bir kaynakt\u0131r.   Piyano e\u011fitimcilerinin \u00f6zellikle konser etkinliklerinde kullanabilecekleri bu alb\u00fcm, \u00fc\u00e7 seviye g\u00f6z \u00f6n\u00fcnde bulundurularak olu\u015fturulmu\u015ftur. Ba\u015flang\u0131\u00e7 d\u00fczeyinde temel davran\u0131\u015flar\u0131 kazand\u0131rabilmek i\u00e7in, \u201corta do\u201d pozisyonu ve di\u011fer pozisyonlara uygun \u201ck\u00fc\u00e7\u00fck tonal ve makamsal\u201d par\u00e7alar se\u00e7ilmi\u015f, di\u011fer seviyelerde ise \u00e7e\u015fitli ton, makam ve \u00f6l\u00e7\u00fclerde yaz\u0131lm\u0131\u015f \u00e7ok say\u0131da piyano par\u00e7as\u0131na yer verilmi\u015ftir.   Ezgisel, ritimsel ve co\u011frafi \u00e7e\u015fitlilik a\u00e7\u0131s\u0131ndan zengin bir i\u00e7eri\u011fe sahip olmas\u0131na \u00f6zen g\u00f6sterilen bu kaynak, hi\u00e7 \u015f\u00fcphe yok ki pek \u00e7ok farkl\u0131 seviyeden \u00f6\u011frencinin piyano e\u011fitimine \u00f6nemli katk\u0131 sa\u011flayacakt\u0131r.   Yararl\u0131 ve e\u011flenceli olmas\u0131 dile\u011fiyle\u2026 <\/p>\n","protected":false},"excerpt":{"rendered":"<p>Piyano Alb\u00fcm\u00fc Anadolu Ezgileri Piyano Alb\u00fcm\u00fc \u2013 Anadolu Ezgileri, geleneksel m\u00fcziklerimiz arac\u0131l\u0131\u011f\u0131yla piyano \u00e7alma becerilerini geli\u015ftirmek i\u00e7in, ba\u015flang\u0131\u00e7 ve daha ileri pek \u00e7ok farkl\u0131 d\u00fczeyden piyano<span class=\"excerpt-hellip\"> [\u2026]<\/span><\/p>\n","protected":false},"featured_media":0,"template":"","meta":{"_monsterinsights_skip_tracking":false,"_monsterinsights_sitenote_active":false,"_monsterinsights_sitenote_note":"","_monsterinsights_sitenote_category":0},"product_brand":[],"product_cat":[12274,12649],"product_tag":[],"class_list":{"0":"post-708586","1":"product","2":"type-product","3":"status-publish","5":"product_cat-cocuk-ve-genclik-kitaplari","6":"product_cat-hobi-muzik","7":"pa_cilt-ciltsiz","8":"pa_tur-kitap","9":"pa_yayinevi-arkadas-yayinlari-muzik-kitaplari","10":"pa_yazar-erdal-tugcular","12":"first","13":"instock","14":"sale","15":"shipping-taxable","16":"purchasable","17":"product-type-simple"},"_links":{"self":[{"href":"https:\/\/roveyayinevi.com.tr\/index.php\/wp-json\/wp\/v2\/product\/708586","targetHints":{"allow":["GET"]}}],"collection":[{"href":"https:\/\/roveyayinevi.com.tr\/index.php\/wp-json\/wp\/v2\/product"}],"about":[{"href":"https:\/\/roveyayinevi.com.tr\/index.php\/wp-json\/wp\/v2\/types\/product"}],"wp:attachment":[{"href":"https:\/\/roveyayinevi.com.tr\/index.php\/wp-json\/wp\/v2\/media?parent=708586"}],"wp:term":[{"taxonomy":"product_brand","embeddable":true,"href":"https:\/\/roveyayinevi.com.tr\/index.php\/wp-json\/wp\/v2\/product_brand?post=708586"},{"taxonomy":"product_cat","embeddable":true,"href":"https:\/\/roveyayinevi.com.tr\/index.php\/wp-json\/wp\/v2\/product_cat?post=708586"},{"taxonomy":"product_tag","embeddable":true,"href":"https:\/\/roveyayinevi.com.tr\/index.php\/wp-json\/wp\/v2\/product_tag?post=708586"}],"curies":[{"name":"wp","href":"https:\/\/api.w.org\/{rel}","templated":true}]}}