{"id":708584,"date":"2025-08-27T16:16:06","date_gmt":"2025-08-27T13:16:06","guid":{"rendered":"https:\/\/roveyayinevi.com.tr\/index.php\/urun\/bir-birey-nasil-yasayabilir-deleuze\/"},"modified":"2026-04-16T02:17:29","modified_gmt":"2026-04-15T23:17:29","slug":"bir-birey-nasil-yasayabilir-deleuze","status":"publish","type":"product","link":"https:\/\/roveyayinevi.com.tr\/index.php\/urun\/bir-birey-nasil-yasayabilir-deleuze\/","title":{"rendered":"Bir Birey Nas\u0131l Ya\u015fayabilir- Deleuze"},"content":{"rendered":"<p>Derin bir ger\u00e7eklik krizi i\u00e7indeyiz. Bildiklerimiz, yarg\u0131lar\u0131m\u0131z ve kavramlar\u0131m\u0131z bu krizi a\u015fmam\u0131za yetmedi\u011fi gibi onun giderek \u015fiddetlenmesine neden oluyor. Peki her \u015feyi bilgiye d\u00f6n\u00fc\u015ft\u00fcrmek yerine d\u00fcnyay\u0131 tecr\u00fcbe etmenin farkl\u0131 yollar\u0131n\u0131 bulamaz m\u0131y\u0131z? Ya\u015fam\u0131 yarg\u0131lamaktansa onu geli\u015ftirecek yeni imkanlar\u0131n pe\u015fine d\u00fc\u015femez miyiz? Ya\u015fam\u0131 nas\u0131l kavrad\u0131\u011f\u0131m\u0131zla nas\u0131l bir ya\u015fam s\u00fcrd\u00fcrd\u00fc\u011f\u00fcm\u00fcz aras\u0131ndaki ili\u015fkinin a\u00e7\u0131\u011fa \u00e7\u0131kar\u0131lmas\u0131, bu ger\u00e7eklik krizini a\u015fman\u0131n yollar\u0131ndan biri olabilir mi?Todd May\u2019in Deleuze incelemesi, ger\u00e7ekli\u011fin yeni ifade bi\u00e7imlerini etik, politik ve ontolojik d\u00fczeylerde ara\u015ft\u0131ran \u00e7arp\u0131c\u0131 hamleler yap\u0131yor. Bu hamlelerin merkezindeyse ontolojimizle g\u00fcndelik hayat\u0131m\u0131z aras\u0131nda kenetlenmi\u015f bir ili\u015fki oldu\u011fu sav\u0131 yer al\u0131yor.Todd May\u2019e g\u00f6re varl\u0131k t\u0131pk\u0131 origami sanat\u0131nda oldu\u011fu gibi d\u0131\u015far\u0131dan bir m\u00fcdahale olmaks\u0131z\u0131n k\u0131vr\u0131lma ve a\u00e7\u0131lma s\u00fcre\u00e7lerinden ge\u00e7erek olu\u015f \u00e7izgileriyle kurulur. Her \u00e7izgi t\u00fcketilemez bir g\u00fc\u00e7t\u00fcr; art\u0131k kar\u015f\u0131m\u0131zda \u00f6zde\u015fliklerden kurulu bir d\u00fcnya de\u011fil, yarat\u0131lmas\u0131 gereken \u00e7izgiler taraf\u0131ndan katedilen bir g\u00fc\u00e7ler ala\u015f\u0131m\u0131 vard\u0131r. Olu\u015f h\u00e2lindeyiz, t\u0131pk\u0131 di\u011fer her \u015fey gibi k\u0131vr\u0131l\u0131p a\u00e7\u0131l\u0131yor ve yeniden k\u0131vr\u0131l\u0131yoruz. D\u00fc\u015f\u00fcncelerimiz, de\u011ferlerimiz ve d\u00fcnyam\u0131z da bununla y\u00fczle\u015fmek zorunda. Ba\u015fka bir ya\u015fam ihtimali tam da burada sakl\u0131 olabilir mi? Todd May, Gilles Deleuze felsefesinin i\u00e7kinlik, s\u00fcre ve olumlama sorunlar\u0131yla \u00f6r\u00fclen ya\u015fam d\u00fc\u015f\u00fcncesinin izlerini s\u00fcr\u00fcyor. <\/p>\n","protected":false},"excerpt":{"rendered":"<p>Derin bir ger\u00e7eklik krizi i\u00e7indeyiz. Bildiklerimiz, yarg\u0131lar\u0131m\u0131z ve kavramlar\u0131m\u0131z bu krizi a\u015fmam\u0131za yetmedi\u011fi gibi onun giderek \u015fiddetlenmesine neden oluyor. Peki her \u015feyi bilgiye d\u00f6n\u00fc\u015ft\u00fcrmek yerine d\u00fcnyay\u0131<span class=\"excerpt-hellip\"> [\u2026]<\/span><\/p>\n","protected":false},"featured_media":0,"template":"","meta":{"_monsterinsights_skip_tracking":false,"_monsterinsights_sitenote_active":false,"_monsterinsights_sitenote_note":"","_monsterinsights_sitenote_category":0},"product_brand":[],"product_cat":[12388,13555],"product_tag":[],"class_list":{"0":"post-708584","1":"product","2":"type-product","3":"status-publish","5":"product_cat-felsefe","6":"product_cat-genel-felsefe","7":"pa_cilt-ciltsiz","8":"pa_tur-kitap","9":"pa_yayinevi-kolektif-kitap","10":"pa_yazar-todd-may","12":"first","13":"instock","14":"sale","15":"shipping-taxable","16":"purchasable","17":"product-type-simple"},"_links":{"self":[{"href":"https:\/\/roveyayinevi.com.tr\/index.php\/wp-json\/wp\/v2\/product\/708584","targetHints":{"allow":["GET"]}}],"collection":[{"href":"https:\/\/roveyayinevi.com.tr\/index.php\/wp-json\/wp\/v2\/product"}],"about":[{"href":"https:\/\/roveyayinevi.com.tr\/index.php\/wp-json\/wp\/v2\/types\/product"}],"wp:attachment":[{"href":"https:\/\/roveyayinevi.com.tr\/index.php\/wp-json\/wp\/v2\/media?parent=708584"}],"wp:term":[{"taxonomy":"product_brand","embeddable":true,"href":"https:\/\/roveyayinevi.com.tr\/index.php\/wp-json\/wp\/v2\/product_brand?post=708584"},{"taxonomy":"product_cat","embeddable":true,"href":"https:\/\/roveyayinevi.com.tr\/index.php\/wp-json\/wp\/v2\/product_cat?post=708584"},{"taxonomy":"product_tag","embeddable":true,"href":"https:\/\/roveyayinevi.com.tr\/index.php\/wp-json\/wp\/v2\/product_tag?post=708584"}],"curies":[{"name":"wp","href":"https:\/\/api.w.org\/{rel}","templated":true}]}}