{"id":708582,"date":"2025-08-27T16:16:05","date_gmt":"2025-08-27T13:16:05","guid":{"rendered":"https:\/\/roveyayinevi.com.tr\/index.php\/urun\/terorizm-mi-direnis-mi-kitle-toplumlari-caginda-bir-sozluk-karmasasina-dair\/"},"modified":"2026-04-16T02:17:29","modified_gmt":"2026-04-15T23:17:29","slug":"terorizm-mi-direnis-mi-kitle-toplumlari-caginda-bir-sozluk-karmasasina-dair","status":"publish","type":"product","link":"https:\/\/roveyayinevi.com.tr\/index.php\/urun\/terorizm-mi-direnis-mi-kitle-toplumlari-caginda-bir-sozluk-karmasasina-dair\/","title":{"rendered":"TER\u00d6R\u0130ZM M\u0130? D\u0130REN\u0130\u015e M\u0130? Kitle Toplumlar\u0131 \u00c7a\u011f\u0131nda Bir S\u00f6zl\u00fck Karma\u015fas\u0131na Dair"},"content":{"rendered":"<p>\u201cTer\u00f6rizm paradoksu\u201dnu ya\u015f\u0131yoruz. Hepimiz hem kurban\u0131z hem de zanl\u0131. Her an herhangi bir yerde patlayacak bir bombayla \u00f6lebilir, a\u011fz\u0131m\u0131zdan \u00e7\u0131kacak en ufak itirazdan dolay\u0131 ter\u00f6rist damgas\u0131yiyebiliriz. B\u00fct\u00fcn kavramlar\u0131 buland\u0131r\u0131p dejenere etmek, her t\u00fcrden iktidar ve tahakk\u00fcm\u00fcn temel marifeti, propagandif bir ara\u00e7salla\u015ft\u0131rma ve manip\u00fclasyon y\u00f6ntemidir. Dolay\u0131s\u0131yla tahakk\u00fcm\u00fcn \u00f6ncelikle dilde kuruldu\u011funu s\u00f6yleyebiliriz.G\u00e9rard Rabinovitch, bu \u00f6zl\u00fc metninde, modern siyaset diline Frans\u0131z Devrimi s\u0131ras\u0131nda giren \u201cter\u00f6rizm\u201d ve \u201cdireni\u015f\u201din kar\u015f\u0131t temellere dayal\u0131 iki m\u00fccadele tarz\u0131 oldu\u011funu; \u0130kinci D\u00fcnya Sava\u015f\u0131\u2019ndaki direni\u015flere, tarihsel, antropolojik ve sosyolojik kaynaklara ba\u015fvurarak, Sokrates, Arendt, Adorno, Benjamin, Camus, Narodnikler, Frans\u0131z Direni\u015f\u00e7ileri gibi farkl\u0131 d\u00fc\u015f\u00fcn\u00fcr ve eylemcilerden yola \u00e7\u0131karak irdeliyor. Silahl\u0131 bi\u00e7imlerinde dahi \u201cya\u015fas\u0131n hayat!\u201d diyen, egemen libido\u2019ya engel olu\u015fturan duygusal ve etik birinsanl\u0131k haline i\u015faret eden Direni\u015f\u2019in, \u0130nsan Haklar\u0131 Bildirgesi\u2019nden bu yana zorbal\u0131\u011fa ve zorbaya kar\u015f\u0131koymak anlam\u0131nda mutlak bir de\u011fer kategorisine yerle\u015fti\u011fini, siyaset felsefesi ve etik a\u00e7\u0131s\u0131ndan ta\u015f\u0131d\u0131\u011f\u0131 t\u00fcm anlamlarla birlikte ortaya koyuyor. <\/p>\n","protected":false},"excerpt":{"rendered":"<p>\u201cTer\u00f6rizm paradoksu\u201dnu ya\u015f\u0131yoruz. Hepimiz hem kurban\u0131z hem de zanl\u0131. Her an herhangi bir yerde patlayacak bir bombayla \u00f6lebilir, a\u011fz\u0131m\u0131zdan \u00e7\u0131kacak en ufak itirazdan dolay\u0131 ter\u00f6rist damgas\u0131yiyebiliriz.<span class=\"excerpt-hellip\"> [\u2026]<\/span><\/p>\n","protected":false},"featured_media":0,"template":"","meta":{"_monsterinsights_skip_tracking":false,"_monsterinsights_sitenote_active":false,"_monsterinsights_sitenote_note":"","_monsterinsights_sitenote_category":0},"product_brand":[],"product_cat":[12337,14543],"product_tag":[],"class_list":{"0":"post-708582","1":"product","2":"type-product","3":"status-publish","5":"product_cat-politika-siyaset","6":"product_cat-turkiye-siyaseti-ve-politikasi","7":"pa_cilt-ciltsiz","8":"pa_tur-kitap","9":"pa_yayinevi-sel-yayincilik","10":"pa_yazar-gerard-rabinovitch","12":"first","13":"instock","14":"sale","15":"shipping-taxable","16":"purchasable","17":"product-type-simple"},"_links":{"self":[{"href":"https:\/\/roveyayinevi.com.tr\/index.php\/wp-json\/wp\/v2\/product\/708582","targetHints":{"allow":["GET"]}}],"collection":[{"href":"https:\/\/roveyayinevi.com.tr\/index.php\/wp-json\/wp\/v2\/product"}],"about":[{"href":"https:\/\/roveyayinevi.com.tr\/index.php\/wp-json\/wp\/v2\/types\/product"}],"wp:attachment":[{"href":"https:\/\/roveyayinevi.com.tr\/index.php\/wp-json\/wp\/v2\/media?parent=708582"}],"wp:term":[{"taxonomy":"product_brand","embeddable":true,"href":"https:\/\/roveyayinevi.com.tr\/index.php\/wp-json\/wp\/v2\/product_brand?post=708582"},{"taxonomy":"product_cat","embeddable":true,"href":"https:\/\/roveyayinevi.com.tr\/index.php\/wp-json\/wp\/v2\/product_cat?post=708582"},{"taxonomy":"product_tag","embeddable":true,"href":"https:\/\/roveyayinevi.com.tr\/index.php\/wp-json\/wp\/v2\/product_tag?post=708582"}],"curies":[{"name":"wp","href":"https:\/\/api.w.org\/{rel}","templated":true}]}}