{"id":708581,"date":"2025-08-27T16:16:05","date_gmt":"2025-08-27T13:16:05","guid":{"rendered":"https:\/\/roveyayinevi.com.tr\/index.php\/urun\/hapishane-cagi-kapatilan-insan\/"},"modified":"2026-04-16T02:17:29","modified_gmt":"2026-04-15T23:17:29","slug":"hapishane-cagi-kapatilan-insan","status":"publish","type":"product","link":"https:\/\/roveyayinevi.com.tr\/index.php\/urun\/hapishane-cagi-kapatilan-insan\/","title":{"rendered":"HAP\u0130SHANE \u00c7A\u011eI Kapat\u0131lan \u0130nsan"},"content":{"rendered":"<p>T\u0131pk\u0131 okul ve k\u0131\u015fla gibi, muktedirin ideolojik yap\u0131s\u0131n\u0131 b\u00fct\u00fcn \u00e7\u0131plakl\u0131\u011f\u0131yla yans\u0131tt\u0131\u011f\u0131 hapishane, yukar\u0131dan a\u015fa\u011f\u0131 \u00f6rg\u00fctlenen toplumsal \u015fiddetin hem bir par\u00e7as\u0131 hem de yeniden \u00fcreticisidir. Su\u00e7 ve su\u00e7lu kavram\u0131 y\u00fczy\u0131llar i\u00e7erisinde de\u011fi\u015fmi\u015fse de \u201ci\u00e7erdeki\u201d her zaman siyasal iktidar\u0131n d\u00fc\u015fman belledi\u011fi kesim ve s\u0131n\u0131flar olmu\u015ftur. \u201cSu\u00e7\u201dun kendisini olu\u015fturan fakt\u00f6rleri sorgulamadan normalle\u015ftirilen \u201csu\u00e7lu\u2019yu ne yapaca\u011f\u0131z\u201d sorusu ise iktidara, g\u00fcn\u00fc geldi\u011finde herhangi birimizi su\u00e7lu ilan edebilecek bir me\u015fruiyet sa\u011flar. \u00dcstelik insan\u0131, belirli bir mek\u00e2na kapatarak \u201ctedavi\u201d ya da \u201c\u0131slah\u201d edece\u011fini iddia edenlerin \u201csu\u00e7\u201dlar\u0131n\u0131 da ortadan kald\u0131r\u0131r.Cezaevlerinin tarihi \u015fiddet ve bask\u0131 kadar direni\u015fin de tarihidir. I\u015f\u0131k Erg\u00fcden, ko\u015fullar\u0131n iyile\u015ftirilmesi, somut taleplerin kar\u015f\u0131lanmas\u0131, hak ihlallerinin azalt\u0131lmas\u0131 i\u00e7in verilen m\u00fccadeleleri elbette yads\u0131madan, hapishane ve kapat\u0131lma kavram\u0131n\u0131n kendisini, hapishanesiz bir toplumu d\u00fc\u015f\u00fcnmeye; sistemin medya ve teknoloji dahil b\u00fct\u00fcn ayg\u0131tlar\u0131yla \u201cd\u0131\u015far\u0131da\u201d kapatt\u0131\u011f\u0131 insan\u0131 bir kez daha d\u00f6rt duvar\u0131n arkas\u0131na, g\u00f6r\u00fcnmezli\u011fe, hem insana hem de insans\u0131zl\u0131\u011fa mahk\u00fbm etmenin insanl\u0131k d\u0131\u015f\u0131l\u0131\u011f\u0131n\u0131 sorgulamaya \u00e7a\u011f\u0131r\u0131yor.Hapishaneye giren insan tipolojisinin giderek daha geni\u015f bir yelpazeye yay\u0131ld\u0131\u011f\u0131, neyle su\u00e7land\u0131\u011f\u0131n\u0131 bilebilmeyen insanlar\u0131n y\u0131llarca hapis yatabildi\u011fi, hukuk sisteminin yerini a\u00e7\u0131k\u00e7a bir intikam ve rehine sistemine b\u0131rakt\u0131\u011f\u0131 g\u00fcn\u00fcm\u00fczde hepimizin ihtiyac\u0131 olan bir sorgulama&#8230; <\/p>\n","protected":false},"excerpt":{"rendered":"<p>T\u0131pk\u0131 okul ve k\u0131\u015fla gibi, muktedirin ideolojik yap\u0131s\u0131n\u0131 b\u00fct\u00fcn \u00e7\u0131plakl\u0131\u011f\u0131yla yans\u0131tt\u0131\u011f\u0131 hapishane, yukar\u0131dan a\u015fa\u011f\u0131 \u00f6rg\u00fctlenen toplumsal \u015fiddetin hem bir par\u00e7as\u0131 hem de yeniden \u00fcreticisidir. Su\u00e7 ve<span class=\"excerpt-hellip\"> [\u2026]<\/span><\/p>\n","protected":false},"featured_media":0,"template":"","meta":{"_monsterinsights_skip_tracking":false,"_monsterinsights_sitenote_active":false,"_monsterinsights_sitenote_note":"","_monsterinsights_sitenote_category":0},"product_brand":[],"product_cat":[12291,12711],"product_tag":[],"class_list":{"0":"post-708581","1":"product","2":"type-product","3":"status-publish","5":"product_cat-edebiyat","6":"product_cat-roman-oyku","7":"pa_cilt-ciltsiz","8":"pa_tur-kitap","9":"pa_yayinevi-sel-yayincilik","10":"pa_yazar-isik-erguden","12":"first","13":"instock","14":"sale","15":"shipping-taxable","16":"purchasable","17":"product-type-simple"},"_links":{"self":[{"href":"https:\/\/roveyayinevi.com.tr\/index.php\/wp-json\/wp\/v2\/product\/708581","targetHints":{"allow":["GET"]}}],"collection":[{"href":"https:\/\/roveyayinevi.com.tr\/index.php\/wp-json\/wp\/v2\/product"}],"about":[{"href":"https:\/\/roveyayinevi.com.tr\/index.php\/wp-json\/wp\/v2\/types\/product"}],"wp:attachment":[{"href":"https:\/\/roveyayinevi.com.tr\/index.php\/wp-json\/wp\/v2\/media?parent=708581"}],"wp:term":[{"taxonomy":"product_brand","embeddable":true,"href":"https:\/\/roveyayinevi.com.tr\/index.php\/wp-json\/wp\/v2\/product_brand?post=708581"},{"taxonomy":"product_cat","embeddable":true,"href":"https:\/\/roveyayinevi.com.tr\/index.php\/wp-json\/wp\/v2\/product_cat?post=708581"},{"taxonomy":"product_tag","embeddable":true,"href":"https:\/\/roveyayinevi.com.tr\/index.php\/wp-json\/wp\/v2\/product_tag?post=708581"}],"curies":[{"name":"wp","href":"https:\/\/api.w.org\/{rel}","templated":true}]}}