{"id":708580,"date":"2025-08-27T16:16:04","date_gmt":"2025-08-27T13:16:04","guid":{"rendered":"https:\/\/roveyayinevi.com.tr\/index.php\/urun\/sezar-deccal\/"},"modified":"2026-04-16T02:17:29","modified_gmt":"2026-04-15T23:17:29","slug":"sezar-deccal","status":"publish","type":"product","link":"https:\/\/roveyayinevi.com.tr\/index.php\/urun\/sezar-deccal\/","title":{"rendered":"Sezar-Deccal"},"content":{"rendered":"<p>Sezar-Deccal a\u011fr\u0131l\u0131 d\u00fcnyam\u0131z\u0131n d\u00fc\u015fsel bilimi patafizi\u011fin \u00f6nc\u00fcs\u00fc Alfred Jarry\u2019nin alametifarikas\u0131 haline gelmi\u015f Kral \u00dcb\u00fc oyununun \u00f6nc\u00fcl\u00fc niteli\u011fi ta\u015f\u0131yor. Jarry\u2019nin ana karakteri \u00dcb\u00fc Baba\u2019n\u0131n Deccalki\u015fili\u011finde ortaya \u00e7\u0131kt\u0131\u011f\u0131 Kral \u00dcb\u00fc\u2019n\u00fcn 1895 tarihli bu ilk versiyonunda, \u0130sa\u2019n\u0131n tersine d\u00f6nm\u00fc\u015f yans\u0131mas\u0131 olan Deccal sahne al\u0131yor. Karanl\u0131k\u00e7\u0131l\u0131\u011f\u0131n ve kapal\u0131 anlat\u0131m\u0131n Jarry\u2019ye \u015fiirsel bir ilke sa\u011flad\u0131\u011f\u0131 bu metinde z\u0131tlar\u0131n birli\u011fi, anlam \u00fcretici bir makineyi i\u015fleterek Kral \u00dcb\u00fc\u2019y\u00fc, simetri i\u015flevine g\u00f6re i\u015fleyen sembolik ve sentetik bir yap\u0131ya d\u00f6n\u00fc\u015ft\u00fcr\u00fcyor. D\u00fcnya ile okur aras\u0131nda bir ara y\u00fczey olan Sezar-Deccal, seyircilerin zihinlerini ok\u00fclt anlamlar\u0131n sentetik kitlesiyle temasa ge\u00e7irmek \u00fczere yararak bo\u015flukla ba\u011f kuran bir mekanizma i\u015flevi g\u00f6r\u00fcyor.Jarry\u2019nin ancak bir ayna oyunuyla anlam bulan i\u00e7b\u00fckey estetik perspektifinden, dejenere olmu\u015f H\u0131ristiyan k\u00f6ktendincili\u011fine bakmak ve abs\u00fcrd\u00fcn s\u0131n\u0131rlar\u0131nda gezinmek isteyenler i\u00e7in, Sezar-Deccal okurun yans\u0131tt\u0131\u011f\u0131 anlam\u0131n e\u015fsiz bir grotesk yans\u0131mas\u0131&#8230; <\/p>\n","protected":false},"excerpt":{"rendered":"<p>Sezar-Deccal a\u011fr\u0131l\u0131 d\u00fcnyam\u0131z\u0131n d\u00fc\u015fsel bilimi patafizi\u011fin \u00f6nc\u00fcs\u00fc Alfred Jarry\u2019nin alametifarikas\u0131 haline gelmi\u015f Kral \u00dcb\u00fc oyununun \u00f6nc\u00fcl\u00fc niteli\u011fi ta\u015f\u0131yor. Jarry\u2019nin ana karakteri \u00dcb\u00fc Baba\u2019n\u0131n Deccalki\u015fili\u011finde ortaya \u00e7\u0131kt\u0131\u011f\u0131<span class=\"excerpt-hellip\"> [\u2026]<\/span><\/p>\n","protected":false},"featured_media":0,"template":"","meta":{"_monsterinsights_skip_tracking":false,"_monsterinsights_sitenote_active":false,"_monsterinsights_sitenote_note":"","_monsterinsights_sitenote_category":0},"product_brand":[],"product_cat":[12835,12324],"product_tag":[],"class_list":{"0":"post-708580","1":"product","2":"type-product","3":"status-publish","5":"product_cat-genel-sosyoloji","6":"product_cat-sosyoloji","7":"pa_cilt-ciltsiz","8":"pa_tur-kitap","9":"pa_yayinevi-sel-yayincilik","10":"pa_yazar-cesar-antechrist","12":"first","13":"instock","14":"sale","15":"shipping-taxable","16":"purchasable","17":"product-type-simple"},"_links":{"self":[{"href":"https:\/\/roveyayinevi.com.tr\/index.php\/wp-json\/wp\/v2\/product\/708580","targetHints":{"allow":["GET"]}}],"collection":[{"href":"https:\/\/roveyayinevi.com.tr\/index.php\/wp-json\/wp\/v2\/product"}],"about":[{"href":"https:\/\/roveyayinevi.com.tr\/index.php\/wp-json\/wp\/v2\/types\/product"}],"wp:attachment":[{"href":"https:\/\/roveyayinevi.com.tr\/index.php\/wp-json\/wp\/v2\/media?parent=708580"}],"wp:term":[{"taxonomy":"product_brand","embeddable":true,"href":"https:\/\/roveyayinevi.com.tr\/index.php\/wp-json\/wp\/v2\/product_brand?post=708580"},{"taxonomy":"product_cat","embeddable":true,"href":"https:\/\/roveyayinevi.com.tr\/index.php\/wp-json\/wp\/v2\/product_cat?post=708580"},{"taxonomy":"product_tag","embeddable":true,"href":"https:\/\/roveyayinevi.com.tr\/index.php\/wp-json\/wp\/v2\/product_tag?post=708580"}],"curies":[{"name":"wp","href":"https:\/\/api.w.org\/{rel}","templated":true}]}}