{"id":708575,"date":"2025-08-27T16:16:02","date_gmt":"2025-08-27T13:16:02","guid":{"rendered":"https:\/\/roveyayinevi.com.tr\/index.php\/urun\/yasam-terapisi\/"},"modified":"2026-04-16T02:17:29","modified_gmt":"2026-04-15T23:17:29","slug":"yasam-terapisi","status":"publish","type":"product","link":"https:\/\/roveyayinevi.com.tr\/index.php\/urun\/yasam-terapisi\/","title":{"rendered":"Ya\u015fam Terapisi"},"content":{"rendered":"<p>Arad\u0131\u011f\u0131n\u0131 buldu\u011fun yerdesin. O, di\u011ferlerinde g\u00f6rd\u00fc\u011f\u00fc iyili\u011fin, k\u00f6t\u00fcl\u00fc\u011f\u00fcn, g\u00fczelli\u011fin, \u00e7irkinli\u011fin, korkunun, sevginin, zenginli\u011fin, fakirli\u011fin bast\u0131rd\u0131\u011f\u0131 bilincinin derinlerinden gelen kendi yans\u0131mas\u0131 oldu\u011funu anlam\u0131\u015ft\u0131. O, t\u00fcm yans\u0131malar\u0131n\u0131 sahiplenerek, kendisinin bu d\u00fcnyada en iyi versiyonunu olu\u015fturaca\u011f\u0131na dair s\u00f6z vermi\u015fti. O, kendi bilincini d\u00fcnyaya yans\u0131tt\u0131\u011f\u0131n\u0131 anlay\u0131p, karanl\u0131k d\u00fcnyas\u0131n\u0131 ayd\u0131nlatmay\u0131 se\u00e7mi\u015fti. O, giderek i\u00e7inde daha da b\u00fcy\u00fcyen yaln\u0131zl\u0131k hissinden ve dinmek bilmeyen sessiz \u00e7\u0131\u011fl\u0131klar\u0131ndan \u00f6zg\u00fcrle\u015fmi\u015fti. O, bundan sonraki ya\u015fam\u0131n\u0131, her \u015feyde Yaradan\u2019\u0131n a\u015fk\u0131n\u0131 hissederek, tutkuyla ve teredd\u00fct etmeden istedi\u011fi gibi ya\u015famaya adam\u0131\u015ft\u0131. O, kendisindeki k\u00f6t\u00fcl\u00fc\u011f\u00fc, di\u011ferindeki iyili\u011fi kabul ederek i\u00e7indeki sava\u015f\u0131 durdurabilece\u011fini anlam\u0131\u015ft\u0131. O, \u0131\u015f\u0131\u011f\u0131na ve g\u00f6lgesine sahip \u00e7\u0131kabilecek kadar y\u00fcrekliydi! O, \u00f6fkesinin \u00f6fkelendi\u011fi ki\u015fiden \u00e7ok kendisine zarar verdi\u011fini kavram\u0131\u015ft\u0131. O, \u00f6nce i\u00e7indeki sonra da t\u00fcm d\u00fcnyadaki sava\u015f\u0131 durduraca\u011f\u0131na inand\u0131\u011f\u0131 bu kitaptaki bilgileri yaymaya kendisini adam\u0131\u015ft\u0131! Ve i\u00e7imizden biri olan \u201cO\u201d, asl\u0131nda hepimizin birer yans\u0131mas\u0131yd\u0131! Bilin\u00e7sizce merak etti\u011fi de\u011fil, bilin\u00e7li fark\u0131ndal\u0131kla olmak istedi\u011fi ki\u015fiye d\u00f6n\u00fc\u015fme cesareti g\u00f6steren t\u00fcm y\u00fcreklere&#8230; <\/p>\n","protected":false},"excerpt":{"rendered":"<p>Arad\u0131\u011f\u0131n\u0131 buldu\u011fun yerdesin. O, di\u011ferlerinde g\u00f6rd\u00fc\u011f\u00fc iyili\u011fin, k\u00f6t\u00fcl\u00fc\u011f\u00fcn, g\u00fczelli\u011fin, \u00e7irkinli\u011fin, korkunun, sevginin, zenginli\u011fin, fakirli\u011fin bast\u0131rd\u0131\u011f\u0131 bilincinin derinlerinden gelen kendi yans\u0131mas\u0131 oldu\u011funu anlam\u0131\u015ft\u0131. O, t\u00fcm yans\u0131malar\u0131n\u0131 sahiplenerek,<span class=\"excerpt-hellip\"> [\u2026]<\/span><\/p>\n","protected":false},"featured_media":0,"template":"","meta":{"_monsterinsights_skip_tracking":false,"_monsterinsights_sitenote_active":false,"_monsterinsights_sitenote_note":"","_monsterinsights_sitenote_category":0},"product_brand":[],"product_cat":[12364,12376],"product_tag":[],"class_list":{"0":"post-708575","1":"product","2":"type-product","3":"status-publish","5":"product_cat-genel-konular","6":"product_cat-kisisel-gelisim","7":"pa_cilt-ciltsiz","8":"pa_tur-kitap","9":"pa_yayinevi-destek-yayinlari","10":"pa_yazar-bircan-yildirim","12":"first","13":"instock","14":"sale","15":"shipping-taxable","16":"purchasable","17":"product-type-simple"},"_links":{"self":[{"href":"https:\/\/roveyayinevi.com.tr\/index.php\/wp-json\/wp\/v2\/product\/708575","targetHints":{"allow":["GET"]}}],"collection":[{"href":"https:\/\/roveyayinevi.com.tr\/index.php\/wp-json\/wp\/v2\/product"}],"about":[{"href":"https:\/\/roveyayinevi.com.tr\/index.php\/wp-json\/wp\/v2\/types\/product"}],"wp:attachment":[{"href":"https:\/\/roveyayinevi.com.tr\/index.php\/wp-json\/wp\/v2\/media?parent=708575"}],"wp:term":[{"taxonomy":"product_brand","embeddable":true,"href":"https:\/\/roveyayinevi.com.tr\/index.php\/wp-json\/wp\/v2\/product_brand?post=708575"},{"taxonomy":"product_cat","embeddable":true,"href":"https:\/\/roveyayinevi.com.tr\/index.php\/wp-json\/wp\/v2\/product_cat?post=708575"},{"taxonomy":"product_tag","embeddable":true,"href":"https:\/\/roveyayinevi.com.tr\/index.php\/wp-json\/wp\/v2\/product_tag?post=708575"}],"curies":[{"name":"wp","href":"https:\/\/api.w.org\/{rel}","templated":true}]}}