{"id":708574,"date":"2025-08-27T16:16:01","date_gmt":"2025-08-27T13:16:01","guid":{"rendered":"https:\/\/roveyayinevi.com.tr\/index.php\/urun\/har-ve-kul\/"},"modified":"2025-09-28T23:54:04","modified_gmt":"2025-09-28T20:54:04","slug":"har-ve-kul","status":"publish","type":"product","link":"https:\/\/roveyayinevi.com.tr\/index.php\/urun\/har-ve-kul\/","title":{"rendered":"Har ve K\u00fcl"},"content":{"rendered":"<p>Kalbimi al\u00e7\u0131ya ald\u0131rmak istiyorum bug\u00fcnlerde&#8230; Sahi al\u00e7\u0131 tutar m\u0131 kalp k\u0131r\u0131\u011f\u0131n\u0131? Kemik bile ayn\u0131 yerden tekrar k\u0131r\u0131lmazken nas\u0131l olur da bir kalp ayn\u0131 yerden defalarca k\u0131r\u0131labilir anlam\u0131yorum&#8230; Ama olsun&#8230; Sevdada yan\u0131p har olmak da var, s\u00f6n\u00fcp k\u00fcl olmak da&#8230; Ama baz\u0131 yaralar\u0131 gizleyebilecek kadar b\u00fcy\u00fck bir sarg\u0131 yok ne yaz\u0131k ki ve baz\u0131 ac\u0131lar\u0131n dinmesine yetecek kadar da uzun bir \u00f6m\u00fcr&#8230; Yani kaderinde iyile\u015fmek yoksa bir yaran\u0131n, kan revan i\u00e7inde kalsan da onu ta\u015f\u0131mak zorundas\u0131n. \u0130\u015fte sen kaderinde iyile\u015fmek olmayan en derin yarams\u0131n. Ve ne yaparsam yapay\u0131m seni gizleyemiyorum&#8230; <\/p>\n","protected":false},"excerpt":{"rendered":"<p>Kalbimi al\u00e7\u0131ya ald\u0131rmak istiyorum bug\u00fcnlerde&#8230; Sahi al\u00e7\u0131 tutar m\u0131 kalp k\u0131r\u0131\u011f\u0131n\u0131? Kemik bile ayn\u0131 yerden tekrar k\u0131r\u0131lmazken nas\u0131l olur da bir kalp ayn\u0131 yerden defalarca k\u0131r\u0131labilir<span class=\"excerpt-hellip\"> [\u2026]<\/span><\/p>\n","protected":false},"featured_media":0,"template":"","meta":{"_monsterinsights_skip_tracking":false,"_monsterinsights_sitenote_active":false,"_monsterinsights_sitenote_note":"","_monsterinsights_sitenote_category":0},"product_brand":[],"product_cat":[12777,12291],"product_tag":[],"class_list":{"0":"post-708574","1":"product","2":"type-product","3":"status-publish","5":"product_cat-deneme","6":"product_cat-edebiyat","7":"pa_cilt-ciltsiz","8":"pa_tur-kitap","9":"pa_yayinevi-destek-yayinlari","10":"pa_yazar-ezgin-kilic","12":"first","13":"instock","14":"sale","15":"shipping-taxable","16":"purchasable","17":"product-type-simple"},"_links":{"self":[{"href":"https:\/\/roveyayinevi.com.tr\/index.php\/wp-json\/wp\/v2\/product\/708574","targetHints":{"allow":["GET"]}}],"collection":[{"href":"https:\/\/roveyayinevi.com.tr\/index.php\/wp-json\/wp\/v2\/product"}],"about":[{"href":"https:\/\/roveyayinevi.com.tr\/index.php\/wp-json\/wp\/v2\/types\/product"}],"wp:attachment":[{"href":"https:\/\/roveyayinevi.com.tr\/index.php\/wp-json\/wp\/v2\/media?parent=708574"}],"wp:term":[{"taxonomy":"product_brand","embeddable":true,"href":"https:\/\/roveyayinevi.com.tr\/index.php\/wp-json\/wp\/v2\/product_brand?post=708574"},{"taxonomy":"product_cat","embeddable":true,"href":"https:\/\/roveyayinevi.com.tr\/index.php\/wp-json\/wp\/v2\/product_cat?post=708574"},{"taxonomy":"product_tag","embeddable":true,"href":"https:\/\/roveyayinevi.com.tr\/index.php\/wp-json\/wp\/v2\/product_tag?post=708574"}],"curies":[{"name":"wp","href":"https:\/\/api.w.org\/{rel}","templated":true}]}}