{"id":708569,"date":"2025-08-27T16:15:58","date_gmt":"2025-08-27T13:15:58","guid":{"rendered":"https:\/\/roveyayinevi.com.tr\/index.php\/urun\/bizans-saray-kulturu-829-1204\/"},"modified":"2026-04-16T02:17:28","modified_gmt":"2026-04-15T23:17:28","slug":"bizans-saray-kulturu-829-1204","status":"publish","type":"product","link":"https:\/\/roveyayinevi.com.tr\/index.php\/urun\/bizans-saray-kulturu-829-1204\/","title":{"rendered":"Bizans Saray K\u00fclt\u00fcr\u00fc 829-1204"},"content":{"rendered":"<p>Bizans saray ya\u015fam\u0131n\u0131n alt\u0131n \u00e7a\u011f\u0131na dair kapsaml\u0131 bir \u00e7al\u0131\u015fma. Orta\u00e7a\u011f\u2019dan itibaren imparatorluk saraylar\u0131 Bizans\u2019\u0131n d\u0131\u015far\u0131dan g\u00f6r\u00fcn\u00fc\u015f\u00fc a\u00e7\u0131s\u0131ndan \u00e7ok \u00f6nemli olmu\u015ftur. Buna ra\u011fmen bu saraylar\u0131 her y\u00f6n\u00fcyle konu edinen kapsaml\u0131 analiz \u00e7al\u0131\u015fmalar\u0131n\u0131n say\u0131s\u0131 yok denecek kadar azd\u0131r. Bizans Saray K\u00fclt\u00fcr\u00fc, 1994 y\u0131l\u0131nda Dumbarton Oaks\u2019ta d\u00fczenlenen \u201c829\u2019dan 1204\u2019e Bizans Saray K\u00fclt\u00fcr\u00fc\u201d sem-pozyumunda sunulan makaleleri, uzun s\u00fcre Dumbarton Oaks\u2019ta Bizans \u00c7al\u0131\u015fmala\u00acr\u0131 Direkt\u00f6rl\u00fc\u011f\u00fc yapan Henry Maguire \u00f6nc\u00fcl\u00fc\u011f\u00fcnde bir araya getiriyor. \u0130mparatorluk saraylar\u0131n\u0131, bah\u00e7e ve parklar\u0131, t\u00f6ren ve ayinleri, giysileri ve imparator\u00acluk sembollerini, saray ikonlar\u0131n\u0131 ve retori\u011fini, saray\u0131n toplumsal yap\u0131s\u0131n\u0131 ve sarayl\u0131lar\u0131n entelekt\u00fcel ya\u015fam\u0131n\u0131, saray sanat\u0131 ikonografisini ve ideolojisini de g\u00f6z ard\u0131 etmeden ele alan makaleler, Bizans saray ya\u015fam\u0131n\u0131n birbiriyle ba\u011flant\u0131l\u0131 t\u00fcm y\u00f6nlerini i\u00e7eren geni\u015f bir kompozisyon sunmay\u0131 hedefliyor. <\/p>\n","protected":false},"excerpt":{"rendered":"<p>Bizans saray ya\u015fam\u0131n\u0131n alt\u0131n \u00e7a\u011f\u0131na dair kapsaml\u0131 bir \u00e7al\u0131\u015fma. Orta\u00e7a\u011f\u2019dan itibaren imparatorluk saraylar\u0131 Bizans\u2019\u0131n d\u0131\u015far\u0131dan g\u00f6r\u00fcn\u00fc\u015f\u00fc a\u00e7\u0131s\u0131ndan \u00e7ok \u00f6nemli olmu\u015ftur. Buna ra\u011fmen bu saraylar\u0131 her y\u00f6n\u00fcyle<span class=\"excerpt-hellip\"> [\u2026]<\/span><\/p>\n","protected":false},"featured_media":0,"template":"","meta":{"_monsterinsights_skip_tracking":false,"_monsterinsights_sitenote_active":false,"_monsterinsights_sitenote_note":"","_monsterinsights_sitenote_category":0},"product_brand":[],"product_cat":[12304,13650],"product_tag":[],"class_list":{"0":"post-708569","1":"product","2":"type-product","3":"status-publish","5":"product_cat-tarih","6":"product_cat-turk-tarihi-arastirmalari","7":"pa_cilt-ciltsiz","8":"pa_tur-kitap","9":"pa_yayinevi-yapi-kredi-yayinlari","10":"pa_yazar-kollektif","12":"first","13":"instock","14":"sale","15":"shipping-taxable","16":"purchasable","17":"product-type-simple"},"_links":{"self":[{"href":"https:\/\/roveyayinevi.com.tr\/index.php\/wp-json\/wp\/v2\/product\/708569","targetHints":{"allow":["GET"]}}],"collection":[{"href":"https:\/\/roveyayinevi.com.tr\/index.php\/wp-json\/wp\/v2\/product"}],"about":[{"href":"https:\/\/roveyayinevi.com.tr\/index.php\/wp-json\/wp\/v2\/types\/product"}],"wp:attachment":[{"href":"https:\/\/roveyayinevi.com.tr\/index.php\/wp-json\/wp\/v2\/media?parent=708569"}],"wp:term":[{"taxonomy":"product_brand","embeddable":true,"href":"https:\/\/roveyayinevi.com.tr\/index.php\/wp-json\/wp\/v2\/product_brand?post=708569"},{"taxonomy":"product_cat","embeddable":true,"href":"https:\/\/roveyayinevi.com.tr\/index.php\/wp-json\/wp\/v2\/product_cat?post=708569"},{"taxonomy":"product_tag","embeddable":true,"href":"https:\/\/roveyayinevi.com.tr\/index.php\/wp-json\/wp\/v2\/product_tag?post=708569"}],"curies":[{"name":"wp","href":"https:\/\/api.w.org\/{rel}","templated":true}]}}