{"id":708568,"date":"2025-08-27T16:15:58","date_gmt":"2025-08-27T13:15:58","guid":{"rendered":"https:\/\/roveyayinevi.com.tr\/index.php\/urun\/kosucular\/"},"modified":"2026-04-02T02:22:49","modified_gmt":"2026-04-01T23:22:49","slug":"kosucular","status":"publish","type":"product","link":"https:\/\/roveyayinevi.com.tr\/index.php\/urun\/kosucular\/","title":{"rendered":"Ko\u015fucular"},"content":{"rendered":"<p>Ko\u015fucular, k\u00f6t\u00fcl\u00fcklerin d\u00fcnyan\u0131n i\u00e7ine i\u015fledi\u011fine inan\u0131yorlard\u0131. \u0130nsan bir yerde durup kal\u0131rsa, i\u015fte o vakit k\u00f6t\u00fcl\u00fc\u011f\u00fcn g\u00fcc\u00fcn\u00fcn en y\u00fcksek seviyeye eri\u015fece\u011fini d\u00fc\u015f\u00fcn\u00fcyorlard\u0131. K\u00f6t\u00fcl\u00fckten korunman\u0131n tek yolu, yolculuk yapmak, hareket etmektir. Peki, \u00e7a\u011fda\u015f &#8216;ko\u015fucular&#8217; kimdir ?Aram\u0131zda bunlardan ka\u00e7 ki\u015fi kald\u0131?Bu kitap, d\u00fcnya, deneyimlerimizin kakofonisine ve uyumsuzlu\u011funa d\u00fcnyan\u0131n tek bir bi\u00e7imde b\u00fct\u00fcnle\u015ftirilmesinin olanaks\u0131zl\u0131\u011f\u0131na, d\u00fcnyadaki ke\u015fmeke\u015fe, b\u00f6l\u00fcn\u00fcp yeni \u015fekiller olu\u015fturmas\u0131na kar\u015f\u0131n sad\u0131k olmaya \u00e7al\u0131\u015f\u0131yor. Bense onun kenarda kalan, anlat\u0131lmas\u0131 olanaks\u0131z, bulan\u0131k alanlar\u0131na ve \u00e7evrelerine sad\u0131\u011f\u0131m. Hatalar\u0131m\u0131 yineliyorum ve bunun gerekli oldu\u011funu d\u00fc\u015f\u00fcn\u00fcyorum.Olga Tokarczuk <\/p>\n","protected":false},"excerpt":{"rendered":"<p>Ko\u015fucular, k\u00f6t\u00fcl\u00fcklerin d\u00fcnyan\u0131n i\u00e7ine i\u015fledi\u011fine inan\u0131yorlard\u0131. \u0130nsan bir yerde durup kal\u0131rsa, i\u015fte o vakit k\u00f6t\u00fcl\u00fc\u011f\u00fcn g\u00fcc\u00fcn\u00fcn en y\u00fcksek seviyeye eri\u015fece\u011fini d\u00fc\u015f\u00fcn\u00fcyorlard\u0131. K\u00f6t\u00fcl\u00fckten korunman\u0131n tek yolu, yolculuk<span class=\"excerpt-hellip\"> [\u2026]<\/span><\/p>\n","protected":false},"featured_media":0,"template":"","meta":{"_monsterinsights_skip_tracking":false,"_monsterinsights_sitenote_active":false,"_monsterinsights_sitenote_note":"","_monsterinsights_sitenote_category":0},"product_brand":[],"product_cat":[12291,12711],"product_tag":[],"class_list":{"0":"post-708568","1":"product","2":"type-product","3":"status-publish","5":"product_cat-edebiyat","6":"product_cat-roman-oyku","7":"pa_cilt-ciltsiz","8":"pa_tur-kitap","9":"pa_yayinevi-alabanda-yayin","10":"pa_yazar-olga-tokarczuk","12":"first","13":"instock","14":"sale","15":"shipping-taxable","16":"purchasable","17":"product-type-simple"},"_links":{"self":[{"href":"https:\/\/roveyayinevi.com.tr\/index.php\/wp-json\/wp\/v2\/product\/708568","targetHints":{"allow":["GET"]}}],"collection":[{"href":"https:\/\/roveyayinevi.com.tr\/index.php\/wp-json\/wp\/v2\/product"}],"about":[{"href":"https:\/\/roveyayinevi.com.tr\/index.php\/wp-json\/wp\/v2\/types\/product"}],"wp:attachment":[{"href":"https:\/\/roveyayinevi.com.tr\/index.php\/wp-json\/wp\/v2\/media?parent=708568"}],"wp:term":[{"taxonomy":"product_brand","embeddable":true,"href":"https:\/\/roveyayinevi.com.tr\/index.php\/wp-json\/wp\/v2\/product_brand?post=708568"},{"taxonomy":"product_cat","embeddable":true,"href":"https:\/\/roveyayinevi.com.tr\/index.php\/wp-json\/wp\/v2\/product_cat?post=708568"},{"taxonomy":"product_tag","embeddable":true,"href":"https:\/\/roveyayinevi.com.tr\/index.php\/wp-json\/wp\/v2\/product_tag?post=708568"}],"curies":[{"name":"wp","href":"https:\/\/api.w.org\/{rel}","templated":true}]}}