{"id":708567,"date":"2025-08-27T16:15:57","date_gmt":"2025-08-27T13:15:57","guid":{"rendered":"https:\/\/roveyayinevi.com.tr\/index.php\/urun\/ikimizden-biri-uyuyor\/"},"modified":"2025-11-22T04:06:11","modified_gmt":"2025-11-22T01:06:11","slug":"ikimizden-biri-uyuyor","status":"publish","type":"product","link":"https:\/\/roveyayinevi.com.tr\/index.php\/urun\/ikimizden-biri-uyuyor\/","title":{"rendered":"\u0130kimizden Biri Uyuyor"},"content":{"rendered":"<p>Gitmek ve arkada b\u0131rak\u0131lmak ile ilgili bir roman; h\u00fczn\u00fcn gereklili\u011fine i\u015faret eden bir ili\u015fkinin \u00f6yk\u00fcs\u00fc. Kay\u0131p, evsizlik, ve \u0131\u015f\u0131kla ilgili bir eser.-Josefine Klougart\u201c\u0130skandinavya\u2019n\u0131n art\u0131k kendi Virginia Woolf\u2019u vard\u0131r. \u00c7ok az ki\u015fi Klougart kadar akla yakla\u015fabilir.\u201d- Mari Nilsen\u201cBir ba\u015fyap\u0131t&#8230; Bu y\u0131l\u0131n b\u00fcy\u00fck romanlar\u0131ndan biri\u201d-Berlingske Tidende <\/p>\n","protected":false},"excerpt":{"rendered":"<p>Gitmek ve arkada b\u0131rak\u0131lmak ile ilgili bir roman; h\u00fczn\u00fcn gereklili\u011fine i\u015faret eden bir ili\u015fkinin \u00f6yk\u00fcs\u00fc. Kay\u0131p, evsizlik, ve \u0131\u015f\u0131kla ilgili bir eser.-Josefine Klougart\u201c\u0130skandinavya\u2019n\u0131n art\u0131k kendi Virginia<span class=\"excerpt-hellip\"> [\u2026]<\/span><\/p>\n","protected":false},"featured_media":0,"template":"","meta":{"_monsterinsights_skip_tracking":false,"_monsterinsights_sitenote_active":false,"_monsterinsights_sitenote_note":"","_monsterinsights_sitenote_category":0},"product_brand":[],"product_cat":[12291,12711],"product_tag":[],"class_list":{"0":"post-708567","1":"product","2":"type-product","3":"status-publish","5":"product_cat-edebiyat","6":"product_cat-roman-oyku","7":"pa_cilt-ciltsiz","8":"pa_tur-kitap","9":"pa_yayinevi-alabanda-yayin","10":"pa_yazar-josefine-klougart","12":"first","13":"instock","14":"sale","15":"shipping-taxable","16":"purchasable","17":"product-type-simple"},"_links":{"self":[{"href":"https:\/\/roveyayinevi.com.tr\/index.php\/wp-json\/wp\/v2\/product\/708567","targetHints":{"allow":["GET"]}}],"collection":[{"href":"https:\/\/roveyayinevi.com.tr\/index.php\/wp-json\/wp\/v2\/product"}],"about":[{"href":"https:\/\/roveyayinevi.com.tr\/index.php\/wp-json\/wp\/v2\/types\/product"}],"wp:attachment":[{"href":"https:\/\/roveyayinevi.com.tr\/index.php\/wp-json\/wp\/v2\/media?parent=708567"}],"wp:term":[{"taxonomy":"product_brand","embeddable":true,"href":"https:\/\/roveyayinevi.com.tr\/index.php\/wp-json\/wp\/v2\/product_brand?post=708567"},{"taxonomy":"product_cat","embeddable":true,"href":"https:\/\/roveyayinevi.com.tr\/index.php\/wp-json\/wp\/v2\/product_cat?post=708567"},{"taxonomy":"product_tag","embeddable":true,"href":"https:\/\/roveyayinevi.com.tr\/index.php\/wp-json\/wp\/v2\/product_tag?post=708567"}],"curies":[{"name":"wp","href":"https:\/\/api.w.org\/{rel}","templated":true}]}}