{"id":708561,"date":"2025-08-27T16:15:54","date_gmt":"2025-08-27T13:15:54","guid":{"rendered":"https:\/\/roveyayinevi.com.tr\/index.php\/urun\/bir-cumhuriyet-cinari-sozlu-tanikliklarla-dil-ve-tarih-cografya-fakultesinin-75-yili\/"},"modified":"2026-04-16T02:17:28","modified_gmt":"2026-04-15T23:17:28","slug":"bir-cumhuriyet-cinari-sozlu-tanikliklarla-dil-ve-tarih-cografya-fakultesinin-75-yili","status":"publish","type":"product","link":"https:\/\/roveyayinevi.com.tr\/index.php\/urun\/bir-cumhuriyet-cinari-sozlu-tanikliklarla-dil-ve-tarih-cografya-fakultesinin-75-yili\/","title":{"rendered":"Bir Cumhuriyet \u00c7\u0131nar\u0131 &#8211; S\u00f6zl\u00fc Tan\u0131kl\u0131klarla Dil ve Tarih-Co\u011frafya Fak\u00fcltesi\u2019nin 75 Y\u0131l\u0131"},"content":{"rendered":"<p>Cumhuriyet\u2019in \u00f6nde gelen kurumlar\u0131ndan Dil ve Tarih-Co\u011frafya Fak\u00fcltesi (DTCF) T\u00fcrkiye\u2019de modernle\u015fme projesinin gerektirdi\u011fi bilim ve toplum anlay\u0131\u015f\u0131 do\u011frultusunda g\u00f6rev \u00fcstlenmi\u015f ve bu d\u00fc\u015f\u00fcncenin ya\u015fama ge\u00e7mesinde etkili olmu\u015ftur. Ulusla\u015fma yolunda ge\u00e7mi\u015f ile bug\u00fcn aras\u0131nda k\u00f6pr\u00fclerin kurulabilmesi, bu do\u011frultuda Anadolu uygarl\u0131klar\u0131n\u0131n yan\u0131 s\u0131ra Anadolu d\u0131\u015f\u0131ndaki T\u00fcrklerle ilgili t\u00fcm uygarl\u0131klar\u0131n bilimsel olarak incelenmesi amac\u0131yla 14 Haziran 1935\u2019te kurulan DTCF, \u00f6z\u00fcnde Cumhuriyet\u2019in modernle\u015fme projesinin bir aya\u011f\u0131d\u0131r. Bir Cumhuriyet \u00c7\u0131nar\u0131: S\u00f6zl\u00fc Tan\u0131kl\u0131klarla Dil ve Tarih-Co\u011frafya Fak\u00fcltesi \u2019nin 75 Y\u0131l\u0131, bug\u00fcn Devlet Tiyatrolar\u0131 Genel M\u00fcd\u00fcrl\u00fc\u011f\u00fc\u2019n\u00fcn ve K\u00fc\u00e7\u00fck Tiyatro\u2019nun bulundu\u011fu Evkaf Apartman\u0131\u2019nda kiralanan d\u00f6rt dairede 1936\u2019da 195 \u00f6\u011frenciyle e\u011fitime ba\u015flayan DTCF\u2019nin bug\u00fcne uzanan yolculu\u011funu anlat\u0131yor. \u0130lk mezunlardan son mezunlara, akademik kadrodan idari personele kadar elli iki ki\u015fiyle yap\u0131lan bu s\u00f6zl\u00fc tarih \u00e7al\u0131\u015fmas\u0131, hem 30\u2019lu y\u0131llar\u0131n Ankara\u2019s\u0131n\u0131 ve tart\u0131\u015fmalar\u0131n\u0131, hem de DTCF\u2019nin \u00f6zg\u00fcn yap\u0131s\u0131n\u0131 ve bu yap\u0131n\u0131n nas\u0131l kuruldu\u011funu anlamak i\u00e7in bir rehber niteli\u011finde. <\/p>\n","protected":false},"excerpt":{"rendered":"<p>Cumhuriyet\u2019in \u00f6nde gelen kurumlar\u0131ndan Dil ve Tarih-Co\u011frafya Fak\u00fcltesi (DTCF) T\u00fcrkiye\u2019de modernle\u015fme projesinin gerektirdi\u011fi bilim ve toplum anlay\u0131\u015f\u0131 do\u011frultusunda g\u00f6rev \u00fcstlenmi\u015f ve bu d\u00fc\u015f\u00fcncenin ya\u015fama ge\u00e7mesinde etkili<span class=\"excerpt-hellip\"> [\u2026]<\/span><\/p>\n","protected":false},"featured_media":0,"template":"","meta":{"_monsterinsights_skip_tracking":false,"_monsterinsights_sitenote_active":false,"_monsterinsights_sitenote_note":"","_monsterinsights_sitenote_category":0},"product_brand":[],"product_cat":[12304,13493],"product_tag":[],"class_list":{"0":"post-708561","1":"product","2":"type-product","3":"status-publish","5":"product_cat-tarih","6":"product_cat-turkiye-ve-cumhuriyet-tarihi","7":"pa_cilt-ciltsiz","8":"pa_tur-kitap","9":"pa_yayinevi-is-bankasi-kultur-yayinlari","10":"pa_yazar-hayriye-erbas","12":"first","13":"instock","14":"sale","15":"shipping-taxable","16":"purchasable","17":"product-type-simple"},"_links":{"self":[{"href":"https:\/\/roveyayinevi.com.tr\/index.php\/wp-json\/wp\/v2\/product\/708561","targetHints":{"allow":["GET"]}}],"collection":[{"href":"https:\/\/roveyayinevi.com.tr\/index.php\/wp-json\/wp\/v2\/product"}],"about":[{"href":"https:\/\/roveyayinevi.com.tr\/index.php\/wp-json\/wp\/v2\/types\/product"}],"wp:attachment":[{"href":"https:\/\/roveyayinevi.com.tr\/index.php\/wp-json\/wp\/v2\/media?parent=708561"}],"wp:term":[{"taxonomy":"product_brand","embeddable":true,"href":"https:\/\/roveyayinevi.com.tr\/index.php\/wp-json\/wp\/v2\/product_brand?post=708561"},{"taxonomy":"product_cat","embeddable":true,"href":"https:\/\/roveyayinevi.com.tr\/index.php\/wp-json\/wp\/v2\/product_cat?post=708561"},{"taxonomy":"product_tag","embeddable":true,"href":"https:\/\/roveyayinevi.com.tr\/index.php\/wp-json\/wp\/v2\/product_tag?post=708561"}],"curies":[{"name":"wp","href":"https:\/\/api.w.org\/{rel}","templated":true}]}}