{"id":708559,"date":"2025-08-27T16:15:53","date_gmt":"2025-08-27T13:15:53","guid":{"rendered":"https:\/\/roveyayinevi.com.tr\/index.php\/urun\/define-adasi-10\/"},"modified":"2026-04-08T02:22:38","modified_gmt":"2026-04-07T23:22:38","slug":"define-adasi-10","status":"publish","type":"product","link":"https:\/\/roveyayinevi.com.tr\/index.php\/urun\/define-adasi-10\/","title":{"rendered":"Define Adas\u0131"},"content":{"rendered":"<p>Stevenson\u2019\u0131n ilk kez 1881 y\u0131l\u0131nda bir dergide tefrika olarak yay\u0131mlad\u0131\u011f\u0131 Define Adas\u0131, bug\u00fcne dek gerek atmosferi ve karakterleriyle, gerek anlatt\u0131\u011f\u0131 heyecanl\u0131 define av\u0131yla her ya\u015ftan okuru cezbetmi\u015ftir. Yeti\u015fkin dostlar\u0131yla birlikte \u00e7\u0131kt\u0131\u011f\u0131 deniz seferinden sa\u011f salim d\u00f6n\u00fclmesinde \u00f6nemli rol oynayan, roman\u0131n yeniyetme anlat\u0131c\u0131s\u0131 Jim Hawkins a\u00e7\u0131s\u0131ndan, bir r\u00fc\u015ft\u00fcn\u00fc ispat etme hik\u00e2yesidir. Zira Jim bu seferde ihanetler, s\u00fcrpriz sald\u0131r\u0131lar ve kanl\u0131 \u00e7arp\u0131\u015fmalarla kar\u015f\u0131 kar\u015f\u0131ya kalm\u0131\u015ft\u0131r. Roman\u0131n en fazla ete kemi\u011fe b\u00fcr\u00fcnd\u00fcr\u00fclm\u00fc\u015f, en g\u00fc\u00e7l\u00fc karakteri John Silver\u2019\u0131n eylemlerinde ise yazar\u0131n \u201cahlak\u201d kavram\u0131n\u0131n her zaman a\u00e7\u0131k ve net olmamas\u0131na ili\u015fkin alayc\u0131 yakla\u015f\u0131m\u0131 sezilir. Pop\u00fcler korsan imgesinin bi\u00e7imlenmesinde de Define Adas\u0131\u2019n\u0131n rol\u00fc b\u00fcy\u00fckt\u00fcr. Bug\u00fcn korsan denildi\u011finde g\u00f6z\u00fcm\u00fcz\u00fcn \u00f6n\u00fcnde hemen definenin yerinin i\u015faretli oldu\u011fu haritalar\u0131n, tropikal adalar\u0131n, omzunda papa\u011fan\u0131yla tek bacakl\u0131 denizcilerin canlanmas\u0131n\u0131, roman\u0131n \u00e7ok say\u0131da film ve dizi versiyonunun bu imgeleri \u00e7o\u011faltarak kolektif belle\u011fimize yerle\u015ftirmesine bor\u00e7luyuz. <\/p>\n","protected":false},"excerpt":{"rendered":"<p>Stevenson\u2019\u0131n ilk kez 1881 y\u0131l\u0131nda bir dergide tefrika olarak yay\u0131mlad\u0131\u011f\u0131 Define Adas\u0131, bug\u00fcne dek gerek atmosferi ve karakterleriyle, gerek anlatt\u0131\u011f\u0131 heyecanl\u0131 define av\u0131yla her ya\u015ftan okuru<span class=\"excerpt-hellip\"> [\u2026]<\/span><\/p>\n","protected":false},"featured_media":0,"template":"","meta":{"_monsterinsights_skip_tracking":false,"_monsterinsights_sitenote_active":false,"_monsterinsights_sitenote_note":"","_monsterinsights_sitenote_category":0},"product_brand":[],"product_cat":[12291,12711],"product_tag":[],"class_list":{"0":"post-708559","1":"product","2":"type-product","3":"status-publish","5":"product_cat-edebiyat","6":"product_cat-roman-oyku","7":"pa_cilt-ciltsiz","8":"pa_tur-kitap","9":"pa_yayinevi-is-bankasi-kultur-yayinlari","10":"pa_yazar-robert-louis-stevenson","12":"first","13":"instock","14":"sale","15":"shipping-taxable","16":"purchasable","17":"product-type-simple"},"_links":{"self":[{"href":"https:\/\/roveyayinevi.com.tr\/index.php\/wp-json\/wp\/v2\/product\/708559","targetHints":{"allow":["GET"]}}],"collection":[{"href":"https:\/\/roveyayinevi.com.tr\/index.php\/wp-json\/wp\/v2\/product"}],"about":[{"href":"https:\/\/roveyayinevi.com.tr\/index.php\/wp-json\/wp\/v2\/types\/product"}],"wp:attachment":[{"href":"https:\/\/roveyayinevi.com.tr\/index.php\/wp-json\/wp\/v2\/media?parent=708559"}],"wp:term":[{"taxonomy":"product_brand","embeddable":true,"href":"https:\/\/roveyayinevi.com.tr\/index.php\/wp-json\/wp\/v2\/product_brand?post=708559"},{"taxonomy":"product_cat","embeddable":true,"href":"https:\/\/roveyayinevi.com.tr\/index.php\/wp-json\/wp\/v2\/product_cat?post=708559"},{"taxonomy":"product_tag","embeddable":true,"href":"https:\/\/roveyayinevi.com.tr\/index.php\/wp-json\/wp\/v2\/product_tag?post=708559"}],"curies":[{"name":"wp","href":"https:\/\/api.w.org\/{rel}","templated":true}]}}