{"id":708558,"date":"2025-08-27T16:15:53","date_gmt":"2025-08-27T13:15:53","guid":{"rendered":"https:\/\/roveyayinevi.com.tr\/index.php\/urun\/cocuk-psikolojisini-anlama-kilavuzu\/"},"modified":"2026-04-16T02:17:28","modified_gmt":"2026-04-15T23:17:28","slug":"cocuk-psikolojisini-anlama-kilavuzu","status":"publish","type":"product","link":"https:\/\/roveyayinevi.com.tr\/index.php\/urun\/cocuk-psikolojisini-anlama-kilavuzu\/","title":{"rendered":"\u00c7ocuk Psikolojisini Anlama K\u0131lavuzu"},"content":{"rendered":"<p>\u00c7ocuklar\u0131n ilk 6 ya\u015fta \u00f6\u011frendikleri \u015feyler, insan hayat\u0131n\u0131n geri kalan son 60-70 y\u0131l\u0131nda \u00f6\u011frendiklerinden daha fazlad\u0131r. 0-6 ya\u015fta \u00e7ocu\u011fun kimlik ve ki\u015fili\u011finin temelleri at\u0131l\u0131r. Anne babalar \u00e7ocuklar\u0131na nas\u0131l bir aile ortam\u0131 sunuyor, birbirleriyle ve \u00e7ocuklar\u0131yla nas\u0131l ileti\u015fim kuruyor, birbirlerine ve \u00e7ocuklar\u0131na nas\u0131l yakla\u015f\u0131m sergiliyor ve problemleri nas\u0131l \u00e7\u00f6z\u00fcyorlarsa, \u00e7ocuklar\u0131 adeta kamera kayd\u0131 yapar gibi, g\u00f6rd\u00fcklerini i\u00e7 d\u00fcnyalar\u0131na kopyalayarak hayat boyu sergileyecekleri duygu, d\u00fc\u015f\u00fcnce, davran\u0131\u015f ve ki\u015filik yap\u0131s\u0131n\u0131n kal\u0131b\u0131na sahip olur. Bir di\u011fer tabirle, bu d\u00f6nemde \u00e7ocu\u011fa adeta bir program y\u00fcklenir. \u00c7ocukluk, ergenlik ve yeti\u015fkinlik hayat\u0131nda hep bu program i\u015fletilir.Uzman Klinik Psikolog Ay\u015fe Y\u0131lmaz\u2019\u0131n \u00c7ocuk Psikolojisini Anlama K\u0131lavuzu ba\u015fl\u0131kl\u0131 kitab\u0131, anne babalar\u0131n sa\u011fl\u0131kl\u0131 \u00e7ocuk yeti\u015ftirmelerine katk\u0131da bulunuyor ve \u00e7ocuklar\u0131n\u0131n sorunlar\u0131yla ba\u015f edebilmek i\u00e7in izleyecekleri yollar\u0131 sunuyor.\u0130nsan denen eseri in\u015fa eden ve ona en b\u00fcy\u00fck yat\u0131r\u0131m\u0131 yapanlar, anne babalard\u0131r. Fakat d\u00fcnyan\u0131n en zor mesle\u011fi de, anne baba olabilmektir. Aslolan \u00e7ocu\u011fun psikolojisini anlayabilmektir, \u00e7\u00fcnk\u00fc o, s\u00f6zel ifade becerileri geli\u015fmedi\u011fi i\u00e7in davran\u0131\u015flar\u0131yla konu\u015fur.Bu \u2018anlama\u2019 yolculu\u011funda bir\u00e7ok problemle kar\u015f\u0131la\u015fabilir anne babalar. \u2018Allah\u2019\u0131 ve \u00f6l\u00fcm\u00fc \u00e7ocu\u011fuma nas\u0131l anlatmal\u0131y\u0131m?\u2019, \u2018Nas\u0131l mahremiyet e\u011fitimi vermeliyim?\u2019 sorular\u0131yla ba\u015flar belki m\u00fccadele ve kimi zaman daha b\u00fcy\u00fck sorunlarla da devam edebilir: Ba\u011f\u0131ml\u0131l\u0131k, kayg\u0131, g\u00fcven eksikli\u011fi, \u00e7ekingenlik, i\u015ftahs\u0131zl\u0131k, uyku d\u00fczensizli\u011fi, tuvalet sorunlar\u0131, inat\u00e7\u0131l\u0131k, alt \u0131slatma, sorumsuzluk, karde\u015f k\u0131skan\u00e7l\u0131\u011f\u0131, yalan s\u00f6yleme, \u00e7alma, sald\u0131rganl\u0131k, mast\u00fcrbasyon, t\u0131rnak yeme, kurallara uymama, okul fobisi, ders ba\u015far\u0131s\u0131zl\u0131\u011f\u0131, dikkat eksikli\u011fi hiperaktivite bozuklu\u011fu, \u00f6zel \u00f6\u011frenme g\u00fc\u00e7l\u00fc\u011f\u00fc, s\u0131nav kayg\u0131s\u0131\u2026\u0130\u015fte elinizdeki kitap ad\u0131 ge\u00e7en problemlerin nedenlerini ve yayg\u0131n olarak hangi \u015fekillerde kar\u015f\u0131n\u0131za \u00e7\u0131kabilece\u011fini anlat\u0131yor. VE T\u00dcM SORUNLARA \u00c7\u00d6Z\u00dcM SUNUYOR! \u00c7\u00f6zerken hangi yollar\u0131 izleyece\u011finizi tane tane a\u00e7\u0131kl\u0131yor.Tam bir k\u0131lavuz! \u00c7\u00f6z\u00fcme odakl\u0131, a\u00e7\u0131k, net bir anlat\u0131m ve pratik \u00f6neriler, klinik deneyimlerle birlikte\u2026 <\/p>\n","protected":false},"excerpt":{"rendered":"<p>\u00c7ocuklar\u0131n ilk 6 ya\u015fta \u00f6\u011frendikleri \u015feyler, insan hayat\u0131n\u0131n geri kalan son 60-70 y\u0131l\u0131nda \u00f6\u011frendiklerinden daha fazlad\u0131r. 0-6 ya\u015fta \u00e7ocu\u011fun kimlik ve ki\u015fili\u011finin temelleri at\u0131l\u0131r. Anne babalar<span class=\"excerpt-hellip\"> [\u2026]<\/span><\/p>\n","protected":false},"featured_media":0,"template":"","meta":{"_monsterinsights_skip_tracking":false,"_monsterinsights_sitenote_active":false,"_monsterinsights_sitenote_note":"","_monsterinsights_sitenote_category":0},"product_brand":[],"product_cat":[12679,12357],"product_tag":[],"class_list":{"0":"post-708558","1":"product","2":"type-product","3":"status-publish","5":"product_cat-cocuk-psikolojisi","6":"product_cat-psikoloji","7":"pa_cilt-ciltsiz","8":"pa_tur-kitap","9":"pa_yayinevi-hayykitap","10":"pa_yazar-ayse-yilmaz","12":"first","13":"instock","14":"sale","15":"shipping-taxable","16":"purchasable","17":"product-type-simple"},"_links":{"self":[{"href":"https:\/\/roveyayinevi.com.tr\/index.php\/wp-json\/wp\/v2\/product\/708558","targetHints":{"allow":["GET"]}}],"collection":[{"href":"https:\/\/roveyayinevi.com.tr\/index.php\/wp-json\/wp\/v2\/product"}],"about":[{"href":"https:\/\/roveyayinevi.com.tr\/index.php\/wp-json\/wp\/v2\/types\/product"}],"wp:attachment":[{"href":"https:\/\/roveyayinevi.com.tr\/index.php\/wp-json\/wp\/v2\/media?parent=708558"}],"wp:term":[{"taxonomy":"product_brand","embeddable":true,"href":"https:\/\/roveyayinevi.com.tr\/index.php\/wp-json\/wp\/v2\/product_brand?post=708558"},{"taxonomy":"product_cat","embeddable":true,"href":"https:\/\/roveyayinevi.com.tr\/index.php\/wp-json\/wp\/v2\/product_cat?post=708558"},{"taxonomy":"product_tag","embeddable":true,"href":"https:\/\/roveyayinevi.com.tr\/index.php\/wp-json\/wp\/v2\/product_tag?post=708558"}],"curies":[{"name":"wp","href":"https:\/\/api.w.org\/{rel}","templated":true}]}}