{"id":708556,"date":"2025-08-27T16:15:52","date_gmt":"2025-08-27T13:15:52","guid":{"rendered":"https:\/\/roveyayinevi.com.tr\/index.php\/urun\/gezgin-4\/"},"modified":"2026-04-16T02:17:28","modified_gmt":"2026-04-15T23:17:28","slug":"gezgin-4","status":"publish","type":"product","link":"https:\/\/roveyayinevi.com.tr\/index.php\/urun\/gezgin-4\/","title":{"rendered":"Gezgin"},"content":{"rendered":"<p>\u2018\u2018D\u0130LS\u0130ZLER HABER\u0130N\u0130 KULAKSIZ D\u0130NLEYES\u0130D\u0130LS\u0130Z KULAKSIZ S\u00d6Z\u00dcN CAN GEREK ANLAYASI\u2026\u2019\u2019DENEME,ARA\u015eTIRMA,ROMAN VE SENARYO G\u0130B\u0130 B\u0130R\u00c7OK YAZI ALANINDA \u00d6NEML\u0130 \u00c7ALI\u015eMALARI BULUNAN ,\u00d6ZELL\u0130KLE \u00d6YK\u00dc ALANINDA YAPMI\u015e OLDU\u011eU \u00c7ALI\u015eMALARLA TANINAN VE ESERLER\u0130N\u0130N B\u0130R KISMI D\u00dcNYA D\u0130LLER\u0130NE \u00c7EVR\u0130LENSADIK YALSIZU\u00c7ANLAR,\u2018\u2018GEZG\u0130N\u2019\u2019 ADLI ESER\u0130NDES\u00d6Z\u00dcN B\u0130T\u0130P S\u00dcK\u00dbTUN BA\u015eLADI\u011eI YERLE,SESS\u0130ZL\u0130\u011e\u0130N D\u0130LE GELD\u0130\u011e\u0130 MEK\u00c2NETE KADAR UZANIYOR.BU KE\u015eF\u0130 KEND\u0130 RUHUNDA ARAYANLAR \u0130\u00c7\u0130N,HER OKUNDU\u011eUNDA AYRI B\u0130R KURGUYLAVE H\u0130SLE YA\u015eANACAK OLAN H\u0130K\u00c2YELER\u0130OKUYUCUYLA PAYLA\u015eIYOR<\/p>\n","protected":false},"excerpt":{"rendered":"<p>\u2018\u2018D\u0130LS\u0130ZLER HABER\u0130N\u0130 KULAKSIZ D\u0130NLEYES\u0130D\u0130LS\u0130Z KULAKSIZ S\u00d6Z\u00dcN CAN GEREK ANLAYASI\u2026\u2019\u2019DENEME,ARA\u015eTIRMA,ROMAN VE SENARYO G\u0130B\u0130 B\u0130R\u00c7OK YAZI ALANINDA \u00d6NEML\u0130 \u00c7ALI\u015eMALARI BULUNAN ,\u00d6ZELL\u0130KLE \u00d6YK\u00dc ALANINDA YAPMI\u015e OLDU\u011eU \u00c7ALI\u015eMALARLA TANINAN VE<span class=\"excerpt-hellip\"> [\u2026]<\/span><\/p>\n","protected":false},"featured_media":0,"template":"","meta":{"_monsterinsights_skip_tracking":false,"_monsterinsights_sitenote_active":false,"_monsterinsights_sitenote_note":"","_monsterinsights_sitenote_category":0},"product_brand":[],"product_cat":[12291,12711],"product_tag":[],"class_list":{"0":"post-708556","1":"product","2":"type-product","3":"status-publish","5":"product_cat-edebiyat","6":"product_cat-roman-oyku","7":"pa_cilt-ciltsiz","8":"pa_tur-kitap","9":"pa_yayinevi-profil-kitap","10":"pa_yazar-sadik-yalsizucanlar","12":"first","13":"instock","14":"sale","15":"shipping-taxable","16":"purchasable","17":"product-type-simple"},"_links":{"self":[{"href":"https:\/\/roveyayinevi.com.tr\/index.php\/wp-json\/wp\/v2\/product\/708556","targetHints":{"allow":["GET"]}}],"collection":[{"href":"https:\/\/roveyayinevi.com.tr\/index.php\/wp-json\/wp\/v2\/product"}],"about":[{"href":"https:\/\/roveyayinevi.com.tr\/index.php\/wp-json\/wp\/v2\/types\/product"}],"wp:attachment":[{"href":"https:\/\/roveyayinevi.com.tr\/index.php\/wp-json\/wp\/v2\/media?parent=708556"}],"wp:term":[{"taxonomy":"product_brand","embeddable":true,"href":"https:\/\/roveyayinevi.com.tr\/index.php\/wp-json\/wp\/v2\/product_brand?post=708556"},{"taxonomy":"product_cat","embeddable":true,"href":"https:\/\/roveyayinevi.com.tr\/index.php\/wp-json\/wp\/v2\/product_cat?post=708556"},{"taxonomy":"product_tag","embeddable":true,"href":"https:\/\/roveyayinevi.com.tr\/index.php\/wp-json\/wp\/v2\/product_tag?post=708556"}],"curies":[{"name":"wp","href":"https:\/\/api.w.org\/{rel}","templated":true}]}}