{"id":708551,"date":"2025-08-27T16:15:49","date_gmt":"2025-08-27T13:15:49","guid":{"rendered":"https:\/\/roveyayinevi.com.tr\/index.php\/urun\/emilia-agacta\/"},"modified":"2026-04-11T13:36:02","modified_gmt":"2026-04-11T10:36:02","slug":"emilia-agacta","status":"publish","type":"product","link":"https:\/\/roveyayinevi.com.tr\/index.php\/urun\/emilia-agacta\/","title":{"rendered":"Emilia A\u011fa\u00e7ta"},"content":{"rendered":"<p>Linus, di\u011fer ad\u0131yla Stoerte, ailesiyle birlikte Hamburg\u2019dan M\u00fcnih\u2019in bir k\u00f6y\u00fcne ta\u015f\u0131n\u0131r. Stoerte k\u00f6y hayat\u0131n\u0131n katlan\u0131lmaz ve s\u0131k\u0131c\u0131 oldu\u011funu d\u00fc\u015f\u00fcn\u00fcrken Emilia ile tan\u0131\u015f\u0131r. Emilia, k\u00f6ydeki bir a\u011fac\u0131n kesilmesine kar\u015f\u0131 elinden geleni yapan bir a\u011fa\u00e7 koruyucusudur. Hatta ba\u015fbakana bile a\u011fac\u0131n kesilmemesi i\u00e7in bir mektup yazm\u0131\u015ft\u0131r! Emilia\u2019n\u0131n cesaretine hayran kalan Stoerte ona yard\u0131m etmeye karar verir&#8230; <\/p>\n","protected":false},"excerpt":{"rendered":"<p>Linus, di\u011fer ad\u0131yla Stoerte, ailesiyle birlikte Hamburg\u2019dan M\u00fcnih\u2019in bir k\u00f6y\u00fcne ta\u015f\u0131n\u0131r. Stoerte k\u00f6y hayat\u0131n\u0131n katlan\u0131lmaz ve s\u0131k\u0131c\u0131 oldu\u011funu d\u00fc\u015f\u00fcn\u00fcrken Emilia ile tan\u0131\u015f\u0131r. Emilia, k\u00f6ydeki bir a\u011fac\u0131n<span class=\"excerpt-hellip\"> [\u2026]<\/span><\/p>\n","protected":false},"featured_media":0,"template":"","meta":{"_monsterinsights_skip_tracking":false,"_monsterinsights_sitenote_active":false,"_monsterinsights_sitenote_note":"","_monsterinsights_sitenote_category":0},"product_brand":[],"product_cat":[12291,12711],"product_tag":[],"class_list":{"0":"post-708551","1":"product","2":"type-product","3":"status-publish","5":"product_cat-edebiyat","6":"product_cat-roman-oyku","7":"pa_cilt-ciltsiz","8":"pa_tur-kitap","9":"pa_yayinevi-genc-timas","10":"pa_yazar-bernhard-hagemann","12":"first","13":"instock","14":"sale","15":"shipping-taxable","16":"purchasable","17":"product-type-simple"},"_links":{"self":[{"href":"https:\/\/roveyayinevi.com.tr\/index.php\/wp-json\/wp\/v2\/product\/708551","targetHints":{"allow":["GET"]}}],"collection":[{"href":"https:\/\/roveyayinevi.com.tr\/index.php\/wp-json\/wp\/v2\/product"}],"about":[{"href":"https:\/\/roveyayinevi.com.tr\/index.php\/wp-json\/wp\/v2\/types\/product"}],"wp:attachment":[{"href":"https:\/\/roveyayinevi.com.tr\/index.php\/wp-json\/wp\/v2\/media?parent=708551"}],"wp:term":[{"taxonomy":"product_brand","embeddable":true,"href":"https:\/\/roveyayinevi.com.tr\/index.php\/wp-json\/wp\/v2\/product_brand?post=708551"},{"taxonomy":"product_cat","embeddable":true,"href":"https:\/\/roveyayinevi.com.tr\/index.php\/wp-json\/wp\/v2\/product_cat?post=708551"},{"taxonomy":"product_tag","embeddable":true,"href":"https:\/\/roveyayinevi.com.tr\/index.php\/wp-json\/wp\/v2\/product_tag?post=708551"}],"curies":[{"name":"wp","href":"https:\/\/api.w.org\/{rel}","templated":true}]}}