{"id":708548,"date":"2025-08-27T16:15:48","date_gmt":"2025-08-27T13:15:48","guid":{"rendered":"https:\/\/roveyayinevi.com.tr\/index.php\/urun\/sultan-genc-osman-ve-sultan-iv-murad\/"},"modified":"2026-04-16T02:17:28","modified_gmt":"2026-04-15T23:17:28","slug":"sultan-genc-osman-ve-sultan-iv-murad","status":"publish","type":"product","link":"https:\/\/roveyayinevi.com.tr\/index.php\/urun\/sultan-genc-osman-ve-sultan-iv-murad\/","title":{"rendered":"Sultan Gen\u00e7 Osman ve Sultan IV. Murad"},"content":{"rendered":"<p>D\u00f6rd\u00fcnc\u00fc Murad, \u015f\u00f6hretini asker\u00ee deh\u00e2s\u0131 kadar emsalsiz otoritesi ile yapt\u0131. Y\u0131lmaz \u00d6ztuna, o emsalsiz \u00fcsl\u00fbbuyla, IV. Murad\u2019\u0131n otoritesini ni\u00e7in \u201cdevlet ter\u00f6r\u00fc derecesinde\u201d kulland\u0131\u011f\u0131n\u0131; otorite kullanmak yetene\u011fini nas\u0131l kazand\u0131\u011f\u0131n\u0131 a\u00e7\u0131klamak i\u00e7in onun biyografisinin tek ba\u015f\u0131na verilmesini yeterli g\u00f6rmemi\u015ftir. Sultan Murad\u2019\u0131 b\u00f6yle bir politikaya sevk eden sebepleri, halk\u0131m\u0131z\u0131n Gen\u00e7 Osman dedi\u011fi a\u011fabeyi \u0130kinci Osman\u2019\u0131n ba\u015f\u0131na gelenleri hat\u0131rlamaks\u0131z\u0131n sergilemek, kavramak, kavrad\u0131ktan sonra anlatabilmek m\u00fcmk\u00fcn de\u011fildir. Zira Sultan Murad, a\u011fabeyi Sultan Osman\u2019a kar\u015f\u0131 uygulanan ter\u00f6re, devlet ad\u0131na kulland\u0131\u011f\u0131 otorite ile cevap vererek, bozulmu\u015f d\u00fczeni yeniden kurmaya \u00e7al\u0131\u015ft\u0131. Gen\u00e7 Osman denen -o zaman kendisine yak\u0131\u015ft\u0131r\u0131lan tabirle- gayretl\u00fc gen\u00e7 arslan, T\u00fcrkiye tarihinde, Osmanl\u0131 cihan devletini radikal (k\u00f6kten) reforma t\u00e2bi tutmak isteyen ilk \u015fahsiyettir. \u015eeyh\u00fclisl\u00e2m Hoca S\u00e2deddin Efendi gibi bu reformun \u00f6nc\u00fcleri varsa da, tatbikata ge\u00e7en ikinci Osman\u2019d\u0131r. Ve maalesef ba\u015far\u0131l\u0131 olamam\u0131\u015ft\u0131r. \u0130kinci Osman\u2019\u0131n d\u00fc\u015f\u00fcnd\u00fc\u011f\u00fc reformlar, imparatorlu\u011fu kendi i\u00e7 dinamikleri ile \u0131sl\u00e2h etmeye dayan\u0131r. 18., 19. ve 20. as\u0131rlar Osmanl\u0131 reformlar\u0131 gibi Bat\u0131\u2019ya (Avrupa\u2019ya) d\u00f6n\u00fck de\u011fildir.<\/p>\n","protected":false},"excerpt":{"rendered":"<p>D\u00f6rd\u00fcnc\u00fc Murad, \u015f\u00f6hretini asker\u00ee deh\u00e2s\u0131 kadar emsalsiz otoritesi ile yapt\u0131. Y\u0131lmaz \u00d6ztuna, o emsalsiz \u00fcsl\u00fbbuyla, IV. Murad\u2019\u0131n otoritesini ni\u00e7in \u201cdevlet ter\u00f6r\u00fc derecesinde\u201d kulland\u0131\u011f\u0131n\u0131; otorite kullanmak yetene\u011fini<span class=\"excerpt-hellip\"> [\u2026]<\/span><\/p>\n","protected":false},"featured_media":0,"template":"","meta":{"_monsterinsights_skip_tracking":false,"_monsterinsights_sitenote_active":false,"_monsterinsights_sitenote_note":"","_monsterinsights_sitenote_category":0},"product_brand":[],"product_cat":[13517,12304],"product_tag":[],"class_list":{"0":"post-708548","1":"product","2":"type-product","3":"status-publish","5":"product_cat-osmanli-tarihi","6":"product_cat-tarih","7":"pa_cilt-ciltsiz","8":"pa_tur-kitap","9":"pa_yayinevi-otuken-nesriyat","10":"pa_yazar-yilmaz-oztuna","12":"first","13":"instock","14":"sale","15":"shipping-taxable","16":"purchasable","17":"product-type-simple"},"_links":{"self":[{"href":"https:\/\/roveyayinevi.com.tr\/index.php\/wp-json\/wp\/v2\/product\/708548","targetHints":{"allow":["GET"]}}],"collection":[{"href":"https:\/\/roveyayinevi.com.tr\/index.php\/wp-json\/wp\/v2\/product"}],"about":[{"href":"https:\/\/roveyayinevi.com.tr\/index.php\/wp-json\/wp\/v2\/types\/product"}],"wp:attachment":[{"href":"https:\/\/roveyayinevi.com.tr\/index.php\/wp-json\/wp\/v2\/media?parent=708548"}],"wp:term":[{"taxonomy":"product_brand","embeddable":true,"href":"https:\/\/roveyayinevi.com.tr\/index.php\/wp-json\/wp\/v2\/product_brand?post=708548"},{"taxonomy":"product_cat","embeddable":true,"href":"https:\/\/roveyayinevi.com.tr\/index.php\/wp-json\/wp\/v2\/product_cat?post=708548"},{"taxonomy":"product_tag","embeddable":true,"href":"https:\/\/roveyayinevi.com.tr\/index.php\/wp-json\/wp\/v2\/product_tag?post=708548"}],"curies":[{"name":"wp","href":"https:\/\/api.w.org\/{rel}","templated":true}]}}