{"id":708546,"date":"2025-08-27T16:15:47","date_gmt":"2025-08-27T13:15:47","guid":{"rendered":"https:\/\/roveyayinevi.com.tr\/index.php\/urun\/insan-vucudu-tiyatrosu-ciltli\/"},"modified":"2026-04-16T02:17:28","modified_gmt":"2026-04-15T23:17:28","slug":"insan-vucudu-tiyatrosu-ciltli","status":"publish","type":"product","link":"https:\/\/roveyayinevi.com.tr\/index.php\/urun\/insan-vucudu-tiyatrosu-ciltli\/","title":{"rendered":"\u0130nsan V\u00fccudu Tiyatrosu (Ciltli)"},"content":{"rendered":"<p>\u0130nsan biyolojisine yapaca\u011f\u0131n\u0131z bu b\u00fcy\u00fcleyici yolculu\u011fun her a\u015famas\u0131nda size ben e\u015flik edece\u011fim. \u00d6nce sahneye bir iskelet olarak \u00e7\u0131kaca\u011f\u0131m ve her b\u00f6l\u00fcmde kost\u00fcm\u00fcme yeni bir katman eklenecek, ta ki v\u00fccudum tamamen olu\u015fana kadar. Bu anatomik yolculukta konunun kalbine (hatta midesine, damarlar\u0131na, h\u00fccrelerine, kemiklerine, beynine) kadar inece\u011fiz. Oyunumuz e\u011flenceli, hatta o kadar e\u011flenceli ki bedenimiz hakk\u0131nda bunca \u015feyi ne ara \u00f6\u011frendi\u011finize \u015fa\u015f\u0131racaks\u0131n\u0131z. \u0130nsan V\u00fccudu Tiyatrosu, \u00e7ocuklar\u0131n (ve yeti\u015fkinlerin) v\u00fccudumuzun i\u015fleyi\u015fini derinlemesine ve keyif alarak \u00f6\u011frenebilmesi i\u00e7in harika bir kaynak. Maris Wicks, biyoloji delisi (bu kitab\u0131 bitirdi\u011finizde muhtemelen siz de \u00f6yle olacaks\u0131n\u0131z) bir e\u011fitimci. Bilime olan tutkusu bug\u00fcn pek \u00e7ok \u00fclkede yard\u0131mc\u0131 kaynak olarak kullan\u0131lan bu \u00e7izgi bilim kitab\u0131n\u0131n ortaya \u00e7\u0131kmas\u0131n\u0131 sa\u011flad\u0131.c.<\/p>\n","protected":false},"excerpt":{"rendered":"<p>\u0130nsan biyolojisine yapaca\u011f\u0131n\u0131z bu b\u00fcy\u00fcleyici yolculu\u011fun her a\u015famas\u0131nda size ben e\u015flik edece\u011fim. \u00d6nce sahneye bir iskelet olarak \u00e7\u0131kaca\u011f\u0131m ve her b\u00f6l\u00fcmde kost\u00fcm\u00fcme yeni bir katman eklenecek,<span class=\"excerpt-hellip\"> [\u2026]<\/span><\/p>\n","protected":false},"featured_media":0,"template":"","meta":{"_monsterinsights_skip_tracking":false,"_monsterinsights_sitenote_active":false,"_monsterinsights_sitenote_note":"","_monsterinsights_sitenote_category":0},"product_brand":[],"product_cat":[12275,12274],"product_tag":[],"class_list":{"0":"post-708546","1":"product","2":"type-product","3":"status-publish","5":"product_cat-6-12-yas-kitaplari","6":"product_cat-cocuk-ve-genclik-kitaplari","7":"pa_cilt-ciltli","8":"pa_tur-kitap","9":"pa_yayinevi-domingo-yayinevi","10":"pa_yazar-maris-wicks","12":"first","13":"instock","14":"sale","15":"shipping-taxable","16":"purchasable","17":"product-type-simple"},"_links":{"self":[{"href":"https:\/\/roveyayinevi.com.tr\/index.php\/wp-json\/wp\/v2\/product\/708546","targetHints":{"allow":["GET"]}}],"collection":[{"href":"https:\/\/roveyayinevi.com.tr\/index.php\/wp-json\/wp\/v2\/product"}],"about":[{"href":"https:\/\/roveyayinevi.com.tr\/index.php\/wp-json\/wp\/v2\/types\/product"}],"wp:attachment":[{"href":"https:\/\/roveyayinevi.com.tr\/index.php\/wp-json\/wp\/v2\/media?parent=708546"}],"wp:term":[{"taxonomy":"product_brand","embeddable":true,"href":"https:\/\/roveyayinevi.com.tr\/index.php\/wp-json\/wp\/v2\/product_brand?post=708546"},{"taxonomy":"product_cat","embeddable":true,"href":"https:\/\/roveyayinevi.com.tr\/index.php\/wp-json\/wp\/v2\/product_cat?post=708546"},{"taxonomy":"product_tag","embeddable":true,"href":"https:\/\/roveyayinevi.com.tr\/index.php\/wp-json\/wp\/v2\/product_tag?post=708546"}],"curies":[{"name":"wp","href":"https:\/\/api.w.org\/{rel}","templated":true}]}}