{"id":708543,"date":"2025-08-27T16:15:45","date_gmt":"2025-08-27T13:15:45","guid":{"rendered":"https:\/\/roveyayinevi.com.tr\/index.php\/urun\/one-punch-man-cilt-6-tek-yumruk\/"},"modified":"2026-04-16T02:17:28","modified_gmt":"2026-04-15T23:17:28","slug":"one-punch-man-cilt-6-tek-yumruk","status":"publish","type":"product","link":"https:\/\/roveyayinevi.com.tr\/index.php\/urun\/one-punch-man-cilt-6-tek-yumruk\/","title":{"rendered":"One-Punch Man &#8211; Cilt 6 Tek Yumruk"},"content":{"rendered":"<p>Ans\u0131z\u0131n gelen bir acil \u00e7a\u011fr\u0131 \u00fczerine, S s\u0131n\u0131f\u0131 kahramanlar kararg\u00e2hta toplan\u0131rlar ve Saitama da onlara kat\u0131l\u0131r. Burada, b\u00fcy\u00fck k\u00e2hin \u015eibabava&#8217;n\u0131n geride b\u0131rakt\u0131\u011f\u0131 kehanetten haberdar olurlar. Bu kehanette, \u201cD\u00fcnya tehlikede!!!\u201d demektedir \u015eibabava. Saitama ve di\u011fer kahramanlar bir an \u00f6nce bu b\u00fcy\u00fck krizle ba\u015fa \u00e7\u0131kmak i\u00e7in haz\u0131rl\u0131k yapmak ve gezegeni kar\u015f\u0131 kar\u015f\u0131ya kald\u0131\u011f\u0131 bu b\u00fcy\u00fck tehlikeden kurtarmak zorundad\u0131r. <\/p>\n","protected":false},"excerpt":{"rendered":"<p>Ans\u0131z\u0131n gelen bir acil \u00e7a\u011fr\u0131 \u00fczerine, S s\u0131n\u0131f\u0131 kahramanlar kararg\u00e2hta toplan\u0131rlar ve Saitama da onlara kat\u0131l\u0131r. Burada, b\u00fcy\u00fck k\u00e2hin \u015eibabava&#8217;n\u0131n geride b\u0131rakt\u0131\u011f\u0131 kehanetten haberdar olurlar. Bu<span class=\"excerpt-hellip\"> [\u2026]<\/span><\/p>\n","protected":false},"featured_media":0,"template":"","meta":{"_monsterinsights_skip_tracking":false,"_monsterinsights_sitenote_active":false,"_monsterinsights_sitenote_note":"","_monsterinsights_sitenote_category":0},"product_brand":[],"product_cat":[12416,12291],"product_tag":[],"class_list":{"0":"post-708543","1":"product","2":"type-product","3":"status-publish","5":"product_cat-cizgi-roman","6":"product_cat-edebiyat","7":"pa_cilt-ciltsiz","8":"pa_tur-kitap","9":"pa_yayinevi-akil-celen-kitaplar","10":"pa_yazar-yusuke-murata","12":"first","13":"instock","14":"sale","15":"shipping-taxable","16":"purchasable","17":"product-type-simple"},"_links":{"self":[{"href":"https:\/\/roveyayinevi.com.tr\/index.php\/wp-json\/wp\/v2\/product\/708543","targetHints":{"allow":["GET"]}}],"collection":[{"href":"https:\/\/roveyayinevi.com.tr\/index.php\/wp-json\/wp\/v2\/product"}],"about":[{"href":"https:\/\/roveyayinevi.com.tr\/index.php\/wp-json\/wp\/v2\/types\/product"}],"wp:attachment":[{"href":"https:\/\/roveyayinevi.com.tr\/index.php\/wp-json\/wp\/v2\/media?parent=708543"}],"wp:term":[{"taxonomy":"product_brand","embeddable":true,"href":"https:\/\/roveyayinevi.com.tr\/index.php\/wp-json\/wp\/v2\/product_brand?post=708543"},{"taxonomy":"product_cat","embeddable":true,"href":"https:\/\/roveyayinevi.com.tr\/index.php\/wp-json\/wp\/v2\/product_cat?post=708543"},{"taxonomy":"product_tag","embeddable":true,"href":"https:\/\/roveyayinevi.com.tr\/index.php\/wp-json\/wp\/v2\/product_tag?post=708543"}],"curies":[{"name":"wp","href":"https:\/\/api.w.org\/{rel}","templated":true}]}}