{"id":708541,"date":"2025-08-27T16:15:44","date_gmt":"2025-08-27T13:15:44","guid":{"rendered":"https:\/\/roveyayinevi.com.tr\/index.php\/urun\/david-copperfield-6\/"},"modified":"2026-04-16T02:17:28","modified_gmt":"2026-04-15T23:17:28","slug":"david-copperfield-6","status":"publish","type":"product","link":"https:\/\/roveyayinevi.com.tr\/index.php\/urun\/david-copperfield-6\/","title":{"rendered":"David Copperfield"},"content":{"rendered":"<p>David Copperfield Charles Dickens\u2019\u0131n en sevilen eserlerinden olan David Copperfield, mutsuz bir \u00e7ocu\u011fun t\u00fcm olumsuzluklara g\u00f6\u011f\u00fcs gererek mutlulu\u011fu aramas\u0131n\u0131 anlat\u0131r.   K\u00fc\u00e7\u00fck ya\u015fta annesini yitiren David, ya\u015fam\u0131 boyunca zorluklarla m\u00fccadele eder. Ba\u015f\u0131ndan ge\u00e7en olaylar ve kar\u015f\u0131s\u0131na \u00e7\u0131kan ki\u015filer onu maceradan maceraya s\u00fcr\u00fckler. <\/p>\n","protected":false},"excerpt":{"rendered":"<p>David Copperfield Charles Dickens\u2019\u0131n en sevilen eserlerinden olan David Copperfield, mutsuz bir \u00e7ocu\u011fun t\u00fcm olumsuzluklara g\u00f6\u011f\u00fcs gererek mutlulu\u011fu aramas\u0131n\u0131 anlat\u0131r. K\u00fc\u00e7\u00fck ya\u015fta annesini yitiren David, ya\u015fam\u0131<span class=\"excerpt-hellip\"> [\u2026]<\/span><\/p>\n","protected":false},"featured_media":0,"template":"","meta":{"_monsterinsights_skip_tracking":false,"_monsterinsights_sitenote_active":false,"_monsterinsights_sitenote_note":"","_monsterinsights_sitenote_category":0},"product_brand":[],"product_cat":[12275,12274],"product_tag":[],"class_list":{"0":"post-708541","1":"product","2":"type-product","3":"status-publish","5":"product_cat-6-12-yas-kitaplari","6":"product_cat-cocuk-ve-genclik-kitaplari","7":"pa_cilt-ciltsiz","8":"pa_tur-kitap","9":"pa_yayinevi-arkadas-yayinlari","10":"pa_yazar-charles-dickens","12":"first","13":"instock","14":"sale","15":"shipping-taxable","16":"purchasable","17":"product-type-simple"},"_links":{"self":[{"href":"https:\/\/roveyayinevi.com.tr\/index.php\/wp-json\/wp\/v2\/product\/708541","targetHints":{"allow":["GET"]}}],"collection":[{"href":"https:\/\/roveyayinevi.com.tr\/index.php\/wp-json\/wp\/v2\/product"}],"about":[{"href":"https:\/\/roveyayinevi.com.tr\/index.php\/wp-json\/wp\/v2\/types\/product"}],"wp:attachment":[{"href":"https:\/\/roveyayinevi.com.tr\/index.php\/wp-json\/wp\/v2\/media?parent=708541"}],"wp:term":[{"taxonomy":"product_brand","embeddable":true,"href":"https:\/\/roveyayinevi.com.tr\/index.php\/wp-json\/wp\/v2\/product_brand?post=708541"},{"taxonomy":"product_cat","embeddable":true,"href":"https:\/\/roveyayinevi.com.tr\/index.php\/wp-json\/wp\/v2\/product_cat?post=708541"},{"taxonomy":"product_tag","embeddable":true,"href":"https:\/\/roveyayinevi.com.tr\/index.php\/wp-json\/wp\/v2\/product_tag?post=708541"}],"curies":[{"name":"wp","href":"https:\/\/api.w.org\/{rel}","templated":true}]}}