{"id":708539,"date":"2025-08-27T16:15:43","date_gmt":"2025-08-27T13:15:43","guid":{"rendered":"https:\/\/roveyayinevi.com.tr\/index.php\/urun\/sosyal-demokratlar-ve-turkiyede-kurt-sorunu\/"},"modified":"2026-02-24T02:21:58","modified_gmt":"2026-02-23T23:21:58","slug":"sosyal-demokratlar-ve-turkiyede-kurt-sorunu","status":"publish","type":"product","link":"https:\/\/roveyayinevi.com.tr\/index.php\/urun\/sosyal-demokratlar-ve-turkiyede-kurt-sorunu\/","title":{"rendered":"Sosyal Demokratlar ve T\u00fcrkiye&#8217;de K\u00fcrt Sorunu"},"content":{"rendered":"<p>T\u00fcrkiye&#8217;deki K\u00fcrtlerin \u00f6nemli b\u00f6l\u00fcm\u00fcn\u00fcn en temel talebinin, s\u00f6zde kalmayan ve tek tarafl\u0131 olmayan &#8220;e\u015fit vatanda\u015fl\u0131k&#8221;, T\u00fcrklerin ve K\u00fcrtlerin ortak arzusunun ise bar\u0131\u015f oldu\u011fundan yola \u00e7\u0131karak bu kitap\u00e7\u0131k gelece\u011fe y\u00f6nelik yap\u0131c\u0131 bir sentez ve deneme sunuyor.  Sosyal demokratlar\u0131n, bu konuda daha a\u011f\u0131rl\u0131kl\u0131 ve \u00f6nc\u00fc bir rol oynayabilmelerinin, T\u00fcrkiye&#8217;de daha dengeli bir siyasal sistemin ortaya \u00e7\u0131kmas\u0131 ve demokrasinin gelece\u011fi a\u00e7\u0131s\u0131ndan da ya\u015famsal \u00f6neme sahip oldu\u011funun alt\u0131 \u00e7iziliyor. <\/p>\n","protected":false},"excerpt":{"rendered":"<p>T\u00fcrkiye&#8217;deki K\u00fcrtlerin \u00f6nemli b\u00f6l\u00fcm\u00fcn\u00fcn en temel talebinin, s\u00f6zde kalmayan ve tek tarafl\u0131 olmayan &#8220;e\u015fit vatanda\u015fl\u0131k&#8221;, T\u00fcrklerin ve K\u00fcrtlerin ortak arzusunun ise bar\u0131\u015f oldu\u011fundan yola \u00e7\u0131karak bu<span class=\"excerpt-hellip\"> [\u2026]<\/span><\/p>\n","protected":false},"featured_media":0,"template":"","meta":{"_monsterinsights_skip_tracking":false,"_monsterinsights_sitenote_active":false,"_monsterinsights_sitenote_note":"","_monsterinsights_sitenote_category":0},"product_brand":[],"product_cat":[12337,14543],"product_tag":[],"class_list":{"0":"post-708539","1":"product","2":"type-product","3":"status-publish","5":"product_cat-politika-siyaset","6":"product_cat-turkiye-siyaseti-ve-politikasi","7":"pa_cilt-ciltsiz","8":"pa_tur-kitap","9":"pa_yayinevi-alabanda-yayin","10":"pa_yazar-murat-somer","12":"first","13":"instock","14":"sale","15":"shipping-taxable","16":"purchasable","17":"product-type-simple"},"_links":{"self":[{"href":"https:\/\/roveyayinevi.com.tr\/index.php\/wp-json\/wp\/v2\/product\/708539","targetHints":{"allow":["GET"]}}],"collection":[{"href":"https:\/\/roveyayinevi.com.tr\/index.php\/wp-json\/wp\/v2\/product"}],"about":[{"href":"https:\/\/roveyayinevi.com.tr\/index.php\/wp-json\/wp\/v2\/types\/product"}],"wp:attachment":[{"href":"https:\/\/roveyayinevi.com.tr\/index.php\/wp-json\/wp\/v2\/media?parent=708539"}],"wp:term":[{"taxonomy":"product_brand","embeddable":true,"href":"https:\/\/roveyayinevi.com.tr\/index.php\/wp-json\/wp\/v2\/product_brand?post=708539"},{"taxonomy":"product_cat","embeddable":true,"href":"https:\/\/roveyayinevi.com.tr\/index.php\/wp-json\/wp\/v2\/product_cat?post=708539"},{"taxonomy":"product_tag","embeddable":true,"href":"https:\/\/roveyayinevi.com.tr\/index.php\/wp-json\/wp\/v2\/product_tag?post=708539"}],"curies":[{"name":"wp","href":"https:\/\/api.w.org\/{rel}","templated":true}]}}