{"id":708536,"date":"2025-08-27T16:15:42","date_gmt":"2025-08-27T13:15:42","guid":{"rendered":"https:\/\/roveyayinevi.com.tr\/index.php\/urun\/r-g-collingwoodun-din-felsefesi\/"},"modified":"2026-04-16T02:17:28","modified_gmt":"2026-04-15T23:17:28","slug":"r-g-collingwoodun-din-felsefesi","status":"publish","type":"product","link":"https:\/\/roveyayinevi.com.tr\/index.php\/urun\/r-g-collingwoodun-din-felsefesi\/","title":{"rendered":"R.g Collingwood&#8217;un Din Felsefesi"},"content":{"rendered":"<p>Tarih felsefesi \u00fczerine yapt\u0131\u011f\u0131 \u00e7al\u0131\u015fmalarla bilinen Collingwood\u2019un din ve din felsefesine dair g\u00f6r\u00fc\u015fleri neredeyse hi\u00e7 bilinmez. Ona g\u00f6re din, en temelde hakikat aray\u0131\u015f\u0131na girmektir. Bu aray\u0131\u015f\u0131n ke\u015ffetti\u011fi ve ke\u015ffedebilece\u011fi hakikatse, g\u00f6zlerden \u0131rak bir \u015fekilde sembolizmin -\u201ckutsal sand\u0131\u011f\u0131nda\u201d saklanan bir hakikattir. Biz benzetmeleri g\u00f6r\u00fcr\u00fcz ama hakikati g\u00f6rmeyiz. Sadece hakikatin orada oldu\u011funu biliriz ve onun varl\u0131\u011f\u0131, benzetmelerin g\u00fczelli\u011fini kutsall\u0131\u011fa d\u00f6n\u00fc\u015ft\u00fcr\u00fcr. Ne ki bu kutsall\u0131k, salt bir sembol\u00fcn m\u00fclk\u00fc oldu\u011fu \u00f6l\u00e7\u00fcde din daima putperestlik ve hurafe unsurunu b\u00fcnyesinde ta\u015f\u0131yacakt\u0131r. Asl\u0131na bak\u0131l\u0131rsa, din, hurafe ve putlar\u0131 y\u0131kma, s\u00f6z\u00fcn ard\u0131nda sakl\u0131 olan ger\u00e7ek anlama ula\u015fma ebedi \u00e7abas\u0131ndan ibarettir. Eksiklikleri, hatta fanatizm potansiyelinden dolay\u0131 tehlikelerine ra\u011fmen, t\u00fcm dinler insanlar\u0131 bir arada tutar ve dinin vazge\u00e7ilmez toplumsal bir rol\u00fc vard\u0131r; din, bu rol\u00fc oynamaya da devam edecektir. \u00c7\u00fcnk\u00fc din insanlar\u0131n dostane \u015fekilde birlikte ya\u015famalar\u0131n\u0131 sa\u011flar. Bu ba\u011flamda, bir c\u00fcmleyle s\u00f6ylersek, Collingwood\u2019a g\u00f6re, din felsefesi, d\u00fczenli bilgiler toplulu\u011fu anlam\u0131nda din biliminin felsefesidir. <\/p>\n","protected":false},"excerpt":{"rendered":"<p>Tarih felsefesi \u00fczerine yapt\u0131\u011f\u0131 \u00e7al\u0131\u015fmalarla bilinen Collingwood\u2019un din ve din felsefesine dair g\u00f6r\u00fc\u015fleri neredeyse hi\u00e7 bilinmez. Ona g\u00f6re din, en temelde hakikat aray\u0131\u015f\u0131na girmektir. Bu aray\u0131\u015f\u0131n<span class=\"excerpt-hellip\"> [\u2026]<\/span><\/p>\n","protected":false},"featured_media":0,"template":"","meta":{"_monsterinsights_skip_tracking":false,"_monsterinsights_sitenote_active":false,"_monsterinsights_sitenote_note":"","_monsterinsights_sitenote_category":0},"product_brand":[],"product_cat":[19998,12388],"product_tag":[],"class_list":{"0":"post-708536","1":"product","2":"type-product","3":"status-publish","5":"product_cat-din-felsefesi","6":"product_cat-felsefe","7":"pa_cilt-ciltsiz","8":"pa_tur-kitap","9":"pa_yayinevi-bilgesu-yayincilik","10":"pa_yazar-talip-kabadayi","12":"first","13":"instock","14":"sale","15":"shipping-taxable","16":"purchasable","17":"product-type-simple"},"_links":{"self":[{"href":"https:\/\/roveyayinevi.com.tr\/index.php\/wp-json\/wp\/v2\/product\/708536","targetHints":{"allow":["GET"]}}],"collection":[{"href":"https:\/\/roveyayinevi.com.tr\/index.php\/wp-json\/wp\/v2\/product"}],"about":[{"href":"https:\/\/roveyayinevi.com.tr\/index.php\/wp-json\/wp\/v2\/types\/product"}],"wp:attachment":[{"href":"https:\/\/roveyayinevi.com.tr\/index.php\/wp-json\/wp\/v2\/media?parent=708536"}],"wp:term":[{"taxonomy":"product_brand","embeddable":true,"href":"https:\/\/roveyayinevi.com.tr\/index.php\/wp-json\/wp\/v2\/product_brand?post=708536"},{"taxonomy":"product_cat","embeddable":true,"href":"https:\/\/roveyayinevi.com.tr\/index.php\/wp-json\/wp\/v2\/product_cat?post=708536"},{"taxonomy":"product_tag","embeddable":true,"href":"https:\/\/roveyayinevi.com.tr\/index.php\/wp-json\/wp\/v2\/product_tag?post=708536"}],"curies":[{"name":"wp","href":"https:\/\/api.w.org\/{rel}","templated":true}]}}