{"id":708533,"date":"2025-08-27T16:15:40","date_gmt":"2025-08-27T13:15:40","guid":{"rendered":"https:\/\/roveyayinevi.com.tr\/index.php\/urun\/din-siyaset-ve-kadin-iran-devrimi\/"},"modified":"2026-04-12T02:20:02","modified_gmt":"2026-04-11T23:20:02","slug":"din-siyaset-ve-kadin-iran-devrimi","status":"publish","type":"product","link":"https:\/\/roveyayinevi.com.tr\/index.php\/urun\/din-siyaset-ve-kadin-iran-devrimi\/","title":{"rendered":"Din Siyaset ve Kad\u0131n (\u0130ran Devrimi)"},"content":{"rendered":"<p>G\u00fcn\u00fcm\u00fczde, din, siyaset ve kad\u0131n, kamusal tart\u0131\u015fmalar\u0131n en \u00e7ok yo\u011funla\u015ft\u0131\u011f\u0131 ba\u015fl\u0131klar aras\u0131nda. D\u00fcnyan\u0131n pek \u00e7ok yerinde oldu\u011fu gibi, T\u00fcrkiye\u2019de de kamusal alanda din, laikli\u011fin ald\u0131\u011f\u0131 yeni bi\u00e7imler, kad\u0131nlar\u0131n toplumsal ya\u015fama kat\u0131l\u0131m\u0131 ve dinsel \u015fiddet gibi konular pek \u00e7ok toplumsal ve siyasal \u00e7at\u0131\u015fman\u0131n ana belirleyeni durumunda. Son y\u0131llarda t\u00fcm d\u00fcnyada dinin artan etkisi, bu tart\u0131\u015fmalarda daha belirgin bir konum kazanmas\u0131na neden oluyor. Kad\u0131nlar, bu tart\u0131\u015fmalarda ve \u00e7at\u0131\u015fmalarda ya pasif bir \u201cnesne\u201d olarak ele al\u0131n\u0131yor ya da erkek egemen bu tart\u0131\u015fmalar\u0131n ve \u00e7at\u0131\u015fmalar\u0131n ma\u011fduru oluyor. \u00d6zellikle \u0130slam toplumlar\u0131nda kad\u0131nlar \u00fczerinden y\u00fcr\u00fcyen laiklik tart\u0131\u015fmas\u0131, erkek egemen sistemin t\u00fcm bask\u0131c\u0131 unsurlar\u0131n\u0131 ta\u015f\u0131yor. T\u00fcrkiye\u2019de son y\u0131llarda din, siyaset ve kad\u0131n konusunda ya\u015fanan geli\u015fmeler, toplumun b\u00fct\u00fcn\u00fcn\u00fcn ya\u015fam\u0131n\u0131n her alan\u0131n\u0131 ilgilendiren bir hal alm\u0131\u015f durumda. Serpil Sancar, Din, Siyaset ve Kad\u0131n\/\u0130ran Devrimi kitab\u0131nda, bu tart\u0131\u015fmalar\u0131 yan\u0131 ba\u015f\u0131m\u0131zdaki \u201cuzak\u201d kom\u015fumuz \u0130ran \u00fczerinden ele al\u0131yor. Sancar\u2019\u0131n temel tart\u0131\u015fma noktas\u0131, i\u00e7eri\u011fi ve bi\u00e7imi de\u011fi\u015fen erkek egemen siyasi yap\u0131lanmalar ve din aras\u0131nda kalan kad\u0131nlar\u0131n varl\u0131k m\u00fccadelesi. Kad\u0131nlar\u0131n hayatta kalma m\u00fccadelesi elbete t\u00fcm toplumun varl\u0131k m\u00fccadelesi halini al\u0131yor. Din ve siyaset ili\u015fkisi, toplumsal ya\u015fam\u0131n belirlenmesi ba\u011flam\u0131nda eski d\u00f6nemlerden bu yana tart\u0131\u015fmal\u0131 ve \u00e7at\u0131\u015fmal\u0131 bir bi\u00e7imde s\u00fcrerken, g\u00fcn\u00fcm\u00fczde laiklik ve din ili\u015fkisi daha karma\u015f\u0131k ve demokratik mekanizmalar\u0131 korumak i\u00e7in yo\u011fun bir m\u00fccadele gerektiren bir hal al\u0131yor. Sancar, \u0130ran \u0130slam Devrimi \u00f6ncesi ve sonras\u0131nda kad\u0131nlar\u0131n, toplumsal ve siyasal ya\u015fama kat\u0131l\u0131m\u0131, ortaya \u00e7\u0131kard\u0131klar\u0131 \u00f6rg\u00fctlenmeler, yay\u0131nlar ve yapt\u0131klar\u0131 eylemleri incelerken, dinin kamusal alandaki yeri konusunda tart\u0131\u015fmalar\u0131n ya\u015fand\u0131\u011f\u0131 pek \u00e7ok \u00fclkedeki sorunlar konusunda da ufuk a\u00e7\u0131c\u0131 \u00f6rnekler sunuyor. Sancar\u2019\u0131n \u0130ran \u00fczerinden y\u00fcr\u00fctt\u00fc\u011f\u00fc tart\u0131\u015fma, T\u00fcrkiye gibi g\u00fcn\u00fcm\u00fczde bu sorunlar\u0131 her y\u00f6n\u00fcyle daha yo\u011fun bir \u015fekilde ya\u015famaya ba\u015flayan \u00fclkelerdeki tart\u0131\u015fmalara \u0131\u015f\u0131k tutuyor. Serpil Sancar, kad\u0131nlar\u0131n \u00f6zg\u00fcrl\u00fck m\u00fccadelesinin, b\u00fct\u00fcn bir halk\u0131n \u00f6zg\u00fcrl\u00fckler d\u00fcnyas\u0131 i\u00e7in nas\u0131l kilit bir role sahip oldu\u011funu ortaya koyuyor. <\/p>\n","protected":false},"excerpt":{"rendered":"<p>G\u00fcn\u00fcm\u00fczde, din, siyaset ve kad\u0131n, kamusal tart\u0131\u015fmalar\u0131n en \u00e7ok yo\u011funla\u015ft\u0131\u011f\u0131 ba\u015fl\u0131klar aras\u0131nda. D\u00fcnyan\u0131n pek \u00e7ok yerinde oldu\u011fu gibi, T\u00fcrkiye\u2019de de kamusal alanda din, laikli\u011fin ald\u0131\u011f\u0131 yeni<span class=\"excerpt-hellip\"> [\u2026]<\/span><\/p>\n","protected":false},"featured_media":0,"template":"","meta":{"_monsterinsights_skip_tracking":false,"_monsterinsights_sitenote_active":false,"_monsterinsights_sitenote_note":"","_monsterinsights_sitenote_category":0},"product_brand":[],"product_cat":[20085,12337],"product_tag":[],"class_list":{"0":"post-708533","1":"product","2":"type-product","3":"status-publish","5":"product_cat-islam-ortadogu","6":"product_cat-politika-siyaset","7":"pa_cilt-ciltsiz","8":"pa_tur-kitap","9":"pa_yayinevi-nika-yayinevi","10":"pa_yazar-serpil-sancar","12":"first","13":"instock","14":"sale","15":"shipping-taxable","16":"purchasable","17":"product-type-simple"},"_links":{"self":[{"href":"https:\/\/roveyayinevi.com.tr\/index.php\/wp-json\/wp\/v2\/product\/708533","targetHints":{"allow":["GET"]}}],"collection":[{"href":"https:\/\/roveyayinevi.com.tr\/index.php\/wp-json\/wp\/v2\/product"}],"about":[{"href":"https:\/\/roveyayinevi.com.tr\/index.php\/wp-json\/wp\/v2\/types\/product"}],"wp:attachment":[{"href":"https:\/\/roveyayinevi.com.tr\/index.php\/wp-json\/wp\/v2\/media?parent=708533"}],"wp:term":[{"taxonomy":"product_brand","embeddable":true,"href":"https:\/\/roveyayinevi.com.tr\/index.php\/wp-json\/wp\/v2\/product_brand?post=708533"},{"taxonomy":"product_cat","embeddable":true,"href":"https:\/\/roveyayinevi.com.tr\/index.php\/wp-json\/wp\/v2\/product_cat?post=708533"},{"taxonomy":"product_tag","embeddable":true,"href":"https:\/\/roveyayinevi.com.tr\/index.php\/wp-json\/wp\/v2\/product_tag?post=708533"}],"curies":[{"name":"wp","href":"https:\/\/api.w.org\/{rel}","templated":true}]}}