{"id":708531,"date":"2025-08-27T16:15:39","date_gmt":"2025-08-27T13:15:39","guid":{"rendered":"https:\/\/roveyayinevi.com.tr\/index.php\/urun\/bak-su-kalbimin-esine\/"},"modified":"2026-04-16T02:17:28","modified_gmt":"2026-04-15T23:17:28","slug":"bak-su-kalbimin-esine","status":"publish","type":"product","link":"https:\/\/roveyayinevi.com.tr\/index.php\/urun\/bak-su-kalbimin-esine\/","title":{"rendered":"Bak \u015eu Kalbimin E\u015fine"},"content":{"rendered":"<p>Mecnun kavu\u015fmasayd\u0131 Leyla\u2019s\u0131na hala konu\u015fur muyduk a\u015fklar\u0131n\u0131?Onun \u00e7ekti\u011fi her \u00e7ile y\u00fcre\u011findeki a\u015fk\u0131 per\u00e7inlemeseydi duyabilir miydik adlar\u0131n\u0131?Onlar bu d\u00fcnyadan vazge\u00e7mi\u015flerdi ve biliyorlard\u0131 bu d\u00fcnyan\u0131n ebediyet yolunda bir durak oldu\u011funu.\u00c7ekilen \u00e7ilede a\u015fk\u0131n lezzetini tadabilmek herkese nasip olmazd\u0131, zira herkes de zaten efsane olamazd\u0131.A\u015fk, be\u015ferden al\u0131p \u0130lahi\u2019ye ula\u015ft\u0131rabiliyorsa a\u015fkt\u0131\u2026Ekrem, ne Mecnun\u2019du ne de Ferhat\u2026A\u015fk\u0131 i\u00e7in delecek bir da\u011f yoktu belki kar\u015f\u0131s\u0131nda ama sevdi\u011fine sundu\u011fu kocaman bir y\u00fcre\u011fi vard\u0131\u2026 <\/p>\n","protected":false},"excerpt":{"rendered":"<p>Mecnun kavu\u015fmasayd\u0131 Leyla\u2019s\u0131na hala konu\u015fur muyduk a\u015fklar\u0131n\u0131?Onun \u00e7ekti\u011fi her \u00e7ile y\u00fcre\u011findeki a\u015fk\u0131 per\u00e7inlemeseydi duyabilir miydik adlar\u0131n\u0131?Onlar bu d\u00fcnyadan vazge\u00e7mi\u015flerdi ve biliyorlard\u0131 bu d\u00fcnyan\u0131n ebediyet yolunda bir<span class=\"excerpt-hellip\"> [\u2026]<\/span><\/p>\n","protected":false},"featured_media":0,"template":"","meta":{"_monsterinsights_skip_tracking":false,"_monsterinsights_sitenote_active":false,"_monsterinsights_sitenote_note":"","_monsterinsights_sitenote_category":0},"product_brand":[],"product_cat":[12291,12711],"product_tag":[],"class_list":{"0":"post-708531","1":"product","2":"type-product","3":"status-publish","5":"product_cat-edebiyat","6":"product_cat-roman-oyku","7":"pa_cilt-ciltsiz","8":"pa_tur-kitap","9":"pa_yayinevi-eyobi-yayinevi","10":"pa_yazar-sefa-avci","12":"first","13":"instock","14":"sale","15":"shipping-taxable","16":"purchasable","17":"product-type-simple"},"_links":{"self":[{"href":"https:\/\/roveyayinevi.com.tr\/index.php\/wp-json\/wp\/v2\/product\/708531","targetHints":{"allow":["GET"]}}],"collection":[{"href":"https:\/\/roveyayinevi.com.tr\/index.php\/wp-json\/wp\/v2\/product"}],"about":[{"href":"https:\/\/roveyayinevi.com.tr\/index.php\/wp-json\/wp\/v2\/types\/product"}],"wp:attachment":[{"href":"https:\/\/roveyayinevi.com.tr\/index.php\/wp-json\/wp\/v2\/media?parent=708531"}],"wp:term":[{"taxonomy":"product_brand","embeddable":true,"href":"https:\/\/roveyayinevi.com.tr\/index.php\/wp-json\/wp\/v2\/product_brand?post=708531"},{"taxonomy":"product_cat","embeddable":true,"href":"https:\/\/roveyayinevi.com.tr\/index.php\/wp-json\/wp\/v2\/product_cat?post=708531"},{"taxonomy":"product_tag","embeddable":true,"href":"https:\/\/roveyayinevi.com.tr\/index.php\/wp-json\/wp\/v2\/product_tag?post=708531"}],"curies":[{"name":"wp","href":"https:\/\/api.w.org\/{rel}","templated":true}]}}