{"id":708530,"date":"2025-08-27T16:15:39","date_gmt":"2025-08-27T13:15:39","guid":{"rendered":"https:\/\/roveyayinevi.com.tr\/index.php\/urun\/iklimsiz\/"},"modified":"2026-04-16T02:17:28","modified_gmt":"2026-04-15T23:17:28","slug":"iklimsiz","status":"publish","type":"product","link":"https:\/\/roveyayinevi.com.tr\/index.php\/urun\/iklimsiz\/","title":{"rendered":"\u0130klimsiz"},"content":{"rendered":"<p>Bir dilek\/le ba\u015flar bazen hayata dair arzular; d\u00fcnyevi ve s\u0131radan bir niyettir tuttu\u011fun oysa. Ama gel g\u00f6r ki s\u0131\u011fmaz ne ellerine ne de avu\u00e7lar\u0131na; ad\u0131 \u00fczerinde eri\u015filmez oldu\u011fu kan\u0131s\u0131na kap\u0131l\u0131rs\u0131n, duand\u0131r neticede. Allar pullars\u0131n dima\u011f\u0131nda, san\u0131rs\u0131n ki d\u00fcnyada tek kusursuz insan odur. \u201cHo\u015f geldin!\u201d der, al\u0131rs\u0131n i\u00e7eri ve g\u00f6z bebeklerinde \u0131\u015f\u0131ldar mutluluk.Sa\u011f omzuna yerle\u015fmi\u015f melek f\u0131s\u0131ldar kula\u011f\u0131na, \u201cEtme, asl\u0131 astar\u0131 insan. G\u00f6rd\u00fc\u011f\u00fcn resme dikkatle bak,\u201d diye. Dinlemez, fitneden sayars\u0131n. \u00c7\u00fcnk\u00fc o s\u0131rada \u015feytan g\u00f6nl\u00fcne ho\u015f eder t\u00fcm evreni. K\u00f6r gibi bakars\u0131n asl\u0131n\u0131 g\u00f6rd\u00fc\u011f\u00fcn her \u015feye. Duymazdan gelmeyi \u00f6\u011frenirsin sonra sonra&#8230; Ba\u015flar kendinle do\u011fru-e\u011fri aras\u0131ndaki sava\u015f\u0131n. Bilirsin, susmay\u0131 \u00f6\u011frenirsin.Demlere, telvelere verirsin ku\u015fku dolu uykular\u0131n\u0131. Bir gram huzur girmez olur g\u00f6n\u00fcl hanene. Y\u00fczle\u015fmek istemez, hep bir bahane bulursun ille de sevmek i\u00e7in. Kar\u0131\u015f kar\u0131\u015f ar\u015f\u0131nlars\u0131n ona gidecek ne kadar yol varsa&#8230; Oysa \u00e7\u0131kmazd\u0131r b\u00fct\u00fcn gidi\u015flerin. D\u00f6n\u00fcp d\u00f6n\u00fcp kaybolursun kendi etraf\u0131nda&#8230; Ama gel g\u00f6r ki ritmi bozuktur sevgilinin&#8230; <\/p>\n","protected":false},"excerpt":{"rendered":"<p>Bir dilek\/le ba\u015flar bazen hayata dair arzular; d\u00fcnyevi ve s\u0131radan bir niyettir tuttu\u011fun oysa. Ama gel g\u00f6r ki s\u0131\u011fmaz ne ellerine ne de avu\u00e7lar\u0131na; ad\u0131 \u00fczerinde<span class=\"excerpt-hellip\"> [\u2026]<\/span><\/p>\n","protected":false},"featured_media":0,"template":"","meta":{"_monsterinsights_skip_tracking":false,"_monsterinsights_sitenote_active":false,"_monsterinsights_sitenote_note":"","_monsterinsights_sitenote_category":0},"product_brand":[],"product_cat":[12291,12711],"product_tag":[],"class_list":{"0":"post-708530","1":"product","2":"type-product","3":"status-publish","5":"product_cat-edebiyat","6":"product_cat-roman-oyku","7":"pa_cilt-ciltsiz","8":"pa_tur-kitap","9":"pa_yayinevi-eyobi-yayinevi","10":"pa_yazar-ayla-kapici","12":"first","13":"instock","14":"sale","15":"shipping-taxable","16":"purchasable","17":"product-type-simple"},"_links":{"self":[{"href":"https:\/\/roveyayinevi.com.tr\/index.php\/wp-json\/wp\/v2\/product\/708530","targetHints":{"allow":["GET"]}}],"collection":[{"href":"https:\/\/roveyayinevi.com.tr\/index.php\/wp-json\/wp\/v2\/product"}],"about":[{"href":"https:\/\/roveyayinevi.com.tr\/index.php\/wp-json\/wp\/v2\/types\/product"}],"wp:attachment":[{"href":"https:\/\/roveyayinevi.com.tr\/index.php\/wp-json\/wp\/v2\/media?parent=708530"}],"wp:term":[{"taxonomy":"product_brand","embeddable":true,"href":"https:\/\/roveyayinevi.com.tr\/index.php\/wp-json\/wp\/v2\/product_brand?post=708530"},{"taxonomy":"product_cat","embeddable":true,"href":"https:\/\/roveyayinevi.com.tr\/index.php\/wp-json\/wp\/v2\/product_cat?post=708530"},{"taxonomy":"product_tag","embeddable":true,"href":"https:\/\/roveyayinevi.com.tr\/index.php\/wp-json\/wp\/v2\/product_tag?post=708530"}],"curies":[{"name":"wp","href":"https:\/\/api.w.org\/{rel}","templated":true}]}}