{"id":708528,"date":"2025-08-27T16:15:38","date_gmt":"2025-08-27T13:15:38","guid":{"rendered":"https:\/\/roveyayinevi.com.tr\/index.php\/urun\/kendine-gel\/"},"modified":"2026-04-11T13:36:01","modified_gmt":"2026-04-11T10:36:01","slug":"kendine-gel","status":"publish","type":"product","link":"https:\/\/roveyayinevi.com.tr\/index.php\/urun\/kendine-gel\/","title":{"rendered":"Kendine Gel"},"content":{"rendered":"<p>\u00d6z\u00fcne d\u00f6n, silkelen&#8230;D\u00fcnyaya uzaktan bak.Nereden geldi\u011fini unutma.\u00d6zellikle duygular\u0131n&#8230;Nereye nas\u0131l ta\u015f\u0131nd\u0131\u011f\u0131n\u0131 bil ama ta\u015f\u0131ma&#8230;A\u015f\u0131k ol ama aldatma.\u0130leriyi g\u00f6r ama \u00f6nyarg\u0131l\u0131 olma.Dinlemeyi bil ama duymazdan gelme.Uyar ama ukala olma.Bir nefesin bin asra bedeldir belki&#8230;Kendine k\u0131z ama asla y\u0131lma. <\/p>\n","protected":false},"excerpt":{"rendered":"<p>\u00d6z\u00fcne d\u00f6n, silkelen&#8230;D\u00fcnyaya uzaktan bak.Nereden geldi\u011fini unutma.\u00d6zellikle duygular\u0131n&#8230;Nereye nas\u0131l ta\u015f\u0131nd\u0131\u011f\u0131n\u0131 bil ama ta\u015f\u0131ma&#8230;A\u015f\u0131k ol ama aldatma.\u0130leriyi g\u00f6r ama \u00f6nyarg\u0131l\u0131 olma.Dinlemeyi bil ama duymazdan gelme.Uyar ama ukala<span class=\"excerpt-hellip\"> [\u2026]<\/span><\/p>\n","protected":false},"featured_media":0,"template":"","meta":{"_monsterinsights_skip_tracking":false,"_monsterinsights_sitenote_active":false,"_monsterinsights_sitenote_note":"","_monsterinsights_sitenote_category":0},"product_brand":[],"product_cat":[12364,12376],"product_tag":[],"class_list":{"0":"post-708528","1":"product","2":"type-product","3":"status-publish","5":"product_cat-genel-konular","6":"product_cat-kisisel-gelisim","7":"pa_cilt-ciltsiz","8":"pa_tur-kitap","9":"pa_yayinevi-dokuz-yayinlari","10":"pa_yazar-seyma-eke","12":"first","13":"instock","14":"sale","15":"shipping-taxable","16":"purchasable","17":"product-type-simple"},"_links":{"self":[{"href":"https:\/\/roveyayinevi.com.tr\/index.php\/wp-json\/wp\/v2\/product\/708528","targetHints":{"allow":["GET"]}}],"collection":[{"href":"https:\/\/roveyayinevi.com.tr\/index.php\/wp-json\/wp\/v2\/product"}],"about":[{"href":"https:\/\/roveyayinevi.com.tr\/index.php\/wp-json\/wp\/v2\/types\/product"}],"wp:attachment":[{"href":"https:\/\/roveyayinevi.com.tr\/index.php\/wp-json\/wp\/v2\/media?parent=708528"}],"wp:term":[{"taxonomy":"product_brand","embeddable":true,"href":"https:\/\/roveyayinevi.com.tr\/index.php\/wp-json\/wp\/v2\/product_brand?post=708528"},{"taxonomy":"product_cat","embeddable":true,"href":"https:\/\/roveyayinevi.com.tr\/index.php\/wp-json\/wp\/v2\/product_cat?post=708528"},{"taxonomy":"product_tag","embeddable":true,"href":"https:\/\/roveyayinevi.com.tr\/index.php\/wp-json\/wp\/v2\/product_tag?post=708528"}],"curies":[{"name":"wp","href":"https:\/\/api.w.org\/{rel}","templated":true}]}}