{"id":708526,"date":"2025-08-27T16:15:37","date_gmt":"2025-08-27T13:15:37","guid":{"rendered":"https:\/\/roveyayinevi.com.tr\/index.php\/urun\/filler-ve-bulutlar\/"},"modified":"2026-04-16T02:17:28","modified_gmt":"2026-04-15T23:17:28","slug":"filler-ve-bulutlar","status":"publish","type":"product","link":"https:\/\/roveyayinevi.com.tr\/index.php\/urun\/filler-ve-bulutlar\/","title":{"rendered":"Filler Ve Bulutlar"},"content":{"rendered":"<p>Birileri vurulur bilmedi\u011fi bir sokakta, hi\u00e7 beklemedi\u011fi bir anda.Birileri ka\u00e7ar ger\u00e7eklerden korktu\u011fu i\u00e7in.Birileri bo\u015f alkol \u015fi\u015feleriyle avutur kendini.Birileri ba\u015f\u0131n\u0131 koyacak bir omuz bulmu\u015ftur elbet yolun en ba\u015f\u0131nda.Birileri ya\u015famaya korkar.Birileri ilk zamana d\u00f6nmeye \u00e7al\u0131\u015f\u0131r.Birileri yalanlarla avutur kendini.Birileri yeni bir aray\u0131\u015f i\u00e7indedir her dakika.Birileri bo\u015f sahil banklar\u0131na kaz\u0131r hik\u00e2yesini.Birileri \u015fiirler yazar sayfalarca.Birileri evinin yolunu unutur.Birileri tekelin yolunu g\u00f6z\u00fc kapal\u0131 bulur.Birileri can\u0131n olur. Birileri o can\u0131na k\u0131yan.Birileri hi\u00e7 beklemedi\u011fin bir anda atar elini omzuna.Birileri hi\u00e7 bilmedi\u011fin bir anda saplar b\u0131\u00e7a\u011f\u0131n\u0131 s\u0131rt\u0131na.Birileri bilemi\u015ftir b\u0131\u00e7a\u011f\u0131n\u0131. Birileri k\u00f6reltmi\u015ftir t\u00fcm duygular\u0131n\u0131.Birileri u\u011fruna her \u015feyi feda edecek kadar vefal\u0131d\u0131r.Birileri ka\u00e7ar sava\u015flar\u0131ndan korkak\u00e7a. Birileri yaralan\u0131r yolun en ba\u015f\u0131nda.Birileri oturup a\u011flar t\u00fcm gece boyunca sadece.Yani hayat durmaz sen \u00fcz\u00fcld\u00fcn diye. <\/p>\n","protected":false},"excerpt":{"rendered":"<p>Birileri vurulur bilmedi\u011fi bir sokakta, hi\u00e7 beklemedi\u011fi bir anda.Birileri ka\u00e7ar ger\u00e7eklerden korktu\u011fu i\u00e7in.Birileri bo\u015f alkol \u015fi\u015feleriyle avutur kendini.Birileri ba\u015f\u0131n\u0131 koyacak bir omuz bulmu\u015ftur elbet yolun en<span class=\"excerpt-hellip\"> [\u2026]<\/span><\/p>\n","protected":false},"featured_media":0,"template":"","meta":{"_monsterinsights_skip_tracking":false,"_monsterinsights_sitenote_active":false,"_monsterinsights_sitenote_note":"","_monsterinsights_sitenote_category":0},"product_brand":[],"product_cat":[12777,12291],"product_tag":[],"class_list":{"0":"post-708526","1":"product","2":"type-product","3":"status-publish","5":"product_cat-deneme","6":"product_cat-edebiyat","7":"pa_cilt-ciltsiz","8":"pa_tur-kitap","9":"pa_yayinevi-dokuz-yayinlari","10":"pa_yazar-salih-caglayan","12":"first","13":"instock","14":"sale","15":"shipping-taxable","16":"purchasable","17":"product-type-simple"},"_links":{"self":[{"href":"https:\/\/roveyayinevi.com.tr\/index.php\/wp-json\/wp\/v2\/product\/708526","targetHints":{"allow":["GET"]}}],"collection":[{"href":"https:\/\/roveyayinevi.com.tr\/index.php\/wp-json\/wp\/v2\/product"}],"about":[{"href":"https:\/\/roveyayinevi.com.tr\/index.php\/wp-json\/wp\/v2\/types\/product"}],"wp:attachment":[{"href":"https:\/\/roveyayinevi.com.tr\/index.php\/wp-json\/wp\/v2\/media?parent=708526"}],"wp:term":[{"taxonomy":"product_brand","embeddable":true,"href":"https:\/\/roveyayinevi.com.tr\/index.php\/wp-json\/wp\/v2\/product_brand?post=708526"},{"taxonomy":"product_cat","embeddable":true,"href":"https:\/\/roveyayinevi.com.tr\/index.php\/wp-json\/wp\/v2\/product_cat?post=708526"},{"taxonomy":"product_tag","embeddable":true,"href":"https:\/\/roveyayinevi.com.tr\/index.php\/wp-json\/wp\/v2\/product_tag?post=708526"}],"curies":[{"name":"wp","href":"https:\/\/api.w.org\/{rel}","templated":true}]}}