{"id":708525,"date":"2025-08-27T16:15:36","date_gmt":"2025-08-27T13:15:36","guid":{"rendered":"https:\/\/roveyayinevi.com.tr\/index.php\/urun\/efnan\/"},"modified":"2026-04-13T02:21:38","modified_gmt":"2026-04-12T23:21:38","slug":"efnan","status":"publish","type":"product","link":"https:\/\/roveyayinevi.com.tr\/index.php\/urun\/efnan\/","title":{"rendered":"Efnan"},"content":{"rendered":"<p>Bu kez &#8220;Nereye giderse gitsin, sonunda kendine d\u00f6n\u00fcyor insan&#8221; diye \u00e7\u0131kt\u0131k yola. Hani &#8220;B\u00fct\u00fcn yollar sana \u00e7\u0131k\u0131yor&#8221; diyorlar ya; asl\u0131nda b\u00fct\u00fcn yollar kendimize \u00e7\u0131k\u0131yor \u00f6n\u00fcnde sonunda&#8230; \u00c7\u00fcnk\u00fc s\u0131\u011fmad\u0131k, s\u0131\u011famad\u0131k ya da s\u0131\u011fd\u0131rmad\u0131lar. Belki de en \u00e7ok s\u0131\u011fd\u0131rmad\u0131lar, bilmiyorum bunu. \u00d6m\u00fcr dedi\u011fimiz ve i\u00e7inde ya\u015fad\u0131\u011f\u0131m\u0131z \u00e7ember gitgide daral\u0131yor. \u00c7ember darald\u0131k\u00e7a da biz tela\u015fa kap\u0131l\u0131yoruz. Daha ne kadar ya\u015fayaca\u011f\u0131m\u0131z bir muallak ve ya\u015fanacak \u015feylerin s\u0131ras\u0131 uzarken \u00e7o\u011funa dokunam\u0131yoruz bile. Bir uhde olarak kal\u0131yor. Nas\u0131l b\u00f6yle rahat ve hi\u00e7bir \u015fey olmam\u0131\u015f gibi ya\u015fad\u0131klar\u0131n\u0131 izleyip i\u00e7 \u00e7ekiyoruz yaln\u0131zca&#8230; Bir \u015feylere ya hi\u00e7 ba\u015flayamam\u0131\u015f yahut ba\u015flad\u0131\u011f\u0131m\u0131z \u015feyler yar\u0131da kalm\u0131\u015fken, ba\u015fka nereye gidebilirdik kendimizin d\u0131\u015f\u0131nda? Korkmad\u0131k ama korktular. Gittik yanlar\u0131na ama gelemediler. Duramad\u0131lar bile hatta&#8230; Ama baz\u0131lar\u0131m\u0131z ge\u00e7mi\u015fe tak\u0131l\u0131p kald\u0131 \u00e7o\u011fu zaman. Unutamad\u0131k unutuldu\u011fumuzu. Efnan&#8217;da, ge\u00e7mi\u015fini unutamayan bir adam var. Onu her \u015feye ra\u011fmen ya\u015fatan ve bir bedel \u00f6deyen&#8230; Unutamayanlar\u0131n, gidemeyenlerin, acele edenlerin, k\u0131r\u0131l\u0131p da ses etmeyenlerin, her \u015feye ra\u011fmen yine de pi\u015fman olmayanlar\u0131n ad\u0131na s\u00f6yl\u00fcyorum: Ya\u015fad\u0131k bitti de\u011fil; bende ba\u015flatt\u0131\u011f\u0131n\u0131, ba\u015fkas\u0131nda tamamlad\u0131n. <\/p>\n","protected":false},"excerpt":{"rendered":"<p>Bu kez &#8220;Nereye giderse gitsin, sonunda kendine d\u00f6n\u00fcyor insan&#8221; diye \u00e7\u0131kt\u0131k yola. Hani &#8220;B\u00fct\u00fcn yollar sana \u00e7\u0131k\u0131yor&#8221; diyorlar ya; asl\u0131nda b\u00fct\u00fcn yollar kendimize \u00e7\u0131k\u0131yor \u00f6n\u00fcnde sonunda&#8230;<span class=\"excerpt-hellip\"> [\u2026]<\/span><\/p>\n","protected":false},"featured_media":0,"template":"","meta":{"_monsterinsights_skip_tracking":false,"_monsterinsights_sitenote_active":false,"_monsterinsights_sitenote_note":"","_monsterinsights_sitenote_category":0},"product_brand":[],"product_cat":[12291,12711],"product_tag":[],"class_list":{"0":"post-708525","1":"product","2":"type-product","3":"status-publish","5":"product_cat-edebiyat","6":"product_cat-roman-oyku","7":"pa_cilt-ciltsiz","8":"pa_tur-kitap","9":"pa_yayinevi-dokuz-yayinlari","10":"pa_yazar-halis-karabenli","12":"first","13":"instock","14":"sale","15":"shipping-taxable","16":"purchasable","17":"product-type-simple"},"_links":{"self":[{"href":"https:\/\/roveyayinevi.com.tr\/index.php\/wp-json\/wp\/v2\/product\/708525","targetHints":{"allow":["GET"]}}],"collection":[{"href":"https:\/\/roveyayinevi.com.tr\/index.php\/wp-json\/wp\/v2\/product"}],"about":[{"href":"https:\/\/roveyayinevi.com.tr\/index.php\/wp-json\/wp\/v2\/types\/product"}],"wp:attachment":[{"href":"https:\/\/roveyayinevi.com.tr\/index.php\/wp-json\/wp\/v2\/media?parent=708525"}],"wp:term":[{"taxonomy":"product_brand","embeddable":true,"href":"https:\/\/roveyayinevi.com.tr\/index.php\/wp-json\/wp\/v2\/product_brand?post=708525"},{"taxonomy":"product_cat","embeddable":true,"href":"https:\/\/roveyayinevi.com.tr\/index.php\/wp-json\/wp\/v2\/product_cat?post=708525"},{"taxonomy":"product_tag","embeddable":true,"href":"https:\/\/roveyayinevi.com.tr\/index.php\/wp-json\/wp\/v2\/product_tag?post=708525"}],"curies":[{"name":"wp","href":"https:\/\/api.w.org\/{rel}","templated":true}]}}