{"id":708524,"date":"2025-08-27T16:15:36","date_gmt":"2025-08-27T13:15:36","guid":{"rendered":"https:\/\/roveyayinevi.com.tr\/index.php\/urun\/nar-ciltli\/"},"modified":"2026-04-16T02:17:28","modified_gmt":"2026-04-15T23:17:28","slug":"nar-ciltli","status":"publish","type":"product","link":"https:\/\/roveyayinevi.com.tr\/index.php\/urun\/nar-ciltli\/","title":{"rendered":"Nar (Ciltli)"},"content":{"rendered":"<p>Hep y\u0131ld\u0131z kayarken dilek tutulurdu de\u011fil mi? Onlar saatlerce bir y\u0131ld\u0131z\u0131n kaymas\u0131n\u0131 bekleyip o kayd\u0131ktan sonra tutmu\u015flard\u0131 dileklerini; \u00e7\u00fcnk\u00fc onlar i\u00e7in, kayan y\u0131ld\u0131z g\u00f6ky\u00fcz\u00fcne ihanet etmi\u015fti. Bu y\u00fczden dileklerini ona de\u011fil, g\u00f6ky\u00fcz\u00fcnden vazge\u00e7meyen t\u00fcm y\u0131ld\u0131zlara sunmu\u015flard\u0131.   S\u0131rf \u00e2\u015f\u0131k oldu\u011fu adama ula\u015fmak u\u011fruna sa\u00e7lar\u0131na k\u0131yan Rapunzel\u2019in masal\u0131n\u0131 dinledi\u011finden beri, masal gibi bir dostlu\u011fun, masallardaki a\u015fklardan daha de\u011ferli oldu\u011funa inanan \u00c7\u0131nar Duman\u2019\u0131n, d\u00f6rt y\u0131ld\u0131r ayn\u0131 evi payla\u015ft\u0131\u011f\u0131 bal k\u0131z\u0131 Bal\u0131n \u0130mge ile olan dostlu\u011fu bir yaz tatili projesiyle bir \u015fehirden di\u011ferine uzanacakt\u0131r.   Proje i\u00e7in se\u00e7ilen di\u011fer alt\u0131 \u00f6\u011frenciden kimisi bu ikiliyle samimi dostluklar i\u00e7erisine girer, kimisi de gizli kimlikler ard\u0131nda \u00e7e\u015fitli oyunlar d\u00fczenlemekten geri kalmaz.   &#8230; ve bir de mesajc\u0131&#8230;   \u0130kili, hemen her g\u00fcn bir \u015fekilde kendilerine ula\u015fan mesajc\u0131y\u0131 bulmak i\u00e7in \u00e7abalarlar. \u00c7\u0131kt\u0131klar\u0131 yolda daha bir\u00e7ok \u015feyi de beraberinde getirir zaman. Bir \u015feyler de\u011fi\u015fir, bir \u015feyler geli\u015fir fakat ikili her \u015feye ra\u011fmen dostluklar\u0131na s\u0131k\u0131ca tutunmaktan vazge\u00e7mez.   \u201cL\u00fctfen\u2026 L\u00fctfen sonsuz olal\u0131m!\u201d <\/p>\n","protected":false},"excerpt":{"rendered":"<p>Hep y\u0131ld\u0131z kayarken dilek tutulurdu de\u011fil mi? Onlar saatlerce bir y\u0131ld\u0131z\u0131n kaymas\u0131n\u0131 bekleyip o kayd\u0131ktan sonra tutmu\u015flard\u0131 dileklerini; \u00e7\u00fcnk\u00fc onlar i\u00e7in, kayan y\u0131ld\u0131z g\u00f6ky\u00fcz\u00fcne ihanet etmi\u015fti.<span class=\"excerpt-hellip\"> [\u2026]<\/span><\/p>\n","protected":false},"featured_media":0,"template":"","meta":{"_monsterinsights_skip_tracking":false,"_monsterinsights_sitenote_active":false,"_monsterinsights_sitenote_note":"","_monsterinsights_sitenote_category":0},"product_brand":[],"product_cat":[12291,12711],"product_tag":[],"class_list":{"0":"post-708524","1":"product","2":"type-product","3":"status-publish","5":"product_cat-edebiyat","6":"product_cat-roman-oyku","7":"pa_cilt-ciltli","8":"pa_tur-kitap","9":"pa_yayinevi-ephesus-yayinlari","10":"pa_yazar-emre-gul","12":"first","13":"instock","14":"sale","15":"shipping-taxable","16":"purchasable","17":"product-type-simple"},"_links":{"self":[{"href":"https:\/\/roveyayinevi.com.tr\/index.php\/wp-json\/wp\/v2\/product\/708524","targetHints":{"allow":["GET"]}}],"collection":[{"href":"https:\/\/roveyayinevi.com.tr\/index.php\/wp-json\/wp\/v2\/product"}],"about":[{"href":"https:\/\/roveyayinevi.com.tr\/index.php\/wp-json\/wp\/v2\/types\/product"}],"wp:attachment":[{"href":"https:\/\/roveyayinevi.com.tr\/index.php\/wp-json\/wp\/v2\/media?parent=708524"}],"wp:term":[{"taxonomy":"product_brand","embeddable":true,"href":"https:\/\/roveyayinevi.com.tr\/index.php\/wp-json\/wp\/v2\/product_brand?post=708524"},{"taxonomy":"product_cat","embeddable":true,"href":"https:\/\/roveyayinevi.com.tr\/index.php\/wp-json\/wp\/v2\/product_cat?post=708524"},{"taxonomy":"product_tag","embeddable":true,"href":"https:\/\/roveyayinevi.com.tr\/index.php\/wp-json\/wp\/v2\/product_tag?post=708524"}],"curies":[{"name":"wp","href":"https:\/\/api.w.org\/{rel}","templated":true}]}}