{"id":708523,"date":"2025-08-27T16:15:35","date_gmt":"2025-08-27T13:15:35","guid":{"rendered":"https:\/\/roveyayinevi.com.tr\/index.php\/urun\/demir-yolu-cocuklari-2\/"},"modified":"2026-04-08T02:22:37","modified_gmt":"2026-04-07T23:22:37","slug":"demir-yolu-cocuklari-2","status":"publish","type":"product","link":"https:\/\/roveyayinevi.com.tr\/index.php\/urun\/demir-yolu-cocuklari-2\/","title":{"rendered":"Demir Yolu \u00c7ocuklar\u0131"},"content":{"rendered":"<p>Edit Nesbit\u2019in klasik eserlerinden uyarlanan Demir Yolu \u00c7ocuklar\u0131, babalar\u0131 gizemli bir bi\u00e7imde ortadan kaybolunca ans\u0131z\u0131n hayatlar\u0131 de\u011fi\u015fen \u00fc\u00e7 \u00e7ocu\u011fun \u00f6yk\u00fcs\u00fcd\u00fcr. Bobbie, Peter ve Phyllis Londra\u2019da mutluluk i\u00e7inde ya\u015fad\u0131klar\u0131 evlerinden ayr\u0131l\u0131p, anneleriyle birlikte ta\u015frada k\u00fc\u00e7\u00fck bir kul\u00fcbeye ta\u015f\u0131nmak zorunda kal\u0131rlar. Art\u0131k \u00e7ocuklar\u0131n en b\u00fcy\u00fck e\u011flencesi her g\u00fcn evlerinin yak\u0131n\u0131ndan ge\u00e7en demir yoluna gidip Londra trenine el sallamakt\u0131r. Trenin babalar\u0131na sevgilerini ula\u015ft\u0131raca\u011f\u0131na inanan \u00fc\u00e7 karde\u015f, umutla babalar\u0131n\u0131n d\u00f6nmesini beklerler. <\/p>\n","protected":false},"excerpt":{"rendered":"<p>Edit Nesbit\u2019in klasik eserlerinden uyarlanan Demir Yolu \u00c7ocuklar\u0131, babalar\u0131 gizemli bir bi\u00e7imde ortadan kaybolunca ans\u0131z\u0131n hayatlar\u0131 de\u011fi\u015fen \u00fc\u00e7 \u00e7ocu\u011fun \u00f6yk\u00fcs\u00fcd\u00fcr. Bobbie, Peter ve Phyllis Londra\u2019da mutluluk<span class=\"excerpt-hellip\"> [\u2026]<\/span><\/p>\n","protected":false},"featured_media":0,"template":"","meta":{"_monsterinsights_skip_tracking":false,"_monsterinsights_sitenote_active":false,"_monsterinsights_sitenote_note":"","_monsterinsights_sitenote_category":0},"product_brand":[],"product_cat":[12291,12711],"product_tag":[],"class_list":{"0":"post-708523","1":"product","2":"type-product","3":"status-publish","5":"product_cat-edebiyat","6":"product_cat-roman-oyku","7":"pa_cilt-ciltsiz","8":"pa_tur-kitap","9":"pa_yayinevi-arkadas-yayinlari","10":"pa_yazar-edith-nesbit","12":"first","13":"instock","14":"sale","15":"shipping-taxable","16":"purchasable","17":"product-type-simple"},"_links":{"self":[{"href":"https:\/\/roveyayinevi.com.tr\/index.php\/wp-json\/wp\/v2\/product\/708523","targetHints":{"allow":["GET"]}}],"collection":[{"href":"https:\/\/roveyayinevi.com.tr\/index.php\/wp-json\/wp\/v2\/product"}],"about":[{"href":"https:\/\/roveyayinevi.com.tr\/index.php\/wp-json\/wp\/v2\/types\/product"}],"wp:attachment":[{"href":"https:\/\/roveyayinevi.com.tr\/index.php\/wp-json\/wp\/v2\/media?parent=708523"}],"wp:term":[{"taxonomy":"product_brand","embeddable":true,"href":"https:\/\/roveyayinevi.com.tr\/index.php\/wp-json\/wp\/v2\/product_brand?post=708523"},{"taxonomy":"product_cat","embeddable":true,"href":"https:\/\/roveyayinevi.com.tr\/index.php\/wp-json\/wp\/v2\/product_cat?post=708523"},{"taxonomy":"product_tag","embeddable":true,"href":"https:\/\/roveyayinevi.com.tr\/index.php\/wp-json\/wp\/v2\/product_tag?post=708523"}],"curies":[{"name":"wp","href":"https:\/\/api.w.org\/{rel}","templated":true}]}}