{"id":708521,"date":"2025-08-27T16:15:34","date_gmt":"2025-08-27T13:15:34","guid":{"rendered":"https:\/\/roveyayinevi.com.tr\/index.php\/urun\/huzur-defteri-ii\/"},"modified":"2026-04-13T02:21:38","modified_gmt":"2026-04-12T23:21:38","slug":"huzur-defteri-ii","status":"publish","type":"product","link":"https:\/\/roveyayinevi.com.tr\/index.php\/urun\/huzur-defteri-ii\/","title":{"rendered":"Huzur Defteri II"},"content":{"rendered":"<p>Cen\u00e2b-\u0131 Hakk cennetteki nimetleri tavsif ederken m\u00fc\u2019minlerin birbirleriyle konu\u015fmalar\u0131n\u0131, sohbet etmelerini de nazarlar\u0131m\u0131za vermi\u015ftir. Efendimiz\u2019in(sas) sohbetine d\u00e2hil olanlara \u201cash\u00e2b\u201d denilmi\u015ftir. Sohbet etmek; kolay bir amel de\u011fildir \u00e7\u00fcnk\u00fc sohbet il\u00e2h\u00ee ir\u015f\u00e2d\u0131n \u00fcslubu ve s\u00fcnnet-i seniyyenin bizlere intikal eden en \u00f6nemli unsurudur.D\u00eenimizin ve d\u00eenimizin esas kaynaklar\u0131ndan beslenerek kurulmu\u015f g\u00fczide medeniyetimizin anlat\u0131lmas\u0131, anla\u015f\u0131lmas\u0131 ve nesilden nesile aktar\u0131lmas\u0131nda sohbet k\u00fclt\u00fcr\u00fc \u00e7ok \u00f6nemli rol oynam\u0131\u015ft\u0131r. Huzur Defteri II m\u00fcr\u015fid huzurundan ve sohbetinden g\u00fcn\u00fcm\u00fcze kadar gelen s\u00f6zl\u00fc miras\u0131 siz k\u0131ymetli okurlar\u0131m\u0131za aktarmaktad\u0131r.Kitab\u0131 okurken tarihe m\u00e2l olmu\u015f pek \u00e7ok \u00f6nemli h\u00e2diseye \u015f\u00e2hitlik edecek, bunun yan\u0131 s\u0131ra Hazret-i P\u00eer S\u00fcnb\u00fcl Sinan \u00c2sit\u00e2nesi, Hazret-i P\u00eer Muhammed N\u00fbreddin Cerr\u00e2h\u00ee \u00c2sit\u00e2nesi ve s\u00e2ir derg\u00e2hlarda ya\u015fananlara tan\u0131k olacaks\u0131n\u0131z. Fevkal\u00e2de ve fevkalbe\u015fer baz\u0131 h\u00e2lleri okurken, menk\u0131be ve k\u0131ssalar\u0131n hikmet boyutunu sat\u0131r aralar\u0131nda bulacaks\u0131n\u0131z.Anlat\u0131lanlara inan\u0131p inanmamak sizin bilece\u011finiz i\u015f. Ama bu anlat\u0131lanlar\u0131n m\u00e2n\u00e2s\u0131n\u0131 anlamamak hatta daha da ileriye gidip ink\u00e2ra yeltenmek sizinle bizimle olmayacak bir i\u015f. \u0130yi d\u00fc\u015f\u00fcn\u00fcp iyi kararlar verelim, kendi medeniyetimizin zenginli\u011fini geliniz bir de buHuzur Defteri\u2019nde beraberce ke\u015ffedelim. <\/p>\n","protected":false},"excerpt":{"rendered":"<p>Cen\u00e2b-\u0131 Hakk cennetteki nimetleri tavsif ederken m\u00fc\u2019minlerin birbirleriyle konu\u015fmalar\u0131n\u0131, sohbet etmelerini de nazarlar\u0131m\u0131za vermi\u015ftir. Efendimiz\u2019in(sas) sohbetine d\u00e2hil olanlara \u201cash\u00e2b\u201d denilmi\u015ftir. Sohbet etmek; kolay bir amel de\u011fildir<span class=\"excerpt-hellip\"> [\u2026]<\/span><\/p>\n","protected":false},"featured_media":0,"template":"","meta":{"_monsterinsights_skip_tracking":false,"_monsterinsights_sitenote_active":false,"_monsterinsights_sitenote_note":"","_monsterinsights_sitenote_category":0},"product_brand":[],"product_cat":[19998,12388],"product_tag":[],"class_list":{"0":"post-708521","1":"product","2":"type-product","3":"status-publish","5":"product_cat-din-felsefesi","6":"product_cat-felsefe","7":"pa_cilt-ciltsiz","8":"pa_tur-kitap","9":"pa_yayinevi-sufi-kitap","10":"pa_yazar-m-fatih-citlak","12":"first","13":"instock","14":"sale","15":"shipping-taxable","16":"purchasable","17":"product-type-simple"},"_links":{"self":[{"href":"https:\/\/roveyayinevi.com.tr\/index.php\/wp-json\/wp\/v2\/product\/708521","targetHints":{"allow":["GET"]}}],"collection":[{"href":"https:\/\/roveyayinevi.com.tr\/index.php\/wp-json\/wp\/v2\/product"}],"about":[{"href":"https:\/\/roveyayinevi.com.tr\/index.php\/wp-json\/wp\/v2\/types\/product"}],"wp:attachment":[{"href":"https:\/\/roveyayinevi.com.tr\/index.php\/wp-json\/wp\/v2\/media?parent=708521"}],"wp:term":[{"taxonomy":"product_brand","embeddable":true,"href":"https:\/\/roveyayinevi.com.tr\/index.php\/wp-json\/wp\/v2\/product_brand?post=708521"},{"taxonomy":"product_cat","embeddable":true,"href":"https:\/\/roveyayinevi.com.tr\/index.php\/wp-json\/wp\/v2\/product_cat?post=708521"},{"taxonomy":"product_tag","embeddable":true,"href":"https:\/\/roveyayinevi.com.tr\/index.php\/wp-json\/wp\/v2\/product_tag?post=708521"}],"curies":[{"name":"wp","href":"https:\/\/api.w.org\/{rel}","templated":true}]}}