{"id":708520,"date":"2025-08-27T16:15:33","date_gmt":"2025-08-27T13:15:33","guid":{"rendered":"https:\/\/roveyayinevi.com.tr\/index.php\/urun\/maya-i-sonsuzlukta-bir-golge\/"},"modified":"2026-04-16T02:17:27","modified_gmt":"2026-04-15T23:17:27","slug":"maya-i-sonsuzlukta-bir-golge","status":"publish","type":"product","link":"https:\/\/roveyayinevi.com.tr\/index.php\/urun\/maya-i-sonsuzlukta-bir-golge\/","title":{"rendered":"Maya I Sonsuzlukta Bir G\u00f6lge"},"content":{"rendered":"<p>Maya, ola\u011fan\u00fcst\u00fc g\u00fc\u00e7ler ta\u015f\u0131d\u0131\u011f\u0131n\u0131n fark\u0131nda de\u011fildir. Pek \u00e7o\u011fumuz gibi\u2026 Her \u015fey, Maya\u2019n\u0131n Sonsuzluk \u015eehrinden gelen ve s\u0131ra d\u0131\u015f\u0131 bir adam olan Noah ile tan\u0131\u015fmas\u0131yla ba\u015flar. Zamans\u0131z bir yerdir Sonsuzluk \u015eehri&#8230; Gizli bir kum saatinin i\u00e7inde Zaman Kumlar\u0131 akmaktad\u0131r&#8230; Kumlar\u0131n t\u00fckeni\u015fi insanl\u0131\u011f\u0131n sonunu mu getirecek? B\u00fcy\u00fck kehanet nedir? G\u00f6lge Sava\u015f\u00e7\u0131lar\u0131 kimlerdir? B\u00fct\u00fcn bu sorular\u0131n cevaplar\u0131 Maya\u2019n\u0131n hayat\u0131n\u0131 nas\u0131l de\u011fi\u015ftirecek? Maya ve arkada\u015flar\u0131n\u0131n ya\u015fad\u0131\u011f\u0131 ola\u011fan\u00fcst\u00fc bir ser\u00fcven ve ger\u00e7ek arkada\u015fl\u0131\u011f\u0131n anlam\u0131n\u0131 i\u015fleyen masals\u0131 bir roman\u2026 <\/p>\n","protected":false},"excerpt":{"rendered":"<p>Maya, ola\u011fan\u00fcst\u00fc g\u00fc\u00e7ler ta\u015f\u0131d\u0131\u011f\u0131n\u0131n fark\u0131nda de\u011fildir. Pek \u00e7o\u011fumuz gibi\u2026 Her \u015fey, Maya\u2019n\u0131n Sonsuzluk \u015eehrinden gelen ve s\u0131ra d\u0131\u015f\u0131 bir adam olan Noah ile tan\u0131\u015fmas\u0131yla ba\u015flar. Zamans\u0131z<span class=\"excerpt-hellip\"> [\u2026]<\/span><\/p>\n","protected":false},"featured_media":0,"template":"","meta":{"_monsterinsights_skip_tracking":false,"_monsterinsights_sitenote_active":false,"_monsterinsights_sitenote_note":"","_monsterinsights_sitenote_category":0},"product_brand":[],"product_cat":[12291,12711],"product_tag":[],"class_list":{"0":"post-708520","1":"product","2":"type-product","3":"status-publish","5":"product_cat-edebiyat","6":"product_cat-roman-oyku","7":"pa_cilt-ciltsiz","8":"pa_tur-kitap","9":"pa_yayinevi-carpe-diem-kitaplari","10":"pa_yazar-payal-dhar","12":"first","13":"instock","14":"sale","15":"shipping-taxable","16":"purchasable","17":"product-type-simple"},"_links":{"self":[{"href":"https:\/\/roveyayinevi.com.tr\/index.php\/wp-json\/wp\/v2\/product\/708520","targetHints":{"allow":["GET"]}}],"collection":[{"href":"https:\/\/roveyayinevi.com.tr\/index.php\/wp-json\/wp\/v2\/product"}],"about":[{"href":"https:\/\/roveyayinevi.com.tr\/index.php\/wp-json\/wp\/v2\/types\/product"}],"wp:attachment":[{"href":"https:\/\/roveyayinevi.com.tr\/index.php\/wp-json\/wp\/v2\/media?parent=708520"}],"wp:term":[{"taxonomy":"product_brand","embeddable":true,"href":"https:\/\/roveyayinevi.com.tr\/index.php\/wp-json\/wp\/v2\/product_brand?post=708520"},{"taxonomy":"product_cat","embeddable":true,"href":"https:\/\/roveyayinevi.com.tr\/index.php\/wp-json\/wp\/v2\/product_cat?post=708520"},{"taxonomy":"product_tag","embeddable":true,"href":"https:\/\/roveyayinevi.com.tr\/index.php\/wp-json\/wp\/v2\/product_tag?post=708520"}],"curies":[{"name":"wp","href":"https:\/\/api.w.org\/{rel}","templated":true}]}}