{"id":708519,"date":"2025-08-27T16:15:33","date_gmt":"2025-08-27T13:15:33","guid":{"rendered":"https:\/\/roveyayinevi.com.tr\/index.php\/urun\/muhtesem-suleyman\/"},"modified":"2026-04-16T02:17:27","modified_gmt":"2026-04-15T23:17:27","slug":"muhtesem-suleyman","status":"publish","type":"product","link":"https:\/\/roveyayinevi.com.tr\/index.php\/urun\/muhtesem-suleyman\/","title":{"rendered":"Muhte\u015fem S\u00fcleyman"},"content":{"rendered":"<p>Kanuni Sultan S\u00fcleyman d\u00f6nemi Osmanl\u0131 \u0130mparatorlu\u011fu\u2019nun en iyi belgelendirilmi\u015f d\u00f6nemlerinden biridir. 1526 Moha\u00e7 Sava\u015f\u0131\u2019n\u0131 takiben Avrupa ar\u015fivlerinde, \u00f6zellikle Osmanl\u0131 tehlikesine maruz kalan Akdeniz b\u00f6lgesinde Osmanl\u0131\u2019ya dair belgeler h\u0131zla artar. 16 ve 17. y\u00fczy\u0131llarda T\u00fcrklerle ilgili haber toplama \u00e7\u0131lg\u0131nl\u0131\u011f\u0131 vard\u0131r adeta. \u201cKa\u00e7\u0131n, T\u00fcrkler geliyor!\u201d D\u00f6nemin ruhunu esprili bir dille anlat\u0131r. \u0130stihbarat belgeleri, el\u00e7i raporlar\u0131, kilisenin bas\u0131p da\u011f\u0131tt\u0131\u011f\u0131, kar\u015f\u0131 propaganda i\u00e7in kullan\u0131lan kitap\u00e7\u0131klar, kronikler, casuslar\u0131n ve t\u00fcccarlar\u0131n verdi\u011fi yaz\u0131l\u0131 ya da s\u00f6zl\u00fc haberler; Osmanl\u0131\u2019n\u0131n sava\u015f g\u00fcc\u00fcn\u00fc ince ayr\u0131nt\u0131larla sunan zafernameler Bat\u0131l\u0131lar\u0131n tabiriyle \u201cMuhte\u015fem S\u00fcleyman\u201d d\u00f6nemine dair m\u00fcthi\u015f bilgiler sunar. S\u00f6z konusu belgeler, resm\u00ee Osmanl\u0131 kaynaklar\u0131yla yan yana getirildi\u011finde yapbozun par\u00e7alar\u0131 tamamlanm\u0131\u015f, resmin b\u00fct\u00fcn\u00fc ortaya \u00e7\u0131km\u0131\u015f olur. \u0130\u015fte bu kitap bunu yap\u0131yor. Yerli ve yabanc\u0131 on \u00fc\u00e7 \u00f6nemli ismin katk\u0131lar\u0131yla Muhte\u015fem S\u00fcleyman\u2019\u0131 her iki cepheden anlat\u0131yor. Halil \u0130nalc\u0131k \/\u201cAvrupa Devletler Denge Sistemi ve Osmanl\u0131-Frans\u0131z \u0130ttifak\u0131\u201d \u0130dris Bostan \/ \u201cKanuni ve Akdeniz Siyaseti\u201d Feridun M. Emecen \/ \u201cMoha\u00e7 Sava\u015f\u0131\u201d Metin Kunt \/ \u201cSultan S\u00fcleyman ve Nikris\u201d Emilio Sola \/ \u201cSultan S\u00fcleyman\u2019\u0131n Son Y\u0131llar\u0131\u201d \u00d6zlem Kumrular \u201cI. Ferdinand\u2019\u0131n Kanuni\u2019yle \u0130lk Y\u0131llar\u0131\u201d Miguel Angel de Bunes Ibarra \/ \u201cVenedik ve B\u00e2b\u0131\u00e2li\u201d Paulino Toledo \/ \u201cT\u00fcrklerdeki Esaret Sistemi\u201d Xavier Sell\u00e9s-Ferrando\/ \u201cViyana Ku\u015fatmas\u0131\u2019n\u0131n \u0130spanyol Edebiyat\u0131ndaki Yank\u0131lar\u0131\u201d Alain Servantie \/ \u201c16. Y\u00fczy\u0131lda Osmanl\u0131\u2019n\u0131n Siyasi \u0130maj\u0131\u201d Fernando Fernandez Lanza \/ \u201cSultan S\u00fcleyman\u2019\u0131n Atl\u0131 Alay\u0131\u201d James Nelson Novoa \/ \u201cMuhte\u015fem S\u00fcleyman Portresi\u201d Nurcan Yaz\u0131c\u0131 \/ \u201cKanuni D\u00f6nemi Osmanl\u0131 Ba\u015fkentinde \u0130mar Faaliyetleri\u201d <\/p>\n","protected":false},"excerpt":{"rendered":"<p>Kanuni Sultan S\u00fcleyman d\u00f6nemi Osmanl\u0131 \u0130mparatorlu\u011fu\u2019nun en iyi belgelendirilmi\u015f d\u00f6nemlerinden biridir. 1526 Moha\u00e7 Sava\u015f\u0131\u2019n\u0131 takiben Avrupa ar\u015fivlerinde, \u00f6zellikle Osmanl\u0131 tehlikesine maruz kalan Akdeniz b\u00f6lgesinde Osmanl\u0131\u2019ya dair<span class=\"excerpt-hellip\"> [\u2026]<\/span><\/p>\n","protected":false},"featured_media":0,"template":"","meta":{"_monsterinsights_skip_tracking":false,"_monsterinsights_sitenote_active":false,"_monsterinsights_sitenote_note":"","_monsterinsights_sitenote_category":0},"product_brand":[],"product_cat":[12304,13650],"product_tag":[],"class_list":{"0":"post-708519","1":"product","2":"type-product","3":"status-publish","5":"product_cat-tarih","6":"product_cat-turk-tarihi-arastirmalari","7":"pa_cilt-ciltsiz","8":"pa_tur-kitap","9":"pa_yayinevi-timas-yayinlari","10":"pa_yazar-ozlem-kumrular","12":"first","13":"instock","14":"sale","15":"shipping-taxable","16":"purchasable","17":"product-type-simple"},"_links":{"self":[{"href":"https:\/\/roveyayinevi.com.tr\/index.php\/wp-json\/wp\/v2\/product\/708519","targetHints":{"allow":["GET"]}}],"collection":[{"href":"https:\/\/roveyayinevi.com.tr\/index.php\/wp-json\/wp\/v2\/product"}],"about":[{"href":"https:\/\/roveyayinevi.com.tr\/index.php\/wp-json\/wp\/v2\/types\/product"}],"wp:attachment":[{"href":"https:\/\/roveyayinevi.com.tr\/index.php\/wp-json\/wp\/v2\/media?parent=708519"}],"wp:term":[{"taxonomy":"product_brand","embeddable":true,"href":"https:\/\/roveyayinevi.com.tr\/index.php\/wp-json\/wp\/v2\/product_brand?post=708519"},{"taxonomy":"product_cat","embeddable":true,"href":"https:\/\/roveyayinevi.com.tr\/index.php\/wp-json\/wp\/v2\/product_cat?post=708519"},{"taxonomy":"product_tag","embeddable":true,"href":"https:\/\/roveyayinevi.com.tr\/index.php\/wp-json\/wp\/v2\/product_tag?post=708519"}],"curies":[{"name":"wp","href":"https:\/\/api.w.org\/{rel}","templated":true}]}}