{"id":708517,"date":"2025-08-27T16:15:32","date_gmt":"2025-08-27T13:15:32","guid":{"rendered":"https:\/\/roveyayinevi.com.tr\/index.php\/urun\/mektuplar-2\/"},"modified":"2025-11-22T04:05:49","modified_gmt":"2025-11-22T01:05:49","slug":"mektuplar-2","status":"publish","type":"product","link":"https:\/\/roveyayinevi.com.tr\/index.php\/urun\/mektuplar-2\/","title":{"rendered":"Mektuplar"},"content":{"rendered":"<p>nsanlar\u0131n kendilerini bu kadar ayn\u0131, bu kadar kaba ve cahilce ifade ettikleri d\u00fcnyada, ger\u00e7ek bir dilde, ger\u00e7ek bir ki\u015fi taraf\u0131ndan yaz\u0131lm\u0131\u015f ger\u00e7ek bir mektup almak, zor bulunur ve \u00e7ok k\u0131ymetli bir \u015fey. Mektuplar, XX. y\u00fczy\u0131l\u0131n Nobel Edebiyat \u00d6d\u00fcl\u00fc sahibi iki yazar\u0131n\u0131n, mahvolan d\u00fcnya i\u00e7in ta\u015f\u0131d\u0131klar\u0131 kederin kar\u015f\u0131l\u0131\u011f\u0131&#8230; 1930\u2019lu ve 1940\u2019l\u0131 y\u0131llarda sava\u015f\u0131n sa\u00e7mal\u0131\u011f\u0131na, diplomatlar\u0131n basiretsizli\u011fine, Nazilerin vah\u015fetine, milliyet\u00e7ilikten beslenen tecrit ve \u00f6tekile\u015ftirmeye kar\u015f\u0131 durdular, Almanya ve Avrupa\u2019n\u0131n kaderi i\u00e7in d\u00fc\u015f\u00fcnd\u00fcler ve \u00fcrettiler. Ak\u0131l almaz bir korkunun h\u00e2kim oldu\u011fu karanl\u0131k zamanlarda hayatta kalmaya \u00e7al\u0131\u015ft\u0131lar, ama asla karamsarl\u0131\u011fa teslim olmad\u0131lar.Hermann Hesse ve Thomas Mann\u2019\u0131n mektuplar\u0131, bu iki edebiyat devi aras\u0131ndaki b\u00fcy\u00fck dostluk ve etkile\u015fimin yan\u0131nda d\u00f6nemin edebiyat, sanat, yay\u0131nc\u0131l\u0131k d\u00fcnyas\u0131na ve politik geli\u015fmelerine de \u0131\u015f\u0131k tutuyor.Volker Michels\u2019in kapsaml\u0131 \u00f6ns\u00f6z\u00fc ve ayd\u0131nlat\u0131c\u0131 notlar\u0131yla Mektuplar, okurken sizi \u00f6zel bir odada bu iki yazar\u0131n sohbetine tan\u0131k olan ayr\u0131cal\u0131kl\u0131 bir misafir gibi hissettirecek. \u201cMann da Hesse de asla \u00fcmitlerini yitirmediler. Sanat galip gelecek, medeniyet galip gelecek; -bunda \u0131srarc\u0131lar. M\u00fczi\u011fin g\u00fcc\u00fc, silahlar\u0131n g\u00fcr\u00fclt\u00fcs\u00fcn\u00fc bast\u0131racak. Hayat, \u00f6l\u00fcm\u00fc yenecek. Onlara kulak verin: Ger\u00e7e\u011fi dillendiriyorlar. Ba\u015fka hi\u00e7bir \u015feyin \u00f6nemi yok.\u201d <\/p>\n","protected":false},"excerpt":{"rendered":"<p>nsanlar\u0131n kendilerini bu kadar ayn\u0131, bu kadar kaba ve cahilce ifade ettikleri d\u00fcnyada, ger\u00e7ek bir dilde, ger\u00e7ek bir ki\u015fi taraf\u0131ndan yaz\u0131lm\u0131\u015f ger\u00e7ek bir mektup almak, zor<span class=\"excerpt-hellip\"> [\u2026]<\/span><\/p>\n","protected":false},"featured_media":0,"template":"","meta":{"_monsterinsights_skip_tracking":false,"_monsterinsights_sitenote_active":false,"_monsterinsights_sitenote_note":"","_monsterinsights_sitenote_category":0},"product_brand":[],"product_cat":[12291,12711],"product_tag":[],"class_list":{"0":"post-708517","1":"product","2":"type-product","3":"status-publish","5":"product_cat-edebiyat","6":"product_cat-roman-oyku","7":"pa_cilt-ciltsiz","8":"pa_tur-kitap","9":"pa_yayinevi-timas-yayinlari","10":"pa_yazar-hermann-hesse","11":"pa_yazar-thomas-mann","13":"first","14":"instock","15":"sale","16":"shipping-taxable","17":"purchasable","18":"product-type-simple"},"_links":{"self":[{"href":"https:\/\/roveyayinevi.com.tr\/index.php\/wp-json\/wp\/v2\/product\/708517","targetHints":{"allow":["GET"]}}],"collection":[{"href":"https:\/\/roveyayinevi.com.tr\/index.php\/wp-json\/wp\/v2\/product"}],"about":[{"href":"https:\/\/roveyayinevi.com.tr\/index.php\/wp-json\/wp\/v2\/types\/product"}],"wp:attachment":[{"href":"https:\/\/roveyayinevi.com.tr\/index.php\/wp-json\/wp\/v2\/media?parent=708517"}],"wp:term":[{"taxonomy":"product_brand","embeddable":true,"href":"https:\/\/roveyayinevi.com.tr\/index.php\/wp-json\/wp\/v2\/product_brand?post=708517"},{"taxonomy":"product_cat","embeddable":true,"href":"https:\/\/roveyayinevi.com.tr\/index.php\/wp-json\/wp\/v2\/product_cat?post=708517"},{"taxonomy":"product_tag","embeddable":true,"href":"https:\/\/roveyayinevi.com.tr\/index.php\/wp-json\/wp\/v2\/product_tag?post=708517"}],"curies":[{"name":"wp","href":"https:\/\/api.w.org\/{rel}","templated":true}]}}