{"id":708515,"date":"2025-08-27T16:15:31","date_gmt":"2025-08-27T13:15:31","guid":{"rendered":"https:\/\/roveyayinevi.com.tr\/index.php\/urun\/efendi-kaptan\/"},"modified":"2026-04-13T02:21:38","modified_gmt":"2026-04-12T23:21:38","slug":"efendi-kaptan","status":"publish","type":"product","link":"https:\/\/roveyayinevi.com.tr\/index.php\/urun\/efendi-kaptan\/","title":{"rendered":"Efendi Kaptan"},"content":{"rendered":"<p>Bu roman, Karadeniz insan\u0131n\u0131n \u00e7etin tabiat ve elveri\u015fsiz ya\u015fam ko\u015fullar\u0131 kar\u015f\u0131s\u0131nda verdi\u011fi m\u00fccadelenin derlenerek edebiyat, k\u00fclt\u00fcr ve sanat ekseninde, motiflerin koca bir desene d\u00f6n\u00fc\u015ft\u00fcr\u00fcld\u00fc\u011f\u00fc bir ya\u015fant\u0131lar \u00f6yk\u00fcs\u00fcd\u00fcr. Emek vermeden, gayret etmeden, de\u011ferler \u00e7izgisinde durmadan bir \u015feylerin kal\u0131c\u0131 olarak \u00e7\u00f6z\u00fcm\u00fc elbette s\u00f6z konusu de\u011fildir. Ehemmiyetsizli\u011fin, \u00f6telemenin, ertelemenin ortaya \u00e7\u0131kard\u0131\u011f\u0131 bunalt\u0131lar d\u00fcnyas\u0131n\u0131n kap\u0131s\u0131n\u0131 kapamada az da olsa bir katk\u0131m\u0131z olsun istedik. <\/p>\n","protected":false},"excerpt":{"rendered":"<p>Bu roman, Karadeniz insan\u0131n\u0131n \u00e7etin tabiat ve elveri\u015fsiz ya\u015fam ko\u015fullar\u0131 kar\u015f\u0131s\u0131nda verdi\u011fi m\u00fccadelenin derlenerek edebiyat, k\u00fclt\u00fcr ve sanat ekseninde, motiflerin koca bir desene d\u00f6n\u00fc\u015ft\u00fcr\u00fcld\u00fc\u011f\u00fc bir ya\u015fant\u0131lar<span class=\"excerpt-hellip\"> [\u2026]<\/span><\/p>\n","protected":false},"featured_media":0,"template":"","meta":{"_monsterinsights_skip_tracking":false,"_monsterinsights_sitenote_active":false,"_monsterinsights_sitenote_note":"","_monsterinsights_sitenote_category":0},"product_brand":[],"product_cat":[12291,12711],"product_tag":[],"class_list":{"0":"post-708515","1":"product","2":"type-product","3":"status-publish","5":"product_cat-edebiyat","6":"product_cat-roman-oyku","7":"pa_cilt-ciltsiz","8":"pa_tur-kitap","9":"pa_yayinevi-altinordu-yayinlari","10":"pa_yazar-zehra-hulagu","12":"first","13":"instock","14":"sale","15":"shipping-taxable","16":"purchasable","17":"product-type-simple"},"_links":{"self":[{"href":"https:\/\/roveyayinevi.com.tr\/index.php\/wp-json\/wp\/v2\/product\/708515","targetHints":{"allow":["GET"]}}],"collection":[{"href":"https:\/\/roveyayinevi.com.tr\/index.php\/wp-json\/wp\/v2\/product"}],"about":[{"href":"https:\/\/roveyayinevi.com.tr\/index.php\/wp-json\/wp\/v2\/types\/product"}],"wp:attachment":[{"href":"https:\/\/roveyayinevi.com.tr\/index.php\/wp-json\/wp\/v2\/media?parent=708515"}],"wp:term":[{"taxonomy":"product_brand","embeddable":true,"href":"https:\/\/roveyayinevi.com.tr\/index.php\/wp-json\/wp\/v2\/product_brand?post=708515"},{"taxonomy":"product_cat","embeddable":true,"href":"https:\/\/roveyayinevi.com.tr\/index.php\/wp-json\/wp\/v2\/product_cat?post=708515"},{"taxonomy":"product_tag","embeddable":true,"href":"https:\/\/roveyayinevi.com.tr\/index.php\/wp-json\/wp\/v2\/product_tag?post=708515"}],"curies":[{"name":"wp","href":"https:\/\/api.w.org\/{rel}","templated":true}]}}