{"id":708513,"date":"2025-08-27T16:15:30","date_gmt":"2025-08-27T13:15:30","guid":{"rendered":"https:\/\/roveyayinevi.com.tr\/index.php\/urun\/kayiktaki-cocuk\/"},"modified":"2026-04-16T02:17:27","modified_gmt":"2026-04-15T23:17:27","slug":"kayiktaki-cocuk","status":"publish","type":"product","link":"https:\/\/roveyayinevi.com.tr\/index.php\/urun\/kayiktaki-cocuk\/","title":{"rendered":"Kay\u0131ktaki \u00c7ocuk"},"content":{"rendered":"<p>Kay\u0131ktaki \u00c7ocuk kitab\u0131 sizi Suriyeli k\u00fc\u00e7\u00fck Ahmet\u2019le birlikte okyanuslar\u0131 a\u015fmaya \u00e7a\u011f\u0131r\u0131yor. Ahmet k\u00fc\u00e7\u00fck teknesiyle \u00e7\u0131kt\u0131\u011f\u0131 yolculukta, Suudi Arabistan, T\u00fcrkiye, Hollanda, Almanya, Kanada, ABD, Kosta Rika ve Japonya\u2019ya u\u011frayarak kendisi i\u00e7in s\u0131cak bir ev ar\u0131yor. Gitti\u011fi her \u00fclkede ba\u015fka \u00e7ocuklarla tan\u0131\u015fan Ahmet, gerek imkans\u0131zl\u0131klar gerekse kanunlar nedeniyle aray\u0131\u015f\u0131na devam etmek zorunda kal\u0131yor. Fakat beklenmeyen bir misafir d\u00fcnya \u00e7ocuklar\u0131na do\u011fru yolu g\u00f6steriyor ve el birli\u011fiyle Ahmet\u2019e yard\u0131m ediyorlar. Bu kitap, \u00e7ocuklar\u0131n\u0131z\u0131n; hem T\u00fcrkiye\u2019nin de bir ger\u00e7e\u011fi haline gelmi\u015f olan m\u00fclteci krizini anlamas\u0131na yard\u0131m edecek hem de m\u00fcltecilere kar\u015f\u0131 duyarl\u0131l\u0131\u011f\u0131n\u0131n artmas\u0131n\u0131 e\u011flenceli bir yolla sa\u011flayacakt\u0131r. <\/p>\n","protected":false},"excerpt":{"rendered":"<p>Kay\u0131ktaki \u00c7ocuk kitab\u0131 sizi Suriyeli k\u00fc\u00e7\u00fck Ahmet\u2019le birlikte okyanuslar\u0131 a\u015fmaya \u00e7a\u011f\u0131r\u0131yor. Ahmet k\u00fc\u00e7\u00fck teknesiyle \u00e7\u0131kt\u0131\u011f\u0131 yolculukta, Suudi Arabistan, T\u00fcrkiye, Hollanda, Almanya, Kanada, ABD, Kosta Rika ve<span class=\"excerpt-hellip\"> [\u2026]<\/span><\/p>\n","protected":false},"featured_media":0,"template":"","meta":{"_monsterinsights_skip_tracking":false,"_monsterinsights_sitenote_active":false,"_monsterinsights_sitenote_note":"","_monsterinsights_sitenote_category":0},"product_brand":[],"product_cat":[12275,12274],"product_tag":[],"class_list":{"0":"post-708513","1":"product","2":"type-product","3":"status-publish","5":"product_cat-6-12-yas-kitaplari","6":"product_cat-cocuk-ve-genclik-kitaplari","7":"pa_cilt-ciltsiz","8":"pa_tur-kitap","9":"pa_yayinevi-timas-cocuk","10":"pa_yazar-maya-mizuno","11":"pa_yazar-sevde-tuba","13":"first","14":"instock","15":"sale","16":"shipping-taxable","17":"purchasable","18":"product-type-simple"},"_links":{"self":[{"href":"https:\/\/roveyayinevi.com.tr\/index.php\/wp-json\/wp\/v2\/product\/708513","targetHints":{"allow":["GET"]}}],"collection":[{"href":"https:\/\/roveyayinevi.com.tr\/index.php\/wp-json\/wp\/v2\/product"}],"about":[{"href":"https:\/\/roveyayinevi.com.tr\/index.php\/wp-json\/wp\/v2\/types\/product"}],"wp:attachment":[{"href":"https:\/\/roveyayinevi.com.tr\/index.php\/wp-json\/wp\/v2\/media?parent=708513"}],"wp:term":[{"taxonomy":"product_brand","embeddable":true,"href":"https:\/\/roveyayinevi.com.tr\/index.php\/wp-json\/wp\/v2\/product_brand?post=708513"},{"taxonomy":"product_cat","embeddable":true,"href":"https:\/\/roveyayinevi.com.tr\/index.php\/wp-json\/wp\/v2\/product_cat?post=708513"},{"taxonomy":"product_tag","embeddable":true,"href":"https:\/\/roveyayinevi.com.tr\/index.php\/wp-json\/wp\/v2\/product_tag?post=708513"}],"curies":[{"name":"wp","href":"https:\/\/api.w.org\/{rel}","templated":true}]}}