{"id":708511,"date":"2025-08-27T16:15:29","date_gmt":"2025-08-27T13:15:29","guid":{"rendered":"https:\/\/roveyayinevi.com.tr\/index.php\/urun\/islam-ve-bati\/"},"modified":"2026-04-16T02:17:27","modified_gmt":"2026-04-15T23:17:27","slug":"islam-ve-bati","status":"publish","type":"product","link":"https:\/\/roveyayinevi.com.tr\/index.php\/urun\/islam-ve-bati\/","title":{"rendered":"\u0130slam ve Bat\u0131"},"content":{"rendered":"<p>\ufffcTan\u0131t\u0131m MetniBernard Lewis, Orta Do\u011fu ve \u0130slam tarihi konusunda tart\u0131\u015fmas\u0131z en b\u00fcy\u00fck tarih\u00e7idir. Orta Do\u011fu, T\u00fcrk, \u0130slam ve Arap tarihi \u00fczerine yazd\u0131\u011f\u0131 iki d\u00fczineden fazla kitap ve say\u0131s\u0131z makale onun b\u00fcy\u00fckl\u00fc\u011f\u00fcn\u00fcn g\u00f6stergesi olarak d\u00fc\u015f\u00fcn\u00fclebilir. Fakat Bernard Lewisi bat\u0131l\u0131 di\u011fer tarih\u00e7ilerden farkl\u0131la\u015ft\u0131ran ve tarih alan\u0131ndaki b\u00fcy\u00fckl\u00fc\u011f\u00fcn\u00fc belirleyen \u015fey, \u0130slama ve Orta Do\u011funun k\u00fclt\u00fcrlerine \u00f6nyarg\u0131dan uzak nesnel bir tutum alm\u0131\u015f olmas\u0131d\u0131r. \u00dcnl\u00fc Frans\u0131z tarih\u00e7i Robert Mantran, &#8220;Bilinmeyen ya da yanl\u0131\u015f anla\u015f\u0131lm\u0131\u015f bir evrenin kap\u0131lar\u0131n\u0131 a\u00e7an; bu evrenin din, d\u00fc\u015f\u00fcnme tarz\u0131, iktidar alg\u0131lar\u0131, k\u00fclt\u00fcr gibi en mahrem alanlar\u0131na sizi g\u00f6t\u00fcren; genellikle \u00f6nyarg\u0131l\u0131, yanl\u0131\u015f ya da tarafl\u0131 kavramlar\u0131 yerle bir eden bir yazar\u0131n ve bu yazar\u0131n kitaplar\u0131n\u0131n etkisi alt\u0131nda kalmaya kim diren\u00e7 g\u00f6sterebilir ki.&#8221; diye yazmaktad\u0131r. \u0130slam ve Bat\u0131, \u00e7e\u015fitli s\u00fcreli yay\u0131nlarda \u0130ngilizce olarak yay\u0131nlanm\u0131\u015f on bir makaleden olu\u015fuyor. Makaleler \u00fc\u00e7 ana ba\u015fl\u0131k alt\u0131nda d\u00fczenlenmi\u015f: Kar\u015f\u0131la\u015fmalar, \u00c7al\u0131\u015fmalar ve Alg\u0131lar, \u0130slam\u0131n Yan\u0131t\u0131 ve Tepkisi. Bu makalelerde Lewis, \u0130slam ve Hristiyanl\u0131\u011f\u0131n ilk kez kar\u015f\u0131 kar\u015f\u0131ya gelmesinden ba\u015flayarak birbirlerini anlama \u00e7abalar\u0131n\u0131 ve bir arada ya\u015fama ko\u015fullar\u0131n\u0131 inceliyor. Ona g\u00f6re \u0130slam ve Hristiyanl\u0131k ya da Bat\u0131 iki karde\u015f uygarl\u0131\u011f\u0131 temsil etmektedir ve ayr\u0131l\u0131klar\u0131ndan ziyade benzerliklerinden dolay\u0131 \u00e7at\u0131\u015fma i\u00e7inde olmu\u015flard\u0131r. Lewis, &#8220;1400 y\u0131ldan daha uzun bir s\u00fcredir, \u0130slam ve Hristiyanl\u0131k, genellikle birbirine rakip zaman zaman da d\u00fc\u015fman ama her zaman kom\u015fu olarak yan yana ya\u015fad\u0131lar. \u2026 Asya ve Afrikan\u0131n daha eski inan\u00e7 ve k\u00fclt\u00fcrleriyle k\u0131yasland\u0131\u011f\u0131nda, \u0130slam ve Hristiyanl\u0131k ortak bir mirasa sahiptir ve -\u00e7o\u011funlukla ihtilafl\u0131 olsa da- ortak bir co\u011frafyay\u0131 payla\u015fan karde\u015f dinlerdir. \u2026 Bu uzun ve maalesef hi\u00e7 bitmeyen m\u00fccadelede bu iki uygarl\u0131k, farkl\u0131l\u0131klar\u0131ndan daha \u00e7ok benzerliklerinden dolay\u0131 birbirlerinden ayr\u0131lm\u0131\u015ft\u0131r.&#8221; \u0130slam ve Bat\u0131, d\u00fcn\u00fc, bug\u00fcn\u00fc ve yar\u0131n\u0131 anlamaya \u00e7al\u0131\u015fan ve farkl\u0131 uygarl\u0131klar\u0131n bir arada ya\u015fayabilmesi konusu \u00fczerinde d\u00fc\u015f\u00fcnen herkesin okumas\u0131 gereken bir ba\u015fyap\u0131t .<\/p>\n","protected":false},"excerpt":{"rendered":"<p>\ufffcTan\u0131t\u0131m MetniBernard Lewis, Orta Do\u011fu ve \u0130slam tarihi konusunda tart\u0131\u015fmas\u0131z en b\u00fcy\u00fck tarih\u00e7idir. Orta Do\u011fu, T\u00fcrk, \u0130slam ve Arap tarihi \u00fczerine yazd\u0131\u011f\u0131 iki d\u00fczineden fazla kitap<span class=\"excerpt-hellip\"> [\u2026]<\/span><\/p>\n","protected":false},"featured_media":0,"template":"","meta":{"_monsterinsights_skip_tracking":false,"_monsterinsights_sitenote_active":false,"_monsterinsights_sitenote_note":"","_monsterinsights_sitenote_category":0},"product_brand":[],"product_cat":[12370,12304],"product_tag":[],"class_list":{"0":"post-708511","1":"product","2":"type-product","3":"status-publish","5":"product_cat-arastirma-inceleme","6":"product_cat-tarih","7":"pa_tur-kitap","8":"pa_yayinevi-akil-celen-kitaplar","9":"pa_yazar-bernard-lewis","11":"first","12":"instock","13":"sale","14":"shipping-taxable","15":"purchasable","16":"product-type-simple"},"_links":{"self":[{"href":"https:\/\/roveyayinevi.com.tr\/index.php\/wp-json\/wp\/v2\/product\/708511","targetHints":{"allow":["GET"]}}],"collection":[{"href":"https:\/\/roveyayinevi.com.tr\/index.php\/wp-json\/wp\/v2\/product"}],"about":[{"href":"https:\/\/roveyayinevi.com.tr\/index.php\/wp-json\/wp\/v2\/types\/product"}],"wp:attachment":[{"href":"https:\/\/roveyayinevi.com.tr\/index.php\/wp-json\/wp\/v2\/media?parent=708511"}],"wp:term":[{"taxonomy":"product_brand","embeddable":true,"href":"https:\/\/roveyayinevi.com.tr\/index.php\/wp-json\/wp\/v2\/product_brand?post=708511"},{"taxonomy":"product_cat","embeddable":true,"href":"https:\/\/roveyayinevi.com.tr\/index.php\/wp-json\/wp\/v2\/product_cat?post=708511"},{"taxonomy":"product_tag","embeddable":true,"href":"https:\/\/roveyayinevi.com.tr\/index.php\/wp-json\/wp\/v2\/product_tag?post=708511"}],"curies":[{"name":"wp","href":"https:\/\/api.w.org\/{rel}","templated":true}]}}