{"id":708510,"date":"2025-08-27T16:15:28","date_gmt":"2025-08-27T13:15:28","guid":{"rendered":"https:\/\/roveyayinevi.com.tr\/index.php\/urun\/denizde-bulunan-cocuk\/"},"modified":"2026-04-16T02:17:27","modified_gmt":"2026-04-15T23:17:27","slug":"denizde-bulunan-cocuk","status":"publish","type":"product","link":"https:\/\/roveyayinevi.com.tr\/index.php\/urun\/denizde-bulunan-cocuk\/","title":{"rendered":"Denizde Bulunan \u00c7ocuk"},"content":{"rendered":"<p>T\u00fcm Avrupa\u2019n\u0131n en tan\u0131nm\u0131\u015f simalar\u0131ndan biri olan Doktor Schwaryencrona, Norve\u00e7\u2019te ziyaret etti\u011fi ilkokulun \u00f6\u011frencilerinden biri olan Erik\u2019in tav\u0131rlar\u0131ndan ve \u00e7ocu\u011fun pek \u00e7ok farkl\u0131 bilgi birikiminden etkilenir.\u00c7ocu\u011fu biraz daha yak\u0131ndan tan\u0131y\u0131nca Erik\u2019in denizde bulundu\u011funu ve o g\u00fcnden bu yana kendisini bulan bal\u0131k\u00e7\u0131n\u0131n ailesi taraf\u0131ndan himaye edildi\u011fini \u00f6\u011frenen doktor, Erik\u2019i de yan\u0131na al\u0131r ve \u00e7ocu\u011fun daha geni\u015f e\u011fitim imkanlar\u0131ndan yararlanabilmesi i\u00e7in birlikte Stockholm\u2019e giderler.Aradan zaman ge\u00e7ip de Erik\u2019in ya\u015f\u0131 ilerleyince, Doktor Schwaryencrona ve Erik birlikte b\u00fcy\u00fck bir maceraya at\u0131lacak ve bu gen\u00e7 adam\u0131n ger\u00e7ek ailesini bulmaya \u00e7al\u0131\u015facakt\u0131r.JulesVerne (1828-1905), yazd\u0131klar\u0131yla bug\u00fcn bile pek \u00e7ok insana ilham kayna\u011f\u0131 olmaya, eserleriyle t\u00fcm d\u00fcnyadan okuyucular\u0131 b\u00fcy\u00fclemeye devam eden bir yazar ve gezgindir.<\/p>\n","protected":false},"excerpt":{"rendered":"<p>T\u00fcm Avrupa\u2019n\u0131n en tan\u0131nm\u0131\u015f simalar\u0131ndan biri olan Doktor Schwaryencrona, Norve\u00e7\u2019te ziyaret etti\u011fi ilkokulun \u00f6\u011frencilerinden biri olan Erik\u2019in tav\u0131rlar\u0131ndan ve \u00e7ocu\u011fun pek \u00e7ok farkl\u0131 bilgi birikiminden etkilenir.\u00c7ocu\u011fu<span class=\"excerpt-hellip\"> [\u2026]<\/span><\/p>\n","protected":false},"featured_media":0,"template":"","meta":{"_monsterinsights_skip_tracking":false,"_monsterinsights_sitenote_active":false,"_monsterinsights_sitenote_note":"","_monsterinsights_sitenote_category":0},"product_brand":[],"product_cat":[12274,12284],"product_tag":[],"class_list":{"0":"post-708510","1":"product","2":"type-product","3":"status-publish","5":"product_cat-cocuk-ve-genclik-kitaplari","6":"product_cat-hikayeler","7":"pa_cilt-ciltsiz","8":"pa_tur-kitap","9":"pa_yayinevi-arkadas-yayinlari","10":"pa_yazar-jules-verne","12":"first","13":"instock","14":"sale","15":"shipping-taxable","16":"purchasable","17":"product-type-simple"},"_links":{"self":[{"href":"https:\/\/roveyayinevi.com.tr\/index.php\/wp-json\/wp\/v2\/product\/708510","targetHints":{"allow":["GET"]}}],"collection":[{"href":"https:\/\/roveyayinevi.com.tr\/index.php\/wp-json\/wp\/v2\/product"}],"about":[{"href":"https:\/\/roveyayinevi.com.tr\/index.php\/wp-json\/wp\/v2\/types\/product"}],"wp:attachment":[{"href":"https:\/\/roveyayinevi.com.tr\/index.php\/wp-json\/wp\/v2\/media?parent=708510"}],"wp:term":[{"taxonomy":"product_brand","embeddable":true,"href":"https:\/\/roveyayinevi.com.tr\/index.php\/wp-json\/wp\/v2\/product_brand?post=708510"},{"taxonomy":"product_cat","embeddable":true,"href":"https:\/\/roveyayinevi.com.tr\/index.php\/wp-json\/wp\/v2\/product_cat?post=708510"},{"taxonomy":"product_tag","embeddable":true,"href":"https:\/\/roveyayinevi.com.tr\/index.php\/wp-json\/wp\/v2\/product_tag?post=708510"}],"curies":[{"name":"wp","href":"https:\/\/api.w.org\/{rel}","templated":true}]}}