{"id":708508,"date":"2025-08-27T16:15:27","date_gmt":"2025-08-27T13:15:27","guid":{"rendered":"https:\/\/roveyayinevi.com.tr\/index.php\/urun\/mavisel-yener-ile-siir-atolyesi\/"},"modified":"2026-04-16T02:17:27","modified_gmt":"2026-04-15T23:17:27","slug":"mavisel-yener-ile-siir-atolyesi","status":"publish","type":"product","link":"https:\/\/roveyayinevi.com.tr\/index.php\/urun\/mavisel-yener-ile-siir-atolyesi\/","title":{"rendered":"Mavisel Yener \u0130le \u015eiir At\u00f6lyesi"},"content":{"rendered":"<p>\u015eiir okumay\u0131 sever misin? Yan\u0131t\u0131n \u201cevet\u201dse bu kitap \u00e7ok i\u015fine yarayacak. Tabii \u201chay\u0131r\u201d dersen de \u00e7ok i\u015fine yarayacak\u2026Her \u015fiirin bir maceras\u0131 ve \u00e7\u00f6z\u00fclmeyi bekleyen bir bilmecesi oldu\u011funu vurgulayan Mavisel Yener, \u015fiiri sanatsal bir ifade bi\u00e7imi olarak kullanma konusunda fark\u0131ndal\u0131k kazand\u0131rmak amac\u0131yla haz\u0131rlad\u0131\u011f\u0131 Mavisel Yener ile \u015eiir At\u00f6lyesi kitab\u0131nda, e\u011flendiren ve ayd\u0131nlatan bir \u015fiir deneyimi vadediyor.\u015eiire ilgi duyan her ya\u015ftan edebiyatseverin kitapl\u0131\u011f\u0131nda bulundurmak isteyece\u011fi bu yap\u0131c\u0131 eser, \u015fiir dili, \u015fiirde kullan\u0131lan s\u00f6z sanatlar\u0131, \u015fiir yaz\u0131m kurallar\u0131, \u015fiir yorumlama ve anlamland\u0131rma gibi \u00e7e\u015fitli \u00f6rneklerle zenginle\u015ftirilmi\u015f kapsaml\u0131 bir i\u00e7erik sunuyor. Ayr\u0131ca kitab\u0131n arkas\u0131nda yer alan \u015eiir Defterim b\u00f6l\u00fcm\u00fc, herkesi hayal kurmaya, d\u00fc\u015f\u00fcnmeye ve d\u00fc\u015f\u00fcnd\u00fcklerini ifade etmeye davet ediyor.Bedri Rahmi Ey\u00fcbo\u011flu\u2019ndan Cahit K\u00fclebi\u2019ye, Orhon Murat Ar\u0131burnu\u2019ndan Necati Cumal\u0131\u2019ya de\u011fin pek \u00e7ok \u015fiir ustas\u0131n\u0131n dizelerini a\u011f\u0131rlayan bu \u00e7al\u0131\u015fma, yazar\u0131n \u201c\u015eiirde 4D\u201d gibi kendi yarat\u0131m\u0131 olan \u00e7ok \u00f6zel tan\u0131mlamalara ve a\u00e7\u0131klamalara da yer veriyor.Hans Christian Andersen \u00d6d\u00fcl\u00fc i\u00e7in 2018 y\u0131l\u0131 T\u00fcrkiye aday\u0131 olarak g\u00f6sterilen Mavisel Yener, esin perinizi harekete ge\u00e7irip sizleri kendi \u015fiir ser\u00fcveninizin derin sular\u0131nda dal\u0131\u015f yapmaya \u00e7a\u011f\u0131r\u0131yor! <\/p>\n","protected":false},"excerpt":{"rendered":"<p>\u015eiir okumay\u0131 sever misin? Yan\u0131t\u0131n \u201cevet\u201dse bu kitap \u00e7ok i\u015fine yarayacak. Tabii \u201chay\u0131r\u201d dersen de \u00e7ok i\u015fine yarayacak\u2026Her \u015fiirin bir maceras\u0131 ve \u00e7\u00f6z\u00fclmeyi bekleyen bir bilmecesi<span class=\"excerpt-hellip\"> [\u2026]<\/span><\/p>\n","protected":false},"featured_media":0,"template":"","meta":{"_monsterinsights_skip_tracking":false,"_monsterinsights_sitenote_active":false,"_monsterinsights_sitenote_note":"","_monsterinsights_sitenote_category":0},"product_brand":[],"product_cat":[12291,12509],"product_tag":[],"class_list":{"0":"post-708508","1":"product","2":"type-product","3":"status-publish","5":"product_cat-edebiyat","6":"product_cat-siir","7":"pa_cilt-ciltsiz","8":"pa_tur-kitap","9":"pa_yayinevi-tudem-yayinlari","10":"pa_yazar-mavisel-yener","12":"first","13":"instock","14":"sale","15":"shipping-taxable","16":"purchasable","17":"product-type-simple"},"_links":{"self":[{"href":"https:\/\/roveyayinevi.com.tr\/index.php\/wp-json\/wp\/v2\/product\/708508","targetHints":{"allow":["GET"]}}],"collection":[{"href":"https:\/\/roveyayinevi.com.tr\/index.php\/wp-json\/wp\/v2\/product"}],"about":[{"href":"https:\/\/roveyayinevi.com.tr\/index.php\/wp-json\/wp\/v2\/types\/product"}],"wp:attachment":[{"href":"https:\/\/roveyayinevi.com.tr\/index.php\/wp-json\/wp\/v2\/media?parent=708508"}],"wp:term":[{"taxonomy":"product_brand","embeddable":true,"href":"https:\/\/roveyayinevi.com.tr\/index.php\/wp-json\/wp\/v2\/product_brand?post=708508"},{"taxonomy":"product_cat","embeddable":true,"href":"https:\/\/roveyayinevi.com.tr\/index.php\/wp-json\/wp\/v2\/product_cat?post=708508"},{"taxonomy":"product_tag","embeddable":true,"href":"https:\/\/roveyayinevi.com.tr\/index.php\/wp-json\/wp\/v2\/product_tag?post=708508"}],"curies":[{"name":"wp","href":"https:\/\/api.w.org\/{rel}","templated":true}]}}