{"id":708501,"date":"2025-08-27T16:15:23","date_gmt":"2025-08-27T13:15:23","guid":{"rendered":"https:\/\/roveyayinevi.com.tr\/index.php\/urun\/tanri-allahin-neresinde\/"},"modified":"2026-04-16T02:17:27","modified_gmt":"2026-04-15T23:17:27","slug":"tanri-allahin-neresinde","status":"publish","type":"product","link":"https:\/\/roveyayinevi.com.tr\/index.php\/urun\/tanri-allahin-neresinde\/","title":{"rendered":"Tanr\u0131 Allah\u0131n Neresinde"},"content":{"rendered":"<p>O g\u00fcne kadar var oldu\u011funu sand\u0131\u011f\u0131m varl\u0131klar\u0131n asl\u0131nda bir varl\u0131klar\u0131 olmad\u0131\u011f\u0131n\u0131 anlamamd\u0131 HAYRET D\u00fc\u015f\u00fcncelerimin temelinde ALLAH ad\u0131n\u0131 koydu\u011fum bir Tanr\u0131m oldu\u011fu s\u00fcrece ger\u00e7e\u011fi g\u00f6remeyecektim. Hayalimdeki Tanr\u0131 beni \u00f6l\u00fcm sonras\u0131 yarg\u0131layacak, cennetine veya cehennemine g\u00f6nderecekti. Tanr\u0131 ve Allah\u2019\u0131 ayn\u0131 \u015fey zannetme yan\u0131lg\u0131s\u0131 i\u00e7indeydim. \u0130nsanl\u0131k var oldu\u011fundan beri hep Tanr\u0131lar olmu\u015ftu ama Allahlar olmam\u0131\u015ft\u0131; oysa ger\u00e7ekte sadece Allah vard\u0131 ve O\u2019ndan ba\u015fka hi\u00e7bir \u015fey yoktu. Allah ad\u0131 ile i\u015faret edilen hepimizin \u00f6z\u00fcndeydi ve hakikatimizi olu\u015fturmaktayd\u0131. Bundan sonra ne zaman Allah ad\u0131n\u0131 duysam, o kelimenin anlam\u0131n\u0131 d\u0131\u015far\u0131da de\u011fil i\u00e7imde, \u00f6z\u00fcmde anlamaya \u00e7al\u0131\u015ft\u0131m. <\/p>\n","protected":false},"excerpt":{"rendered":"<p>O g\u00fcne kadar var oldu\u011funu sand\u0131\u011f\u0131m varl\u0131klar\u0131n asl\u0131nda bir varl\u0131klar\u0131 olmad\u0131\u011f\u0131n\u0131 anlamamd\u0131 HAYRET D\u00fc\u015f\u00fcncelerimin temelinde ALLAH ad\u0131n\u0131 koydu\u011fum bir Tanr\u0131m oldu\u011fu s\u00fcrece ger\u00e7e\u011fi g\u00f6remeyecektim. Hayalimdeki Tanr\u0131<span class=\"excerpt-hellip\"> [\u2026]<\/span><\/p>\n","protected":false},"featured_media":0,"template":"","meta":{"_monsterinsights_skip_tracking":false,"_monsterinsights_sitenote_active":false,"_monsterinsights_sitenote_note":"","_monsterinsights_sitenote_category":0},"product_brand":[],"product_cat":[12718,12719],"product_tag":[],"class_list":{"0":"post-708501","1":"product","2":"type-product","3":"status-publish","5":"product_cat-din","6":"product_cat-islam","7":"pa_cilt-ciltsiz","8":"pa_tur-kitap","9":"pa_yayinevi-nemesis-kitap","10":"pa_yazar-murat-tulga-buyruk","12":"first","13":"instock","14":"sale","15":"shipping-taxable","16":"purchasable","17":"product-type-simple"},"_links":{"self":[{"href":"https:\/\/roveyayinevi.com.tr\/index.php\/wp-json\/wp\/v2\/product\/708501","targetHints":{"allow":["GET"]}}],"collection":[{"href":"https:\/\/roveyayinevi.com.tr\/index.php\/wp-json\/wp\/v2\/product"}],"about":[{"href":"https:\/\/roveyayinevi.com.tr\/index.php\/wp-json\/wp\/v2\/types\/product"}],"wp:attachment":[{"href":"https:\/\/roveyayinevi.com.tr\/index.php\/wp-json\/wp\/v2\/media?parent=708501"}],"wp:term":[{"taxonomy":"product_brand","embeddable":true,"href":"https:\/\/roveyayinevi.com.tr\/index.php\/wp-json\/wp\/v2\/product_brand?post=708501"},{"taxonomy":"product_cat","embeddable":true,"href":"https:\/\/roveyayinevi.com.tr\/index.php\/wp-json\/wp\/v2\/product_cat?post=708501"},{"taxonomy":"product_tag","embeddable":true,"href":"https:\/\/roveyayinevi.com.tr\/index.php\/wp-json\/wp\/v2\/product_tag?post=708501"}],"curies":[{"name":"wp","href":"https:\/\/api.w.org\/{rel}","templated":true}]}}