{"id":708499,"date":"2025-08-27T16:15:23","date_gmt":"2025-08-27T13:15:23","guid":{"rendered":"https:\/\/roveyayinevi.com.tr\/index.php\/urun\/yeniden-turkiye\/"},"modified":"2026-04-16T02:17:27","modified_gmt":"2026-04-15T23:17:27","slug":"yeniden-turkiye","status":"publish","type":"product","link":"https:\/\/roveyayinevi.com.tr\/index.php\/urun\/yeniden-turkiye\/","title":{"rendered":"Yeniden T\u00fcrkiye"},"content":{"rendered":"<p>\u201cYeniden T\u00fcrkiye\u201d her \u015feyden \u00f6nce bir inanc\u0131n ad\u0131d\u0131r. Bar\u0131\u015fa inanan, karde\u015fli\u011fin de\u011ferini bilen, samimi, d\u00fcr\u00fcst ve g\u00fcler y\u00fczl\u00fc bir topluma olan inan\u00e7t\u0131r. Bereketli, \u00e7a\u011fda\u015f, e\u015fitlik\u00e7i, refah dolu, g\u00fc\u00e7l\u00fc bir devlete olan inan\u00e7t\u0131r. G\u00fczel bir \u00fclkeye inanmakt\u0131r. \u00c7ocuklar\u0131n g\u00fcld\u00fc\u011f\u00fc, kad\u0131nlar\u0131n sayg\u0131 g\u00f6rd\u00fc\u011f\u00fc, \u015fiddetin g\u00fcndemde olmad\u0131\u011f\u0131, yoksullar\u0131n elinin ekmek tuttu\u011fu, i\u015f sahibi oldu\u011fu, birilerinin insaf\u0131na mecbur ve \u00e7aresiz b\u0131rak\u0131lmad\u0131\u011f\u0131, adalet terazisinin \u015fa\u015fmad\u0131\u011f\u0131 bir \u00fclkeye inanmakt\u0131r. <\/p>\n","protected":false},"excerpt":{"rendered":"<p>\u201cYeniden T\u00fcrkiye\u201d her \u015feyden \u00f6nce bir inanc\u0131n ad\u0131d\u0131r. Bar\u0131\u015fa inanan, karde\u015fli\u011fin de\u011ferini bilen, samimi, d\u00fcr\u00fcst ve g\u00fcler y\u00fczl\u00fc bir topluma olan inan\u00e7t\u0131r. Bereketli, \u00e7a\u011fda\u015f, e\u015fitlik\u00e7i, refah<span class=\"excerpt-hellip\"> [\u2026]<\/span><\/p>\n","protected":false},"featured_media":0,"template":"","meta":{"_monsterinsights_skip_tracking":false,"_monsterinsights_sitenote_active":false,"_monsterinsights_sitenote_note":"","_monsterinsights_sitenote_category":0},"product_brand":[],"product_cat":[17574,13527],"product_tag":[],"class_list":{"0":"post-708499","1":"product","2":"type-product","3":"status-publish","5":"product_cat-politika","6":"product_cat-sureli-yayinlar","7":"pa_cilt-ciltsiz","8":"pa_tur-kitap","9":"pa_yayinevi-alabanda-yayin","10":"pa_yazar-ali-arif-ozzeybek","12":"first","13":"instock","14":"sale","15":"shipping-taxable","16":"purchasable","17":"product-type-simple"},"_links":{"self":[{"href":"https:\/\/roveyayinevi.com.tr\/index.php\/wp-json\/wp\/v2\/product\/708499","targetHints":{"allow":["GET"]}}],"collection":[{"href":"https:\/\/roveyayinevi.com.tr\/index.php\/wp-json\/wp\/v2\/product"}],"about":[{"href":"https:\/\/roveyayinevi.com.tr\/index.php\/wp-json\/wp\/v2\/types\/product"}],"wp:attachment":[{"href":"https:\/\/roveyayinevi.com.tr\/index.php\/wp-json\/wp\/v2\/media?parent=708499"}],"wp:term":[{"taxonomy":"product_brand","embeddable":true,"href":"https:\/\/roveyayinevi.com.tr\/index.php\/wp-json\/wp\/v2\/product_brand?post=708499"},{"taxonomy":"product_cat","embeddable":true,"href":"https:\/\/roveyayinevi.com.tr\/index.php\/wp-json\/wp\/v2\/product_cat?post=708499"},{"taxonomy":"product_tag","embeddable":true,"href":"https:\/\/roveyayinevi.com.tr\/index.php\/wp-json\/wp\/v2\/product_tag?post=708499"}],"curies":[{"name":"wp","href":"https:\/\/api.w.org\/{rel}","templated":true}]}}