{"id":708497,"date":"2025-08-27T16:15:21","date_gmt":"2025-08-27T13:15:21","guid":{"rendered":"https:\/\/roveyayinevi.com.tr\/index.php\/urun\/golcando-sakli-oyku-1-kitap\/"},"modified":"2026-04-16T02:17:27","modified_gmt":"2026-04-15T23:17:27","slug":"golcando-sakli-oyku-1-kitap","status":"publish","type":"product","link":"https:\/\/roveyayinevi.com.tr\/index.php\/urun\/golcando-sakli-oyku-1-kitap\/","title":{"rendered":"Golcando Sakl\u0131 \u00d6yk\u00fc 1.Kitap"},"content":{"rendered":"<p>&#8220;I\u015f\u0131k, r\u00fczgar y\u00f6n\u00fcndedir Kral\u0131m&#8230; &#8221; R\u00fczgar\u0131n rehberli\u011fi ile sadece geceleri s\u00fcrecek, uzun me\u015fakatli bir yolculuktur bu&#8230;! I\u015f\u0131\u011f\u0131 bulacaklar fakat ayd\u0131nland\u0131klar\u0131 kadar da yanacaklard\u0131\u2026 Y\u00fczy\u0131llar \u00f6ncesinde kesi\u015fen yollar\u0131 ve birle\u015fen y\u00fcrekleri ile biri, unutmadan sab\u0131rla di\u011ferini bekleyerek, di\u011feri ise hat\u0131rlamak \u00fczere unutarak g\u00fcn\u00fcm\u00fcze gelir&#8230; \u00c7a\u011flar \u00f6ncesinden g\u00fcn\u00fcm\u00fcze uzanan, bir bileninin bir de bilmeyeninin oldu\u011fu gizli bir \u00f6yk\u00fc ve as\u0131rlar sonra New York&#8217;un ortas\u0131nda tekrar kar\u015f\u0131la\u015fan, birbirine yaz\u0131lm\u0131\u015f iki derin kader yazg\u0131s\u0131d\u0131r onlar&#8230; Bildi\u011finiz Dracula masallar\u0131n\u0131 unutun&#8230;! Golconda ile vampirlerin kutsal kitaplarla destekli bilinmeyen ger\u00e7ek tarihini \u00f6\u011frenecek ve y\u00fczy\u0131llar \u00f6ncesinden g\u00fcn\u00fcm\u00fcze uzanan bir a\u015fk hikayesinin i\u00e7inde kaybolacaks\u0131n\u0131z&#8230;! <\/p>\n","protected":false},"excerpt":{"rendered":"<p>&#8220;I\u015f\u0131k, r\u00fczgar y\u00f6n\u00fcndedir Kral\u0131m&#8230; &#8221; R\u00fczgar\u0131n rehberli\u011fi ile sadece geceleri s\u00fcrecek, uzun me\u015fakatli bir yolculuktur bu&#8230;! I\u015f\u0131\u011f\u0131 bulacaklar fakat ayd\u0131nland\u0131klar\u0131 kadar da yanacaklard\u0131\u2026 Y\u00fczy\u0131llar \u00f6ncesinde kesi\u015fen<span class=\"excerpt-hellip\"> [\u2026]<\/span><\/p>\n","protected":false},"featured_media":0,"template":"","meta":{"_monsterinsights_skip_tracking":false,"_monsterinsights_sitenote_active":false,"_monsterinsights_sitenote_note":"","_monsterinsights_sitenote_category":0},"product_brand":[],"product_cat":[12291,12711],"product_tag":[],"class_list":{"0":"post-708497","1":"product","2":"type-product","3":"status-publish","5":"product_cat-edebiyat","6":"product_cat-roman-oyku","7":"pa_cilt-ciltsiz","8":"pa_tur-kitap","9":"pa_yayinevi-siyah-kugu","10":"pa_yazar-fatma-nur","12":"first","13":"instock","14":"sale","15":"shipping-taxable","16":"purchasable","17":"product-type-simple"},"_links":{"self":[{"href":"https:\/\/roveyayinevi.com.tr\/index.php\/wp-json\/wp\/v2\/product\/708497","targetHints":{"allow":["GET"]}}],"collection":[{"href":"https:\/\/roveyayinevi.com.tr\/index.php\/wp-json\/wp\/v2\/product"}],"about":[{"href":"https:\/\/roveyayinevi.com.tr\/index.php\/wp-json\/wp\/v2\/types\/product"}],"wp:attachment":[{"href":"https:\/\/roveyayinevi.com.tr\/index.php\/wp-json\/wp\/v2\/media?parent=708497"}],"wp:term":[{"taxonomy":"product_brand","embeddable":true,"href":"https:\/\/roveyayinevi.com.tr\/index.php\/wp-json\/wp\/v2\/product_brand?post=708497"},{"taxonomy":"product_cat","embeddable":true,"href":"https:\/\/roveyayinevi.com.tr\/index.php\/wp-json\/wp\/v2\/product_cat?post=708497"},{"taxonomy":"product_tag","embeddable":true,"href":"https:\/\/roveyayinevi.com.tr\/index.php\/wp-json\/wp\/v2\/product_tag?post=708497"}],"curies":[{"name":"wp","href":"https:\/\/api.w.org\/{rel}","templated":true}]}}