{"id":708495,"date":"2025-08-27T16:15:21","date_gmt":"2025-08-27T13:15:21","guid":{"rendered":"https:\/\/roveyayinevi.com.tr\/index.php\/urun\/amerika-baskanlik-sistemi\/"},"modified":"2026-04-16T02:17:27","modified_gmt":"2026-04-15T23:17:27","slug":"amerika-baskanlik-sistemi","status":"publish","type":"product","link":"https:\/\/roveyayinevi.com.tr\/index.php\/urun\/amerika-baskanlik-sistemi\/","title":{"rendered":"Amerika Ba\u015fkanl\u0131k Sistemi"},"content":{"rendered":"<p>ABD ba\u015fkanl\u0131k sisteminin t\u00fcm y\u00f6nleriyle incelendi\u011fi; Amerika ve T\u00fcrkiye ili\u015fkilerine dair bilinmeyen pek \u00e7ok konunun ele al\u0131nd\u0131\u011f\u0131 y\u0131llar s\u00fcren bir ara\u015ft\u0131rman\u0131n sonu\u00e7lar\u0131:\u00b7 Parlamenter sistemle, ba\u015fkanl\u0131k sisteminin fark\u0131 nedir?\u00b7 ABD Ba\u015fkan\u0131\u2019n\u0131n yetkileri ve sorumluluklar\u0131 nelerdir?\u00b7 Kuvvetler ayr\u0131m\u0131n\u0131n g\u00f6rev ve yetkileri nelerdir?\u00b7 Ba\u015fkanl\u0131k sisteminin avantajlar\u0131 ve dezavantajlar\u0131 nelerdir?\u00b7 ABD\u2019de \u00fc\u00e7\u00fcnc\u00fc bir parti se\u00e7imi kazanabilir mi? \u00b7 Ba\u015fkan\u0131n u\u00e7a\u011f\u0131na binmenin \u00fccreti nedir?\u00b7 Gizli Servis\u2019in; Ba\u015fkan ve ailelerine verdi\u011fi kod isimler nelerdir?\u00b7 E\u011fitim, polis ve itfaiye te\u015fkilat\u0131 kime ba\u011fl\u0131d\u0131r?\u00b7 Washington An\u0131t\u0131\u2019nda, hangi padi\u015fah\u0131n tu\u011fras\u0131 vard\u0131r?\u00b7 ABD\u2019yi 17 ay, hangi kad\u0131n idare etti?\u00b7 ABD\u2019de parayla sat\u0131n al\u0131nan eyaletler hangisidir?\u00b7 Se\u00e7imler ni\u00e7in Kas\u0131m ay\u0131nda ve Sal\u0131 g\u00fcnleri yap\u0131l\u0131r?\u00b7 G\u00f6revdeyken, T\u00fcrkiye\u2019ye gelen ilk ABD Ba\u015fkan\u0131 kimdir? \u00b7 ABD\u2019de ka\u00e7 bakanl\u0131k bulunur? \u00b7 Kennedy d\u00f6neminde, T\u00fcrkiye\u2019nin harcand\u0131\u011f\u0131 \u2018K\u00fcba Krizi\u2019 nas\u0131l oldu? \ufffcTan\u0131t\u0131m Metni<\/p>\n","protected":false},"excerpt":{"rendered":"<p>ABD ba\u015fkanl\u0131k sisteminin t\u00fcm y\u00f6nleriyle incelendi\u011fi; Amerika ve T\u00fcrkiye ili\u015fkilerine dair bilinmeyen pek \u00e7ok konunun ele al\u0131nd\u0131\u011f\u0131 y\u0131llar s\u00fcren bir ara\u015ft\u0131rman\u0131n sonu\u00e7lar\u0131:\u00b7 Parlamenter sistemle, ba\u015fkanl\u0131k sisteminin<span class=\"excerpt-hellip\"> [\u2026]<\/span><\/p>\n","protected":false},"featured_media":0,"template":"","meta":{"_monsterinsights_skip_tracking":false,"_monsterinsights_sitenote_active":false,"_monsterinsights_sitenote_note":"","_monsterinsights_sitenote_category":0},"product_brand":[],"product_cat":[17574,13527],"product_tag":[],"class_list":{"0":"post-708495","1":"product","2":"type-product","3":"status-publish","5":"product_cat-politika","6":"product_cat-sureli-yayinlar","7":"pa_cilt-ciltsiz","8":"pa_tur-kitap","9":"pa_yayinevi-asi-kitap","10":"pa_yazar-kubilay-celik","12":"first","13":"instock","14":"sale","15":"shipping-taxable","16":"purchasable","17":"product-type-simple"},"_links":{"self":[{"href":"https:\/\/roveyayinevi.com.tr\/index.php\/wp-json\/wp\/v2\/product\/708495","targetHints":{"allow":["GET"]}}],"collection":[{"href":"https:\/\/roveyayinevi.com.tr\/index.php\/wp-json\/wp\/v2\/product"}],"about":[{"href":"https:\/\/roveyayinevi.com.tr\/index.php\/wp-json\/wp\/v2\/types\/product"}],"wp:attachment":[{"href":"https:\/\/roveyayinevi.com.tr\/index.php\/wp-json\/wp\/v2\/media?parent=708495"}],"wp:term":[{"taxonomy":"product_brand","embeddable":true,"href":"https:\/\/roveyayinevi.com.tr\/index.php\/wp-json\/wp\/v2\/product_brand?post=708495"},{"taxonomy":"product_cat","embeddable":true,"href":"https:\/\/roveyayinevi.com.tr\/index.php\/wp-json\/wp\/v2\/product_cat?post=708495"},{"taxonomy":"product_tag","embeddable":true,"href":"https:\/\/roveyayinevi.com.tr\/index.php\/wp-json\/wp\/v2\/product_tag?post=708495"}],"curies":[{"name":"wp","href":"https:\/\/api.w.org\/{rel}","templated":true}]}}