{"id":708493,"date":"2025-08-27T16:15:20","date_gmt":"2025-08-27T13:15:20","guid":{"rendered":"https:\/\/roveyayinevi.com.tr\/index.php\/urun\/o-kedi-bu-eve-gelecek\/"},"modified":"2026-04-16T02:17:27","modified_gmt":"2026-04-15T23:17:27","slug":"o-kedi-bu-eve-gelecek","status":"publish","type":"product","link":"https:\/\/roveyayinevi.com.tr\/index.php\/urun\/o-kedi-bu-eve-gelecek\/","title":{"rendered":"O Kedi Bu Eve Gelecek"},"content":{"rendered":"<p>Temmuz aylar\u0131ndan birinde, \u00fcstelik g\u00fczel bir g\u00fcnde do\u011fdum. Lise ve \u00fcniversite e\u011fitimimi tamamlad\u0131ktan sonra i\u00e7imden gelen sesi daha fazla bast\u0131ramay\u0131p 2013 y\u0131l\u0131nda Yakin\u2019e Yol isimli ilk roman\u0131m\u0131 yazd\u0131m. \u00c7ocuklarla aramdaki ba\u011f\u0131 g\u00fc\u00e7lendirece\u011fine inand\u0131\u011f\u0131m Ajan H\u0131zl\u0131pati kitab\u0131n\u0131 yazmama ilham veren bir kedi, iki o\u011ful ve kedi sever biri olan e\u015fimle birlikte Bursa\u2019da ya\u015f\u0131yorum&#8230; Ajan H\u0131zl\u0131pati 2 Kay\u0131p Proje, haz\u0131rlamakta oldu\u011fum serinin ikinci kitab\u0131d\u0131r. \u00c7ocuklar\u0131n zihinsel, d\u00fc\u015f\u00fcnsel ve dilsel geli\u015fimine katk\u0131 sa\u011flamak ad\u0131na, her kelimeyi \u00f6zenle se\u00e7tim ve bilin\u00e7li olarak uzun c\u00fcmleler kurdum. Ben bir\u00e7ok ki\u015finin aksine \u00e7ocuklar\u0131n yeti\u015fkinlerden daha zeki oldu\u011funa inan\u0131yorum. Ne dersiniz?.. <\/p>\n","protected":false},"excerpt":{"rendered":"<p>Temmuz aylar\u0131ndan birinde, \u00fcstelik g\u00fczel bir g\u00fcnde do\u011fdum. Lise ve \u00fcniversite e\u011fitimimi tamamlad\u0131ktan sonra i\u00e7imden gelen sesi daha fazla bast\u0131ramay\u0131p 2013 y\u0131l\u0131nda Yakin\u2019e Yol isimli ilk<span class=\"excerpt-hellip\"> [\u2026]<\/span><\/p>\n","protected":false},"featured_media":0,"template":"","meta":{"_monsterinsights_skip_tracking":false,"_monsterinsights_sitenote_active":false,"_monsterinsights_sitenote_note":"","_monsterinsights_sitenote_category":0},"product_brand":[],"product_cat":[12275,12274],"product_tag":[],"class_list":{"0":"post-708493","1":"product","2":"type-product","3":"status-publish","5":"product_cat-6-12-yas-kitaplari","6":"product_cat-cocuk-ve-genclik-kitaplari","7":"pa_cilt-ciltsiz","8":"pa_tur-kitap","9":"pa_yayinevi-altin-kitaplar-cocuk-kitaplari","10":"pa_yazar-buket-tahmaz-savas","12":"first","13":"instock","14":"sale","15":"shipping-taxable","16":"purchasable","17":"product-type-simple"},"_links":{"self":[{"href":"https:\/\/roveyayinevi.com.tr\/index.php\/wp-json\/wp\/v2\/product\/708493","targetHints":{"allow":["GET"]}}],"collection":[{"href":"https:\/\/roveyayinevi.com.tr\/index.php\/wp-json\/wp\/v2\/product"}],"about":[{"href":"https:\/\/roveyayinevi.com.tr\/index.php\/wp-json\/wp\/v2\/types\/product"}],"wp:attachment":[{"href":"https:\/\/roveyayinevi.com.tr\/index.php\/wp-json\/wp\/v2\/media?parent=708493"}],"wp:term":[{"taxonomy":"product_brand","embeddable":true,"href":"https:\/\/roveyayinevi.com.tr\/index.php\/wp-json\/wp\/v2\/product_brand?post=708493"},{"taxonomy":"product_cat","embeddable":true,"href":"https:\/\/roveyayinevi.com.tr\/index.php\/wp-json\/wp\/v2\/product_cat?post=708493"},{"taxonomy":"product_tag","embeddable":true,"href":"https:\/\/roveyayinevi.com.tr\/index.php\/wp-json\/wp\/v2\/product_tag?post=708493"}],"curies":[{"name":"wp","href":"https:\/\/api.w.org\/{rel}","templated":true}]}}