{"id":708489,"date":"2025-08-27T16:15:18","date_gmt":"2025-08-27T13:15:18","guid":{"rendered":"https:\/\/roveyayinevi.com.tr\/index.php\/urun\/suzuki-piyano-okulu-1-bolum\/"},"modified":"2026-04-16T02:16:55","modified_gmt":"2026-04-15T23:16:55","slug":"suzuki-piyano-okulu-1-bolum","status":"publish","type":"product","link":"https:\/\/roveyayinevi.com.tr\/index.php\/urun\/suzuki-piyano-okulu-1-bolum\/","title":{"rendered":"Suzuki Piyano Okulu 1. B\u00f6l\u00fcm"},"content":{"rendered":"<p>Bu b\u00f6l\u00fcm d\u00fcnya \u00e7ap\u0131nda tercih edilen suzuki \u00f6\u011fretme metodunun bir par\u00e7as\u0131d\u0131r.bu metodun her b\u00f6l\u00fcm\u00fc e\u015flik cd si ile beraber kullan\u0131lmal\u0131d\u0131r. Suzuki piyano okulunun g\u00f6zden ge\u00e7irilmi\u015f bu bask\u0131s\u0131 Dr Shinichi Suzuki nin yaz\u0131lar\u0131n\u0131 ve meteorolojisini kullanan uluslararas\u0131 suzuki komitesinin i\u015fbirli\u011fi ile ger\u00e7ekle\u015ftirilmi\u015ftir. Tempo ve g\u00fcrl\u00fck i\u015faretleri m\u00fczik c\u00fcmleleri ve artikulasyonlar parmak numaralar\u0131 ve pedallar \u00f6zellikle barok d\u00f6nemine ait olanlar edit edilmi\u015ftir. Altarnatif parmak numaralar\u0131 parantez i\u00e7erisinde verilmi\u015ftir. \ufffcTan\u0131t\u0131m Metni<\/p>\n","protected":false},"excerpt":{"rendered":"<p>Bu b\u00f6l\u00fcm d\u00fcnya \u00e7ap\u0131nda tercih edilen suzuki \u00f6\u011fretme metodunun bir par\u00e7as\u0131d\u0131r.bu metodun her b\u00f6l\u00fcm\u00fc e\u015flik cd si ile beraber kullan\u0131lmal\u0131d\u0131r. Suzuki piyano okulunun g\u00f6zden ge\u00e7irilmi\u015f bu<span class=\"excerpt-hellip\"> [\u2026]<\/span><\/p>\n","protected":false},"featured_media":0,"template":"","meta":{"_monsterinsights_skip_tracking":false,"_monsterinsights_sitenote_active":false,"_monsterinsights_sitenote_note":"","_monsterinsights_sitenote_category":0},"product_brand":[],"product_cat":[15563],"product_tag":[],"class_list":{"0":"post-708489","1":"product","2":"type-product","3":"status-publish","5":"product_cat-hobi","6":"pa_cilt-ciltsiz","7":"pa_tur-kitap","8":"pa_yayinevi-porte-muzik-egitim-merkezi","9":"pa_yazar-dr-shinichi-suzuki","11":"first","12":"instock","13":"sale","14":"shipping-taxable","15":"purchasable","16":"product-type-simple"},"_links":{"self":[{"href":"https:\/\/roveyayinevi.com.tr\/index.php\/wp-json\/wp\/v2\/product\/708489","targetHints":{"allow":["GET"]}}],"collection":[{"href":"https:\/\/roveyayinevi.com.tr\/index.php\/wp-json\/wp\/v2\/product"}],"about":[{"href":"https:\/\/roveyayinevi.com.tr\/index.php\/wp-json\/wp\/v2\/types\/product"}],"wp:attachment":[{"href":"https:\/\/roveyayinevi.com.tr\/index.php\/wp-json\/wp\/v2\/media?parent=708489"}],"wp:term":[{"taxonomy":"product_brand","embeddable":true,"href":"https:\/\/roveyayinevi.com.tr\/index.php\/wp-json\/wp\/v2\/product_brand?post=708489"},{"taxonomy":"product_cat","embeddable":true,"href":"https:\/\/roveyayinevi.com.tr\/index.php\/wp-json\/wp\/v2\/product_cat?post=708489"},{"taxonomy":"product_tag","embeddable":true,"href":"https:\/\/roveyayinevi.com.tr\/index.php\/wp-json\/wp\/v2\/product_tag?post=708489"}],"curies":[{"name":"wp","href":"https:\/\/api.w.org\/{rel}","templated":true}]}}