{"id":708488,"date":"2025-08-27T16:15:17","date_gmt":"2025-08-27T13:15:17","guid":{"rendered":"https:\/\/roveyayinevi.com.tr\/index.php\/urun\/suzuki-cello-okulu-1-bolum\/"},"modified":"2026-04-16T02:16:55","modified_gmt":"2026-04-15T23:16:55","slug":"suzuki-cello-okulu-1-bolum","status":"publish","type":"product","link":"https:\/\/roveyayinevi.com.tr\/index.php\/urun\/suzuki-cello-okulu-1-bolum\/","title":{"rendered":"Suzuki \u00c7ello Okulu 1. B\u00f6l\u00fcm"},"content":{"rendered":"<p>Bu b\u00f6l\u00fcm d\u00fcnya \u00e7ap\u0131nda tercih edilen suzuki \u00f6\u011fretme metodunun bir par\u00e7as\u0131d\u0131r.bu metodun her b\u00f6l\u00fcm\u00fc e\u015flik cd si ile beraber kullan\u0131lmal\u0131d\u0131r. Bu metodu tamamlay\u0131c\u0131 piyano e\u015flik kitab\u0131da bulunmaktad\u0131r. Etkili bir suski \u00f6\u011fetmeni olmaki\u00e7in s\u00fcrekli \u00e7al\u0131\u015fma ve e\u011fitim gereklidir. T\u00fcm b\u00f6lgesel suzuki kurumlar\u0131 konferanslar estit\u00fcler k\u0131sa ve uzun d\u00f6nemli proramlar yoluyla \u00f6\u011fretmen e\u011fitimi ve geli\u015fimi konusunda \u00fcyelerine destek sa\u011flamaktad\u0131r. \ufffcTan\u0131t\u0131m Metni<\/p>\n","protected":false},"excerpt":{"rendered":"<p>Bu b\u00f6l\u00fcm d\u00fcnya \u00e7ap\u0131nda tercih edilen suzuki \u00f6\u011fretme metodunun bir par\u00e7as\u0131d\u0131r.bu metodun her b\u00f6l\u00fcm\u00fc e\u015flik cd si ile beraber kullan\u0131lmal\u0131d\u0131r. Bu metodu tamamlay\u0131c\u0131 piyano e\u015flik kitab\u0131da<span class=\"excerpt-hellip\"> [\u2026]<\/span><\/p>\n","protected":false},"featured_media":0,"template":"","meta":{"_monsterinsights_skip_tracking":false,"_monsterinsights_sitenote_active":false,"_monsterinsights_sitenote_note":"","_monsterinsights_sitenote_category":0},"product_brand":[],"product_cat":[12274,12649],"product_tag":[],"class_list":{"0":"post-708488","1":"product","2":"type-product","3":"status-publish","5":"product_cat-cocuk-ve-genclik-kitaplari","6":"product_cat-hobi-muzik","7":"pa_cilt-ciltsiz","8":"pa_tur-kitap","9":"pa_yayinevi-porte-muzik-egitim-merkezi","10":"pa_yazar-dr-shinichi-suzuki","12":"first","13":"instock","14":"sale","15":"shipping-taxable","16":"purchasable","17":"product-type-simple"},"_links":{"self":[{"href":"https:\/\/roveyayinevi.com.tr\/index.php\/wp-json\/wp\/v2\/product\/708488","targetHints":{"allow":["GET"]}}],"collection":[{"href":"https:\/\/roveyayinevi.com.tr\/index.php\/wp-json\/wp\/v2\/product"}],"about":[{"href":"https:\/\/roveyayinevi.com.tr\/index.php\/wp-json\/wp\/v2\/types\/product"}],"wp:attachment":[{"href":"https:\/\/roveyayinevi.com.tr\/index.php\/wp-json\/wp\/v2\/media?parent=708488"}],"wp:term":[{"taxonomy":"product_brand","embeddable":true,"href":"https:\/\/roveyayinevi.com.tr\/index.php\/wp-json\/wp\/v2\/product_brand?post=708488"},{"taxonomy":"product_cat","embeddable":true,"href":"https:\/\/roveyayinevi.com.tr\/index.php\/wp-json\/wp\/v2\/product_cat?post=708488"},{"taxonomy":"product_tag","embeddable":true,"href":"https:\/\/roveyayinevi.com.tr\/index.php\/wp-json\/wp\/v2\/product_tag?post=708488"}],"curies":[{"name":"wp","href":"https:\/\/api.w.org\/{rel}","templated":true}]}}