{"id":708486,"date":"2025-08-27T16:15:16","date_gmt":"2025-08-27T13:15:16","guid":{"rendered":"https:\/\/roveyayinevi.com.tr\/index.php\/urun\/dusman-okullar-1-ciltli\/"},"modified":"2026-04-13T02:21:38","modified_gmt":"2026-04-12T23:21:38","slug":"dusman-okullar-1-ciltli","status":"publish","type":"product","link":"https:\/\/roveyayinevi.com.tr\/index.php\/urun\/dusman-okullar-1-ciltli\/","title":{"rendered":"D\u00fc\u015fman Okullar -1 (Ciltli)"},"content":{"rendered":"<p>&#8220;\u0130nsan\u0131n, \u00e7\u0131kmaz soka\u011fa girdi\u011fi anda duvar\u0131 y\u0131kacak karde\u015fleri olmal\u0131 yan\u0131nda.&#8221; Bir yapbozun par\u00e7alar\u0131 olan insanlar, daima z\u0131t kutuplarda olduklar\u0131n\u0131 sanarak kendilerini kand\u0131r\u0131rlar. \u0130ki okulun \u00f6\u011frencileri asl\u0131nda \u00e7ok iyi dost olabilecekken, sa\u00e7ma bir \u00f6fke k\u0131v\u0131lc\u0131m\u0131n\u0131 b\u00fcy\u00fck bir yang\u0131na d\u00f6n\u00fc\u015ft\u00fcr\u00fcp, senelerce kendilerini bu yang\u0131nda yanmaya mahk\u00fbm ederler. \u00d6yle ki, birbirlerine kar\u015f\u0131 duyduklar\u0131 kin ve nefret, zamanla &#8216;D\u00fc\u015fman Okullar&#8217; diye an\u0131lmalar\u0131na yol a\u00e7ar. Peki, D\u00fc\u015fman Okullar&#8217;\u0131n \u00f6\u011frencileri bir yerden sonra s\u0131k\u0131l\u0131rsa ve d\u00fc\u015fman olmak istemezse ne olur?  Bu, i\u00e7inde f\u0131rt\u0131nalar kopmas\u0131na ra\u011fmen f\u0131s\u0131ldayamayan insanlar\u0131n hik\u00e2yesi\u2026 Bu, ad\u0131na nefret denilerek ink\u00e2r edilen duygular\u0131n a\u015fka d\u00f6n\u00fc\u015fmesinin hik\u00e2yesi\u2026 Bu, dostlu\u011fun hik\u00e2yesi\u2026 <\/p>\n","protected":false},"excerpt":{"rendered":"<p>&#8220;\u0130nsan\u0131n, \u00e7\u0131kmaz soka\u011fa girdi\u011fi anda duvar\u0131 y\u0131kacak karde\u015fleri olmal\u0131 yan\u0131nda.&#8221; Bir yapbozun par\u00e7alar\u0131 olan insanlar, daima z\u0131t kutuplarda olduklar\u0131n\u0131 sanarak kendilerini kand\u0131r\u0131rlar. \u0130ki okulun \u00f6\u011frencileri asl\u0131nda<span class=\"excerpt-hellip\"> [\u2026]<\/span><\/p>\n","protected":false},"featured_media":0,"template":"","meta":{"_monsterinsights_skip_tracking":false,"_monsterinsights_sitenote_active":false,"_monsterinsights_sitenote_note":"","_monsterinsights_sitenote_category":0},"product_brand":[],"product_cat":[12291,12711],"product_tag":[],"class_list":{"0":"post-708486","1":"product","2":"type-product","3":"status-publish","5":"product_cat-edebiyat","6":"product_cat-roman-oyku","7":"pa_cilt-ciltli","8":"pa_tur-kitap","9":"pa_yayinevi-ephesus-yayinlari","10":"pa_yazar-dilara-keskin","12":"first","13":"instock","14":"sale","15":"shipping-taxable","16":"purchasable","17":"product-type-simple"},"_links":{"self":[{"href":"https:\/\/roveyayinevi.com.tr\/index.php\/wp-json\/wp\/v2\/product\/708486","targetHints":{"allow":["GET"]}}],"collection":[{"href":"https:\/\/roveyayinevi.com.tr\/index.php\/wp-json\/wp\/v2\/product"}],"about":[{"href":"https:\/\/roveyayinevi.com.tr\/index.php\/wp-json\/wp\/v2\/types\/product"}],"wp:attachment":[{"href":"https:\/\/roveyayinevi.com.tr\/index.php\/wp-json\/wp\/v2\/media?parent=708486"}],"wp:term":[{"taxonomy":"product_brand","embeddable":true,"href":"https:\/\/roveyayinevi.com.tr\/index.php\/wp-json\/wp\/v2\/product_brand?post=708486"},{"taxonomy":"product_cat","embeddable":true,"href":"https:\/\/roveyayinevi.com.tr\/index.php\/wp-json\/wp\/v2\/product_cat?post=708486"},{"taxonomy":"product_tag","embeddable":true,"href":"https:\/\/roveyayinevi.com.tr\/index.php\/wp-json\/wp\/v2\/product_tag?post=708486"}],"curies":[{"name":"wp","href":"https:\/\/api.w.org\/{rel}","templated":true}]}}