{"id":708485,"date":"2025-08-27T16:15:16","date_gmt":"2025-08-27T13:15:16","guid":{"rendered":"https:\/\/roveyayinevi.com.tr\/index.php\/urun\/kitlenme\/"},"modified":"2026-04-16T02:16:55","modified_gmt":"2026-04-15T23:16:55","slug":"kitlenme","status":"publish","type":"product","link":"https:\/\/roveyayinevi.com.tr\/index.php\/urun\/kitlenme\/","title":{"rendered":"Kitlenme"},"content":{"rendered":"<p>Ak\u0131l tutulmas\u0131, zihin kontrol, beyin y\u0131kama, bilin\u00e7alt\u0131 i\u015fgal, alg\u0131 operasyonu, kamu diplomasisi ne demektir; bunlarla ula\u015f\u0131lmak istenen ama\u00e7 nedir ve kimler ne i\u00e7in hedef kitle ve toplumlara bu operasyonlar\u0131 sinsice ve s\u00fcrekli  uyguluyorlar? Hangi gizli \u00f6rg\u00fctler insanlar\u0131n beyunlerini niye ve nas\u0131l kontrol alt\u0131na almak istiyorlar ?\u201cBeyinlere ray d\u00f6\u015f\u00fcme\u201d, \u201cbeyin y\u0131kama\u201d veya \u201calg\u0131 y\u00f6netimi\u201d ama\u00e7l\u0131 \u201cbilin\u00e7alt\u0131 mesajlar\u201d, hangi y\u00f6ntemlerle hedef ki\u015fi veya topluma yap\u0131lmaktad\u0131r?\u2022 Asl\u0131nda Alg\u0131 y\u00f6netimi AMA\u00c7;\u2022 Ak\u0131l tutulmas\u0131, zihin kontrol, beyin y\u0131kama, bilin\u00e7alt\u0131 i\u015fgal, alg\u0131 operasyonu, propaganda, psikolojik sava\u015f, \u00f6rt\u00fcl\u00fc operasyon, kamu diplomasi ve enformasyon sava\u015f\u0131 ise ARA\u00c7TIR.\u2022 Alg\u0131 y\u00f6netimi, \u201chedef insan veya toplumu hedef alan\u0131n istedi\u011fi \u015fekilde d\u00fc\u015f\u00fcnmeye ikna etmek i\u00e7in etkilemesidir.\u201d\u2022 G\u00fcn\u00fcm\u00fczde kula\u011f\u0131m\u0131za, g\u00f6z\u00fcm\u00fcze, zihnimize hitap eden her \u015fey alg\u0131lar\u0131m\u0131z\u0131 etkiler ve \u015fekillendirir. Dolay\u0131s\u0131yla alg\u0131 y\u00f6netimi toplum m\u00fchendisli\u011finin temelidir.\u2022 Bu y\u00f6ntemlerin \u00f6z\u00fc; \u201ce\u011fer istedi\u011fim \u015feyi istemeni sa\u011flayabilirsem, o zaman istedi\u011fim \u015feyi yapman i\u00e7in seni zorlamama gerek yok\u201d ifadesinde yer almaktad\u0131r.\u2022 \u0130nsanlar, d\u00fcnyay\u0131 alg\u0131lad\u0131klar\u0131 \u015fekli ile g\u00f6r\u00fcr ve ya\u015farlar.\u2022 Alg\u0131lar\u0131 kontrol eden, y\u00f6nlendiren yap\u0131lar, toplumlar\u0131, uzaktan kumandayla y\u00f6netilen y\u0131\u011f\u0131nlara d\u00f6n\u00fc\u015ft\u00fcrebilir.Dolay\u0131s\u0131yla d\u00fcnya art\u0131k bize g\u00f6sterilen d\u00fcnyad\u0131r.\u2022 D\u00fcnya bildi\u011fimiz, tan\u0131d\u0131\u011f\u0131m\u0131z, hissetti\u011fimiz bir d\u00fcnya de\u011fildir. D\u00fcnyay\u0131, bize g\u00f6sterilen bi\u00e7imde alg\u0131lamam\u0131z, kavramam\u0131z, tan\u0131mlamam\u0131z, ya\u015famam\u0131z \u201cger\u00e7ek\u201d ve \u201cdo\u011fru\u201d olan tek \u00f6l\u00e7\u00fct durumuna gelmi\u015ftir.Dolay\u0131s\u0131yla g\u00fcn\u00fcm\u00fczde, i\u00e7 ve d\u0131\u015f politikada;\u2022 M\u00fccadele alan\u0131, insanlar\u0131n zihinleri, yani alg\u0131lar\u0131,\u2022 Bu m\u00fccadelenin ara\u00e7lar\u0131 da ileti\u015fim ara\u00e7lar\u0131d\u0131r.\u2022 Sen, beynini kullanmazsan, seni beyninden tepe tepe kullan\u0131rlar. <\/p>\n","protected":false},"excerpt":{"rendered":"<p>Ak\u0131l tutulmas\u0131, zihin kontrol, beyin y\u0131kama, bilin\u00e7alt\u0131 i\u015fgal, alg\u0131 operasyonu, kamu diplomasisi ne demektir; bunlarla ula\u015f\u0131lmak istenen ama\u00e7 nedir ve kimler ne i\u00e7in hedef kitle ve<span class=\"excerpt-hellip\"> [\u2026]<\/span><\/p>\n","protected":false},"featured_media":0,"template":"","meta":{"_monsterinsights_skip_tracking":false,"_monsterinsights_sitenote_active":false,"_monsterinsights_sitenote_note":"","_monsterinsights_sitenote_category":0},"product_brand":[],"product_cat":[13590,12337],"product_tag":[],"class_list":{"0":"post-708485","1":"product","2":"type-product","3":"status-publish","5":"product_cat-arastirma-inceleme-politika-siyaset","6":"product_cat-politika-siyaset","7":"pa_cilt-ciltsiz","8":"pa_tur-kitap","9":"pa_yayinevi-nergiz-yayinlari","10":"pa_yazar-sedat-senermen","12":"first","13":"instock","14":"sale","15":"shipping-taxable","16":"purchasable","17":"product-type-simple"},"_links":{"self":[{"href":"https:\/\/roveyayinevi.com.tr\/index.php\/wp-json\/wp\/v2\/product\/708485","targetHints":{"allow":["GET"]}}],"collection":[{"href":"https:\/\/roveyayinevi.com.tr\/index.php\/wp-json\/wp\/v2\/product"}],"about":[{"href":"https:\/\/roveyayinevi.com.tr\/index.php\/wp-json\/wp\/v2\/types\/product"}],"wp:attachment":[{"href":"https:\/\/roveyayinevi.com.tr\/index.php\/wp-json\/wp\/v2\/media?parent=708485"}],"wp:term":[{"taxonomy":"product_brand","embeddable":true,"href":"https:\/\/roveyayinevi.com.tr\/index.php\/wp-json\/wp\/v2\/product_brand?post=708485"},{"taxonomy":"product_cat","embeddable":true,"href":"https:\/\/roveyayinevi.com.tr\/index.php\/wp-json\/wp\/v2\/product_cat?post=708485"},{"taxonomy":"product_tag","embeddable":true,"href":"https:\/\/roveyayinevi.com.tr\/index.php\/wp-json\/wp\/v2\/product_tag?post=708485"}],"curies":[{"name":"wp","href":"https:\/\/api.w.org\/{rel}","templated":true}]}}