{"id":708484,"date":"2025-08-27T16:15:15","date_gmt":"2025-08-27T13:15:15","guid":{"rendered":"https:\/\/roveyayinevi.com.tr\/index.php\/urun\/1923-kurulus-ayarlarina-donmek\/"},"modified":"2026-04-16T02:16:55","modified_gmt":"2026-04-15T23:16:55","slug":"1923-kurulus-ayarlarina-donmek","status":"publish","type":"product","link":"https:\/\/roveyayinevi.com.tr\/index.php\/urun\/1923-kurulus-ayarlarina-donmek\/","title":{"rendered":"1923 Kurulu\u015f Ayarlar\u0131na D\u00f6nmek"},"content":{"rendered":"<p>T\u00dcRK\u0130YE NASIL KURTULDU, NASIL BATIRILDI, YEN\u0130DEN NASIL KURTULUR?Kurucu Akl\u0131 Anlamak ve Kurulu\u015f Ayarlar\u0131na D\u00f6nmek\u201cKurulu\u015f Ayarlar\u0131na D\u00f6nmek\u201d, kurucu tecr\u00fcbeden, Atat\u00fcrk\u2019\u00fcn ba\u011f\u0131ms\u0131zl\u0131k ve uygarl\u0131k sava\u015f\u0131ndan ilham alarak gelece\u011fe d\u00f6nmektir.   T\u00fcrkiye Cumhuriyeti\u2019nde \u201ckurulu\u015f ayarlar\u0131na d\u00f6n\u00fc\u015f\u00fc\u201d zorunlu k\u0131lacak \u015fey, temel kurucu ayarlar\u0131n bozulmas\u0131d\u0131r:1.    E\u011fer \u00fclke yeniden tam ba\u011f\u0131ms\u0131zl\u0131\u011f\u0131n\u0131 kaybetmi\u015fse, 2.    E\u011fer millet, egemenli\u011fini yeniden birilerine kapt\u0131rm\u0131\u015fsa, 3.    E\u011fer akl\u0131n, bilimin ve \u00e7a\u011fda\u015f uygarl\u0131\u011f\u0131n yerini yeniden hurafeler, bo\u015f inan\u00e7lar ve ba\u011fnazl\u0131k alm\u0131\u015fsa, 4.    E\u011fer \u201cYurtta bar\u0131\u015f d\u00fcnyada bar\u0131\u015f\u201d idealinden vazge\u00e7ilmi\u015fse, kurulu\u015f ayarlar\u0131 bozulmu\u015f demektir.   Maalesef Atat\u00fcrk\u2019\u00fcn \u00f6l\u00fcm\u00fcnden sonra bu d\u00f6rt temel kurucu ayar bozulmaya ba\u015flam\u0131\u015f, bozulma 65-70 y\u0131l devam etmi\u015ftir. Son 15 y\u0131lda ise bozulma tamamlanm\u0131\u015ft\u0131r. \u00c7ok daha \u00f6nemlisi, bug\u00fcn kar\u015f\u0131devrim, T\u00fcrkiye Cumhuriyeti\u2019ni bamba\u015fka bir yap\u0131ya d\u00f6n\u00fc\u015ft\u00fcrmek i\u00e7in kendi kurulu\u015f ayarlar\u0131n\u0131 yapmaktad\u0131r.   \u201cYaln\u0131zca ufku g\u00f6rmek yetmez, ufkun \u00f6tesini de g\u00f6rmek gerekir,\u201d diyen Atat\u00fcrk, ufkun \u00f6tesini g\u00f6rerek, gelecekte bir g\u00fcn \u201ckurulu\u015f ayarlar\u0131na d\u00f6nmek\u201d gerekebilece\u011fini d\u00fc\u015f\u00fcnm\u00fc\u015ft\u00fc. Gelecekte T\u00fcrkiye Cumhuriyeti\u2019ni, ne zaman, nas\u0131l ve kimin kurulu\u015f ayarlar\u0131na d\u00f6nd\u00fcrmesi gerekece\u011fini ise, 1927\u2019de s\u00f6yledi\u011fi Nutuk\u2019un sonundaki \u201cGen\u00e7li\u011fe Hitabe\u201dde a\u00e7\u0131k\u00e7a dile getirmi\u015fti. Bu anlamda \u201cGen\u00e7li\u011fe Hitabe\u201d, kurulu\u015f ayarlar\u0131na d\u00f6n\u00fc\u015f \u015fifresidir.    Bug\u00fcn h\u00e2l\u00e2 kurtulu\u015f i\u00e7in, Atat\u00fcrk\u2019\u00fcn, \u201cemperyalizme, s\u00f6m\u00fcr\u00fcye kar\u015f\u0131 tam ba\u011f\u0131ms\u0131zl\u0131k; ba\u011fnazl\u0131\u011fa, geri kalm\u0131\u015fl\u0131\u011fa kar\u015f\u0131 ak\u0131lla, bilimle uygarl\u0131k; sava\u015fa kar\u015f\u0131 yurtta bar\u0131\u015f, d\u00fcnyada bar\u0131\u015f\u201d form\u00fcl\u00fcnden daha ger\u00e7ek\u00e7i bir \u00e7\u00f6z\u00fcm yoktur.  \u201cG\u00f6revim bitmemi\u015ftir, bitmeyecektir. Ben toprak olduktan sonra da devam edecektir.\u201d <\/p>\n","protected":false},"excerpt":{"rendered":"<p>T\u00dcRK\u0130YE NASIL KURTULDU, NASIL BATIRILDI, YEN\u0130DEN NASIL KURTULUR?Kurucu Akl\u0131 Anlamak ve Kurulu\u015f Ayarlar\u0131na D\u00f6nmek\u201cKurulu\u015f Ayarlar\u0131na D\u00f6nmek\u201d, kurucu tecr\u00fcbeden, Atat\u00fcrk\u2019\u00fcn ba\u011f\u0131ms\u0131zl\u0131k ve uygarl\u0131k sava\u015f\u0131ndan ilham alarak gelece\u011fe<span class=\"excerpt-hellip\"> [\u2026]<\/span><\/p>\n","protected":false},"featured_media":0,"template":"","meta":{"_monsterinsights_skip_tracking":false,"_monsterinsights_sitenote_active":false,"_monsterinsights_sitenote_note":"","_monsterinsights_sitenote_category":0},"product_brand":[],"product_cat":[12304,13493],"product_tag":[],"class_list":{"0":"post-708484","1":"product","2":"type-product","3":"status-publish","5":"product_cat-tarih","6":"product_cat-turkiye-ve-cumhuriyet-tarihi","7":"pa_cilt-ciltsiz","8":"pa_tur-kitap","9":"pa_yayinevi-inkilap-kitabevi","10":"pa_yazar-sinan-meydan","12":"first","13":"instock","14":"sale","15":"shipping-taxable","16":"purchasable","17":"product-type-simple"},"_links":{"self":[{"href":"https:\/\/roveyayinevi.com.tr\/index.php\/wp-json\/wp\/v2\/product\/708484","targetHints":{"allow":["GET"]}}],"collection":[{"href":"https:\/\/roveyayinevi.com.tr\/index.php\/wp-json\/wp\/v2\/product"}],"about":[{"href":"https:\/\/roveyayinevi.com.tr\/index.php\/wp-json\/wp\/v2\/types\/product"}],"wp:attachment":[{"href":"https:\/\/roveyayinevi.com.tr\/index.php\/wp-json\/wp\/v2\/media?parent=708484"}],"wp:term":[{"taxonomy":"product_brand","embeddable":true,"href":"https:\/\/roveyayinevi.com.tr\/index.php\/wp-json\/wp\/v2\/product_brand?post=708484"},{"taxonomy":"product_cat","embeddable":true,"href":"https:\/\/roveyayinevi.com.tr\/index.php\/wp-json\/wp\/v2\/product_cat?post=708484"},{"taxonomy":"product_tag","embeddable":true,"href":"https:\/\/roveyayinevi.com.tr\/index.php\/wp-json\/wp\/v2\/product_tag?post=708484"}],"curies":[{"name":"wp","href":"https:\/\/api.w.org\/{rel}","templated":true}]}}